{"id":19595,"date":"2024-12-03T17:38:37","date_gmt":"2024-12-03T20:38:37","guid":{"rendered":"https:\/\/www.personare.com.br\/servicos\/?post_type=product&#038;p=19595"},"modified":"2024-12-03T18:02:18","modified_gmt":"2024-12-03T21:02:18","slug":"energia-do-amor-sos-energetico-para-casais","status":"publish","type":"product","link":"https:\/\/www.personare.com.br\/servicos\/produto\/energia-do-amor-sos-energetico-para-casais\/","title":{"rendered":"SOS Energ\u00e9tico para casais &#8211; Harmonizando a sua rela\u00e7\u00e3o"},"content":{"rendered":"<p>Este servi\u00e7o \u00e9 perfeito para casais que desejam:<\/p>\n<p>Resgatar a conex\u00e3o e cumplicidade entre o casal.<\/p>\n<p>Eliminar bloqueios e traumas passados que ainda impactam a rela\u00e7\u00e3o.<\/p>\n<p>Enfrentar juntos momentos dif\u00edceis com mais for\u00e7a e uni\u00e3o.<\/p>\n<p>Renovar as energias para um relacionamento mais leve e saud\u00e1vel.<\/p>\n<p>Criar uma base s\u00f3lida para construir o futuro juntos.<\/p>\n<p>Proteger a rela\u00e7\u00e3o de influ\u00eancias externas e ataques espirituais.<\/p>\n<p>Criar um ambiente de mais harmonia e sintonia, para um futuro mais alinhado e cheio de amor.<\/p>\n","protected":false},"excerpt":{"rendered":"<p>A terapeuta Aline Lang desenvolveu uma limpeza energ\u00e9tica e espiritual profunda para casais, que ajuda a resgatar a conex\u00e3o e alinhar as energias do relacionamento.<br \/>\nSe voc\u00ea sente que seu relacionamento est\u00e1:<\/p>\n<p>\u2705 Enfrentando desentendimentos frequentes, mesmo em quest\u00f5es simples.<\/p>\n<p>\u2705 Com um distanciamento emocional ou f\u00edsico percept\u00edvel.<\/p>\n<p>\u2705 Carregando traumas de situa\u00e7\u00f5es dif\u00edceis, como perdas ou crises.<\/p>\n<p>\u2705 Perdendo a vis\u00e3o de futuro ou sentido de prop\u00f3sito juntos.<\/p>\n<p>\u2705 Precisando de ajustes para se alinhar ap\u00f3s anos de conviv\u00eancia.<\/p>\n<p>A Limpeza Energ\u00e9tica para Casais pode ajudar a:<\/p>\n<p>\u2728 Remover bloqueios energ\u00e9ticos que dificultam a conex\u00e3o.<\/p>\n<p>\u2728 Trazer clareza e entendimento m\u00fatuo.<\/p>\n<p>\u2728 Fortalecer os la\u00e7os e a cumplicidade.<\/p>\n<p>\u2728 Abrir caminhos para um futuro mais alinhado e cheio de prop\u00f3sito.<\/p>\n<p>Reconecte-se com seu parceiro(a) e liberte sua rela\u00e7\u00e3o de bloqueios e influ\u00eancias externas.<\/p>\n<p>Com o tempo, todo relacionamento enfrenta desafios. Desentendimentos aparentemente simples podem se acumular, traumas compartilhados podem criar barreiras emocionais e espirituais, e a rotina pode desgastar a conex\u00e3o entre o casal. Este servi\u00e7o \u00e9 projetado para harmonizar as energias entre voc\u00ea e seu parceiro(a), remover bloqueios que impedem o crescimento conjunto e trazer de volta a leveza e a conex\u00e3o profunda.<\/p>\n<p>A limpeza energ\u00e9tica \u00e9 realizada de forma ass\u00edncrona, ou seja, n\u00e3o \u00e9 necess\u00e1rio estar online durante o processo. Ap\u00f3s a sess\u00e3o, um \u00e1udio com orienta\u00e7\u00f5es personalizadas \u00e9 enviado para complementar o trabalho energ\u00e9tico realizado.<\/p>\n","protected":false},"featured_media":19594,"comment_status":"open","ping_status":"closed","template":"","meta":{"_acf_changed":false,"footnotes":""},"product_brand":[],"product_cat":[52],"product_tag":[],"areas-da-vida":[162],"estudos-e-terapias":[139,141,154,158],"dores-e-objetivos":[206,87,88,224,98,99,103],"acf":[],"yoast_head":"<!-- This site is optimized with the Yoast SEO plugin v19.6.1 - https:\/\/yoast.com\/wordpress\/plugins\/seo\/ -->\n<title>SOS Energ\u00e9tico para casais - Harmonizando a sua rela\u00e7\u00e3o - Personare Servi\u00e7os<\/title>\n<meta name=\"robots\" content=\"index, follow, max-snippet:-1, max-image-preview:large, max-video-preview:-1\" \/>\n<link rel=\"canonical\" href=\"https:\/\/www.personare.com.br\/servicos\/produto\/energia-do-amor-sos-energetico-para-casais\/\" \/>\n<meta property=\"og:locale\" content=\"pt_BR\" \/>\n<meta property=\"og:type\" content=\"article\" \/>\n<meta property=\"og:title\" content=\"SOS Energ\u00e9tico para casais - Harmonizando a sua rela\u00e7\u00e3o - Personare Servi\u00e7os\" \/>\n<meta property=\"og:description\" content=\"A terapeuta Aline Lang desenvolveu uma limpeza energ\u00e9tica e espiritual profunda para casais, que ajuda a resgatar a conex\u00e3o e alinhar as energias do relacionamento. Se voc\u00ea sente que seu relacionamento est\u00e1:  \u2705 Enfrentando desentendimentos frequentes, mesmo em quest\u00f5es simples.  \u2705 Com um distanciamento emocional ou f\u00edsico percept\u00edvel.  \u2705 Carregando traumas de situa\u00e7\u00f5es dif\u00edceis, como perdas ou crises.  \u2705 Perdendo a vis\u00e3o de futuro ou sentido de prop\u00f3sito juntos.  \u2705 Precisando de ajustes para se alinhar ap\u00f3s anos de conviv\u00eancia.  A Limpeza Energ\u00e9tica para Casais pode ajudar a:  \u2728 Remover bloqueios energ\u00e9ticos que dificultam a conex\u00e3o.  \u2728 Trazer clareza e entendimento m\u00fatuo.  \u2728 Fortalecer os la\u00e7os e a cumplicidade.  \u2728 Abrir caminhos para um futuro mais alinhado e cheio de prop\u00f3sito.  Reconecte-se com seu parceiro(a) e liberte sua rela\u00e7\u00e3o de bloqueios e influ\u00eancias externas.  Com o tempo, todo relacionamento enfrenta desafios. Desentendimentos aparentemente simples podem se acumular, traumas compartilhados podem criar barreiras emocionais e espirituais, e a rotina pode desgastar a conex\u00e3o entre o casal. Este servi\u00e7o \u00e9 projetado para harmonizar as energias entre voc\u00ea e seu parceiro(a), remover bloqueios que impedem o crescimento conjunto e trazer de volta a leveza e a conex\u00e3o profunda.  A limpeza energ\u00e9tica \u00e9 realizada de forma ass\u00edncrona, ou seja, n\u00e3o \u00e9 necess\u00e1rio estar online durante o processo. Ap\u00f3s a sess\u00e3o, um \u00e1udio com orienta\u00e7\u00f5es personalizadas \u00e9 enviado para complementar o trabalho energ\u00e9tico realizado.\" \/>\n<meta property=\"og:url\" content=\"https:\/\/www.personare.com.br\/servicos\/produto\/energia-do-amor-sos-energetico-para-casais\/\" \/>\n<meta property=\"og:site_name\" content=\"Personare Servi\u00e7os\" \/>\n<meta property=\"article:modified_time\" content=\"2024-12-03T21:02:18+00:00\" \/>\n<meta property=\"og:image\" content=\"https:\/\/d2t4cfkrxg4dhd.cloudfront.net\/app\/uploads\/2022\/10\/SOS-de-casal-scaled.jpg\" \/>\n\t<meta property=\"og:image:width\" content=\"1920\" \/>\n\t<meta property=\"og:image:height\" content=\"2560\" \/>\n\t<meta property=\"og:image:type\" content=\"image\/jpeg\" \/>\n<meta name=\"twitter:card\" content=\"summary_large_image\" \/>\n<script type=\"application\/ld+json\" class=\"yoast-schema-graph\">{\"@context\":\"https:\/\/schema.org\",\"@graph\":[{\"@type\":\"WebPage\",\"@id\":\"https:\/\/www.personare.com.br\/servicos\/produto\/energia-do-amor-sos-energetico-para-casais\/\",\"url\":\"https:\/\/www.personare.com.br\/servicos\/produto\/energia-do-amor-sos-energetico-para-casais\/\",\"name\":\"SOS Energ\u00e9tico para casais - Harmonizando a sua rela\u00e7\u00e3o - Personare Servi\u00e7os\",\"isPartOf\":{\"@id\":\"https:\/\/www.personare.com.br\/servicos\/#website\"},\"datePublished\":\"2024-12-03T20:38:37+00:00\",\"dateModified\":\"2024-12-03T21:02:18+00:00\",\"breadcrumb\":{\"@id\":\"https:\/\/www.personare.com.br\/servicos\/produto\/energia-do-amor-sos-energetico-para-casais\/#breadcrumb\"},\"inLanguage\":\"pt-BR\",\"potentialAction\":[{\"@type\":\"ReadAction\",\"target\":[\"https:\/\/www.personare.com.br\/servicos\/produto\/energia-do-amor-sos-energetico-para-casais\/\"]}]},{\"@type\":\"BreadcrumbList\",\"@id\":\"https:\/\/www.personare.com.br\/servicos\/produto\/energia-do-amor-sos-energetico-para-casais\/#breadcrumb\",\"itemListElement\":[{\"@type\":\"ListItem\",\"position\":1,\"name\":\"In\u00edcio\",\"item\":\"https:\/\/www.personare.com.br\/servicos\/\"},{\"@type\":\"ListItem\",\"position\":2,\"name\":\"Loja\",\"item\":\"https:\/\/www.personare.com.br\/servicos\/busca\/\"},{\"@type\":\"ListItem\",\"position\":3,\"name\":\"SOS Energ\u00e9tico para casais &#8211; Harmonizando a sua rela\u00e7\u00e3o\"}]},{\"@type\":\"WebSite\",\"@id\":\"https:\/\/www.personare.com.br\/servicos\/#website\",\"url\":\"https:\/\/www.personare.com.br\/servicos\/\",\"name\":\"Personare Servi\u00e7os\",\"description\":\"Agende Consultas e Terapias Online no Personare\",\"publisher\":{\"@id\":\"https:\/\/www.personare.com.br\/servicos\/#organization\"},\"potentialAction\":[{\"@type\":\"SearchAction\",\"target\":{\"@type\":\"EntryPoint\",\"urlTemplate\":\"https:\/\/www.personare.com.br\/servicos\/?s={search_term_string}\"},\"query-input\":\"required name=search_term_string\"}],\"inLanguage\":\"pt-BR\"},{\"@type\":\"Organization\",\"@id\":\"https:\/\/www.personare.com.br\/servicos\/#organization\",\"name\":\"Personare\",\"url\":\"https:\/\/www.personare.com.br\/servicos\/\",\"sameAs\":[],\"logo\":{\"@type\":\"ImageObject\",\"inLanguage\":\"pt-BR\",\"@id\":\"https:\/\/www.personare.com.br\/servicos\/#\/schema\/logo\/image\/\",\"url\":\"https:\/\/d2t4cfkrxg4dhd.cloudfront.net\/app\/uploads\/2021\/04\/70295ca5d3b1be44570b5e6d0854fa942edb2ab6.png\",\"contentUrl\":\"https:\/\/d2t4cfkrxg4dhd.cloudfront.net\/app\/uploads\/2021\/04\/70295ca5d3b1be44570b5e6d0854fa942edb2ab6.png\",\"width\":650,\"height\":554,\"caption\":\"Personare\"},\"image\":{\"@id\":\"https:\/\/www.personare.com.br\/servicos\/#\/schema\/logo\/image\/\"}}]}<\/script>\n<!-- \/ Yoast SEO plugin. -->","yoast_head_json":{"title":"SOS Energ\u00e9tico para casais - Harmonizando a sua rela\u00e7\u00e3o - Personare Servi\u00e7os","robots":{"index":"index","follow":"follow","max-snippet":"max-snippet:-1","max-image-preview":"max-image-preview:large","max-video-preview":"max-video-preview:-1"},"canonical":"https:\/\/www.personare.com.br\/servicos\/produto\/energia-do-amor-sos-energetico-para-casais\/","og_locale":"pt_BR","og_type":"article","og_title":"SOS Energ\u00e9tico para casais - Harmonizando a sua rela\u00e7\u00e3o - Personare Servi\u00e7os","og_description":"A terapeuta Aline Lang desenvolveu uma limpeza energ\u00e9tica e espiritual profunda para casais, que ajuda a resgatar a conex\u00e3o e alinhar as energias do relacionamento. Se voc\u00ea sente que seu relacionamento est\u00e1:  \u2705 Enfrentando desentendimentos frequentes, mesmo em quest\u00f5es simples.  \u2705 Com um distanciamento emocional ou f\u00edsico percept\u00edvel.  \u2705 Carregando traumas de situa\u00e7\u00f5es dif\u00edceis, como perdas ou crises.  \u2705 Perdendo a vis\u00e3o de futuro ou sentido de prop\u00f3sito juntos.  \u2705 Precisando de ajustes para se alinhar ap\u00f3s anos de conviv\u00eancia.  A Limpeza Energ\u00e9tica para Casais pode ajudar a:  \u2728 Remover bloqueios energ\u00e9ticos que dificultam a conex\u00e3o.  \u2728 Trazer clareza e entendimento m\u00fatuo.  \u2728 Fortalecer os la\u00e7os e a cumplicidade.  \u2728 Abrir caminhos para um futuro mais alinhado e cheio de prop\u00f3sito.  Reconecte-se com seu parceiro(a) e liberte sua rela\u00e7\u00e3o de bloqueios e influ\u00eancias externas.  Com o tempo, todo relacionamento enfrenta desafios. Desentendimentos aparentemente simples podem se acumular, traumas compartilhados podem criar barreiras emocionais e espirituais, e a rotina pode desgastar a conex\u00e3o entre o casal. Este servi\u00e7o \u00e9 projetado para harmonizar as energias entre voc\u00ea e seu parceiro(a), remover bloqueios que impedem o crescimento conjunto e trazer de volta a leveza e a conex\u00e3o profunda.  A limpeza energ\u00e9tica \u00e9 realizada de forma ass\u00edncrona, ou seja, n\u00e3o \u00e9 necess\u00e1rio estar online durante o processo. Ap\u00f3s a sess\u00e3o, um \u00e1udio com orienta\u00e7\u00f5es personalizadas \u00e9 enviado para complementar o trabalho energ\u00e9tico realizado.","og_url":"https:\/\/www.personare.com.br\/servicos\/produto\/energia-do-amor-sos-energetico-para-casais\/","og_site_name":"Personare Servi\u00e7os","article_modified_time":"2024-12-03T21:02:18+00:00","og_image":[{"width":1920,"height":2560,"url":"https:\/\/d2t4cfkrxg4dhd.cloudfront.net\/app\/uploads\/2022\/10\/SOS-de-casal-scaled.jpg","type":"image\/jpeg"}],"twitter_card":"summary_large_image","schema":{"@context":"https:\/\/schema.org","@graph":[{"@type":"WebPage","@id":"https:\/\/www.personare.com.br\/servicos\/produto\/energia-do-amor-sos-energetico-para-casais\/","url":"https:\/\/www.personare.com.br\/servicos\/produto\/energia-do-amor-sos-energetico-para-casais\/","name":"SOS Energ\u00e9tico para casais - Harmonizando a sua rela\u00e7\u00e3o - Personare Servi\u00e7os","isPartOf":{"@id":"https:\/\/www.personare.com.br\/servicos\/#website"},"datePublished":"2024-12-03T20:38:37+00:00","dateModified":"2024-12-03T21:02:18+00:00","breadcrumb":{"@id":"https:\/\/www.personare.com.br\/servicos\/produto\/energia-do-amor-sos-energetico-para-casais\/#breadcrumb"},"inLanguage":"pt-BR","potentialAction":[{"@type":"ReadAction","target":["https:\/\/www.personare.com.br\/servicos\/produto\/energia-do-amor-sos-energetico-para-casais\/"]}]},{"@type":"BreadcrumbList","@id":"https:\/\/www.personare.com.br\/servicos\/produto\/energia-do-amor-sos-energetico-para-casais\/#breadcrumb","itemListElement":[{"@type":"ListItem","position":1,"name":"In\u00edcio","item":"https:\/\/www.personare.com.br\/servicos\/"},{"@type":"ListItem","position":2,"name":"Loja","item":"https:\/\/www.personare.com.br\/servicos\/busca\/"},{"@type":"ListItem","position":3,"name":"SOS Energ\u00e9tico para casais &#8211; Harmonizando a sua rela\u00e7\u00e3o"}]},{"@type":"WebSite","@id":"https:\/\/www.personare.com.br\/servicos\/#website","url":"https:\/\/www.personare.com.br\/servicos\/","name":"Personare Servi\u00e7os","description":"Agende Consultas e Terapias Online no Personare","publisher":{"@id":"https:\/\/www.personare.com.br\/servicos\/#organization"},"potentialAction":[{"@type":"SearchAction","target":{"@type":"EntryPoint","urlTemplate":"https:\/\/www.personare.com.br\/servicos\/?s={search_term_string}"},"query-input":"required name=search_term_string"}],"inLanguage":"pt-BR"},{"@type":"Organization","@id":"https:\/\/www.personare.com.br\/servicos\/#organization","name":"Personare","url":"https:\/\/www.personare.com.br\/servicos\/","sameAs":[],"logo":{"@type":"ImageObject","inLanguage":"pt-BR","@id":"https:\/\/www.personare.com.br\/servicos\/#\/schema\/logo\/image\/","url":"https:\/\/d2t4cfkrxg4dhd.cloudfront.net\/app\/uploads\/2021\/04\/70295ca5d3b1be44570b5e6d0854fa942edb2ab6.png","contentUrl":"https:\/\/d2t4cfkrxg4dhd.cloudfront.net\/app\/uploads\/2021\/04\/70295ca5d3b1be44570b5e6d0854fa942edb2ab6.png","width":650,"height":554,"caption":"Personare"},"image":{"@id":"https:\/\/www.personare.com.br\/servicos\/#\/schema\/logo\/image\/"}}]}},"_links":{"self":[{"href":"https:\/\/www.personare.com.br\/servicos\/wp-json\/wp\/v2\/product\/19595"}],"collection":[{"href":"https:\/\/www.personare.com.br\/servicos\/wp-json\/wp\/v2\/product"}],"about":[{"href":"https:\/\/www.personare.com.br\/servicos\/wp-json\/wp\/v2\/types\/product"}],"replies":[{"embeddable":true,"href":"https:\/\/www.personare.com.br\/servicos\/wp-json\/wp\/v2\/comments?post=19595"}],"version-history":[{"count":7,"href":"https:\/\/www.personare.com.br\/servicos\/wp-json\/wp\/v2\/product\/19595\/revisions"}],"predecessor-version":[{"id":19803,"href":"https:\/\/www.personare.com.br\/servicos\/wp-json\/wp\/v2\/product\/19595\/revisions\/19803"}],"wp:featuredmedia":[{"embeddable":true,"href":"https:\/\/www.personare.com.br\/servicos\/wp-json\/wp\/v2\/media\/19594"}],"wp:attachment":[{"href":"https:\/\/www.personare.com.br\/servicos\/wp-json\/wp\/v2\/media?parent=19595"}],"wp:term":[{"taxonomy":"product_brand","embeddable":true,"href":"https:\/\/www.personare.com.br\/servicos\/wp-json\/wp\/v2\/product_brand?post=19595"},{"taxonomy":"product_cat","embeddable":true,"href":"https:\/\/www.personare.com.br\/servicos\/wp-json\/wp\/v2\/product_cat?post=19595"},{"taxonomy":"product_tag","embeddable":true,"href":"https:\/\/www.personare.com.br\/servicos\/wp-json\/wp\/v2\/product_tag?post=19595"},{"taxonomy":"areas-da-vida","embeddable":true,"href":"https:\/\/www.personare.com.br\/servicos\/wp-json\/wp\/v2\/areas-da-vida?post=19595"},{"taxonomy":"estudos-e-terapias","embeddable":true,"href":"https:\/\/www.personare.com.br\/servicos\/wp-json\/wp\/v2\/estudos-e-terapias?post=19595"},{"taxonomy":"dores-e-objetivos","embeddable":true,"href":"https:\/\/www.personare.com.br\/servicos\/wp-json\/wp\/v2\/dores-e-objetivos?post=19595"}],"curies":[{"name":"wp","href":"https:\/\/api.w.org\/{rel}","templated":true}]}}