{"id":19472,"date":"2024-11-05T16:07:02","date_gmt":"2024-11-05T19:07:02","guid":{"rendered":"https:\/\/www.personare.com.br\/servicos\/?post_type=product&#038;p=19472"},"modified":"2026-01-15T17:59:27","modified_gmt":"2026-01-15T20:59:27","slug":"avaliacao-inicial-terapia-integrativa-para-criancas","status":"publish","type":"product","link":"https:\/\/www.personare.com.br\/servicos\/produto\/avaliacao-inicial-terapia-integrativa-para-criancas\/","title":{"rendered":"Avalia\u00e7\u00e3o inicial &#8211; Terapia Integrativa para Crian\u00e7as"},"content":{"rendered":"<ul>\n<li>Pais e cuidadores que desejam aprender ferramentas pr\u00e1ticas para lidar com os desafios do comportamento infantil, promovendo uma rela\u00e7\u00e3o mais harmoniosa e compreensiva<\/li>\n<li>Respons\u00e1veis que valorizam o desenvolvimento integral e est\u00e3o abertos a explorar t\u00e9cnicas como Florais, Gin\u00e1stica Cerebral e educa\u00e7\u00e3o emocional para apoiar o crescimento da crian\u00e7a<\/li>\n<li>Crian\u00e7as que apresentam dificuldades em situa\u00e7\u00f5es que exigem concentra\u00e7\u00e3o, express\u00e3o de sentimentos ou socializa\u00e7\u00e3o<\/li>\n<\/ul>\n","protected":false},"excerpt":{"rendered":"<p>Quer ajudar sua crian\u00e7a a desenvolver suas potencialidades e fortalecer a conex\u00e3o familiar? A\u00a0 Terapia Integrativa \u00e9 ideal para apoiar o crescimento emocional e comportamental da crian\u00e7a, al\u00e9m de oferecer orienta\u00e7\u00e3o aos respons\u00e1veis e cuidadores para lidar com os desafios do dia a dia.<\/p>\n<p>Nesta sess\u00e3o inicial, os cuidadores\u00a0 t\u00eam um ambiente seguro para conversar sobre as principais preocupa\u00e7\u00f5es e objetivos que t\u00eam para o desenvolvimento da crian\u00e7a. Durante o encontro, \u00e9 feito um mapeamento detalhado das necessidades e dos desafios enfrentados, a partir do perfil e dos temperamentos familiares. Essa compreens\u00e3o inicial \u00e9 essencial para planejar um acompanhamento terap\u00eautico personalizado.<\/p>\n","protected":false},"featured_media":19431,"comment_status":"open","ping_status":"closed","template":"","meta":{"_acf_changed":false,"footnotes":""},"product_brand":[],"product_cat":[52],"product_tag":[],"areas-da-vida":[169],"estudos-e-terapias":[131,137,149],"dores-e-objetivos":[87,90,103],"acf":[],"yoast_head":"<!-- This site is optimized with the Yoast SEO plugin v19.6.1 - https:\/\/yoast.com\/wordpress\/plugins\/seo\/ -->\n<title>Avalia\u00e7\u00e3o inicial - Terapia Integrativa para Crian\u00e7as - Personare Servi\u00e7os<\/title>\n<meta name=\"robots\" content=\"index, follow, max-snippet:-1, max-image-preview:large, max-video-preview:-1\" \/>\n<link rel=\"canonical\" href=\"https:\/\/www.personare.com.br\/servicos\/produto\/avaliacao-inicial-terapia-integrativa-para-criancas\/\" \/>\n<meta property=\"og:locale\" content=\"pt_BR\" \/>\n<meta property=\"og:type\" content=\"article\" \/>\n<meta property=\"og:title\" content=\"Avalia\u00e7\u00e3o inicial - Terapia Integrativa para Crian\u00e7as - Personare Servi\u00e7os\" \/>\n<meta property=\"og:description\" content=\"Quer ajudar sua crian\u00e7a a desenvolver suas potencialidades e fortalecer a conex\u00e3o familiar? A\u00a0 Terapia Integrativa \u00e9 ideal para apoiar o crescimento emocional e comportamental da crian\u00e7a, al\u00e9m de oferecer orienta\u00e7\u00e3o aos respons\u00e1veis e cuidadores para lidar com os desafios do dia a dia.Nesta sess\u00e3o inicial, os cuidadores\u00a0 t\u00eam um ambiente seguro para conversar sobre as principais preocupa\u00e7\u00f5es e objetivos que t\u00eam para o desenvolvimento da crian\u00e7a. Durante o encontro, \u00e9 feito um mapeamento detalhado das necessidades e dos desafios enfrentados, a partir do perfil e dos temperamentos familiares. Essa compreens\u00e3o inicial \u00e9 essencial para planejar um acompanhamento terap\u00eautico personalizado.\" \/>\n<meta property=\"og:url\" content=\"https:\/\/www.personare.com.br\/servicos\/produto\/avaliacao-inicial-terapia-integrativa-para-criancas\/\" \/>\n<meta property=\"og:site_name\" content=\"Personare Servi\u00e7os\" \/>\n<meta property=\"article:modified_time\" content=\"2026-01-15T20:59:27+00:00\" \/>\n<meta property=\"og:image\" content=\"https:\/\/d2t4cfkrxg4dhd.cloudfront.net\/app\/uploads\/2021\/06\/Andrea-Leandro-2023.jpg\" \/>\n\t<meta property=\"og:image:width\" content=\"960\" \/>\n\t<meta property=\"og:image:height\" content=\"960\" \/>\n\t<meta property=\"og:image:type\" content=\"image\/jpeg\" \/>\n<meta name=\"twitter:card\" content=\"summary_large_image\" \/>\n<script type=\"application\/ld+json\" class=\"yoast-schema-graph\">{\"@context\":\"https:\/\/schema.org\",\"@graph\":[{\"@type\":\"WebPage\",\"@id\":\"https:\/\/www.personare.com.br\/servicos\/produto\/avaliacao-inicial-terapia-integrativa-para-criancas\/\",\"url\":\"https:\/\/www.personare.com.br\/servicos\/produto\/avaliacao-inicial-terapia-integrativa-para-criancas\/\",\"name\":\"Avalia\u00e7\u00e3o inicial - Terapia Integrativa para Crian\u00e7as - Personare Servi\u00e7os\",\"isPartOf\":{\"@id\":\"https:\/\/www.personare.com.br\/servicos\/#website\"},\"datePublished\":\"2024-11-05T19:07:02+00:00\",\"dateModified\":\"2026-01-15T20:59:27+00:00\",\"breadcrumb\":{\"@id\":\"https:\/\/www.personare.com.br\/servicos\/produto\/avaliacao-inicial-terapia-integrativa-para-criancas\/#breadcrumb\"},\"inLanguage\":\"pt-BR\",\"potentialAction\":[{\"@type\":\"ReadAction\",\"target\":[\"https:\/\/www.personare.com.br\/servicos\/produto\/avaliacao-inicial-terapia-integrativa-para-criancas\/\"]}]},{\"@type\":\"BreadcrumbList\",\"@id\":\"https:\/\/www.personare.com.br\/servicos\/produto\/avaliacao-inicial-terapia-integrativa-para-criancas\/#breadcrumb\",\"itemListElement\":[{\"@type\":\"ListItem\",\"position\":1,\"name\":\"In\u00edcio\",\"item\":\"https:\/\/www.personare.com.br\/servicos\/\"},{\"@type\":\"ListItem\",\"position\":2,\"name\":\"Loja\",\"item\":\"https:\/\/www.personare.com.br\/servicos\/busca\/\"},{\"@type\":\"ListItem\",\"position\":3,\"name\":\"Avalia\u00e7\u00e3o inicial &#8211; Terapia Integrativa para Crian\u00e7as\"}]},{\"@type\":\"WebSite\",\"@id\":\"https:\/\/www.personare.com.br\/servicos\/#website\",\"url\":\"https:\/\/www.personare.com.br\/servicos\/\",\"name\":\"Personare Servi\u00e7os\",\"description\":\"Agende Consultas e Terapias Online no Personare\",\"publisher\":{\"@id\":\"https:\/\/www.personare.com.br\/servicos\/#organization\"},\"potentialAction\":[{\"@type\":\"SearchAction\",\"target\":{\"@type\":\"EntryPoint\",\"urlTemplate\":\"https:\/\/www.personare.com.br\/servicos\/?s={search_term_string}\"},\"query-input\":\"required name=search_term_string\"}],\"inLanguage\":\"pt-BR\"},{\"@type\":\"Organization\",\"@id\":\"https:\/\/www.personare.com.br\/servicos\/#organization\",\"name\":\"Personare\",\"url\":\"https:\/\/www.personare.com.br\/servicos\/\",\"sameAs\":[],\"logo\":{\"@type\":\"ImageObject\",\"inLanguage\":\"pt-BR\",\"@id\":\"https:\/\/www.personare.com.br\/servicos\/#\/schema\/logo\/image\/\",\"url\":\"https:\/\/d2t4cfkrxg4dhd.cloudfront.net\/app\/uploads\/2021\/04\/70295ca5d3b1be44570b5e6d0854fa942edb2ab6.png\",\"contentUrl\":\"https:\/\/d2t4cfkrxg4dhd.cloudfront.net\/app\/uploads\/2021\/04\/70295ca5d3b1be44570b5e6d0854fa942edb2ab6.png\",\"width\":650,\"height\":554,\"caption\":\"Personare\"},\"image\":{\"@id\":\"https:\/\/www.personare.com.br\/servicos\/#\/schema\/logo\/image\/\"}}]}<\/script>\n<!-- \/ Yoast SEO plugin. -->","yoast_head_json":{"title":"Avalia\u00e7\u00e3o inicial - Terapia Integrativa para Crian\u00e7as - Personare Servi\u00e7os","robots":{"index":"index","follow":"follow","max-snippet":"max-snippet:-1","max-image-preview":"max-image-preview:large","max-video-preview":"max-video-preview:-1"},"canonical":"https:\/\/www.personare.com.br\/servicos\/produto\/avaliacao-inicial-terapia-integrativa-para-criancas\/","og_locale":"pt_BR","og_type":"article","og_title":"Avalia\u00e7\u00e3o inicial - Terapia Integrativa para Crian\u00e7as - Personare Servi\u00e7os","og_description":"Quer ajudar sua crian\u00e7a a desenvolver suas potencialidades e fortalecer a conex\u00e3o familiar? A\u00a0 Terapia Integrativa \u00e9 ideal para apoiar o crescimento emocional e comportamental da crian\u00e7a, al\u00e9m de oferecer orienta\u00e7\u00e3o aos respons\u00e1veis e cuidadores para lidar com os desafios do dia a dia.Nesta sess\u00e3o inicial, os cuidadores\u00a0 t\u00eam um ambiente seguro para conversar sobre as principais preocupa\u00e7\u00f5es e objetivos que t\u00eam para o desenvolvimento da crian\u00e7a. Durante o encontro, \u00e9 feito um mapeamento detalhado das necessidades e dos desafios enfrentados, a partir do perfil e dos temperamentos familiares. Essa compreens\u00e3o inicial \u00e9 essencial para planejar um acompanhamento terap\u00eautico personalizado.","og_url":"https:\/\/www.personare.com.br\/servicos\/produto\/avaliacao-inicial-terapia-integrativa-para-criancas\/","og_site_name":"Personare Servi\u00e7os","article_modified_time":"2026-01-15T20:59:27+00:00","og_image":[{"width":960,"height":960,"url":"https:\/\/d2t4cfkrxg4dhd.cloudfront.net\/app\/uploads\/2021\/06\/Andrea-Leandro-2023.jpg","type":"image\/jpeg"}],"twitter_card":"summary_large_image","schema":{"@context":"https:\/\/schema.org","@graph":[{"@type":"WebPage","@id":"https:\/\/www.personare.com.br\/servicos\/produto\/avaliacao-inicial-terapia-integrativa-para-criancas\/","url":"https:\/\/www.personare.com.br\/servicos\/produto\/avaliacao-inicial-terapia-integrativa-para-criancas\/","name":"Avalia\u00e7\u00e3o inicial - Terapia Integrativa para Crian\u00e7as - Personare Servi\u00e7os","isPartOf":{"@id":"https:\/\/www.personare.com.br\/servicos\/#website"},"datePublished":"2024-11-05T19:07:02+00:00","dateModified":"2026-01-15T20:59:27+00:00","breadcrumb":{"@id":"https:\/\/www.personare.com.br\/servicos\/produto\/avaliacao-inicial-terapia-integrativa-para-criancas\/#breadcrumb"},"inLanguage":"pt-BR","potentialAction":[{"@type":"ReadAction","target":["https:\/\/www.personare.com.br\/servicos\/produto\/avaliacao-inicial-terapia-integrativa-para-criancas\/"]}]},{"@type":"BreadcrumbList","@id":"https:\/\/www.personare.com.br\/servicos\/produto\/avaliacao-inicial-terapia-integrativa-para-criancas\/#breadcrumb","itemListElement":[{"@type":"ListItem","position":1,"name":"In\u00edcio","item":"https:\/\/www.personare.com.br\/servicos\/"},{"@type":"ListItem","position":2,"name":"Loja","item":"https:\/\/www.personare.com.br\/servicos\/busca\/"},{"@type":"ListItem","position":3,"name":"Avalia\u00e7\u00e3o inicial &#8211; Terapia Integrativa para Crian\u00e7as"}]},{"@type":"WebSite","@id":"https:\/\/www.personare.com.br\/servicos\/#website","url":"https:\/\/www.personare.com.br\/servicos\/","name":"Personare Servi\u00e7os","description":"Agende Consultas e Terapias Online no Personare","publisher":{"@id":"https:\/\/www.personare.com.br\/servicos\/#organization"},"potentialAction":[{"@type":"SearchAction","target":{"@type":"EntryPoint","urlTemplate":"https:\/\/www.personare.com.br\/servicos\/?s={search_term_string}"},"query-input":"required name=search_term_string"}],"inLanguage":"pt-BR"},{"@type":"Organization","@id":"https:\/\/www.personare.com.br\/servicos\/#organization","name":"Personare","url":"https:\/\/www.personare.com.br\/servicos\/","sameAs":[],"logo":{"@type":"ImageObject","inLanguage":"pt-BR","@id":"https:\/\/www.personare.com.br\/servicos\/#\/schema\/logo\/image\/","url":"https:\/\/d2t4cfkrxg4dhd.cloudfront.net\/app\/uploads\/2021\/04\/70295ca5d3b1be44570b5e6d0854fa942edb2ab6.png","contentUrl":"https:\/\/d2t4cfkrxg4dhd.cloudfront.net\/app\/uploads\/2021\/04\/70295ca5d3b1be44570b5e6d0854fa942edb2ab6.png","width":650,"height":554,"caption":"Personare"},"image":{"@id":"https:\/\/www.personare.com.br\/servicos\/#\/schema\/logo\/image\/"}}]}},"_links":{"self":[{"href":"https:\/\/www.personare.com.br\/servicos\/wp-json\/wp\/v2\/product\/19472"}],"collection":[{"href":"https:\/\/www.personare.com.br\/servicos\/wp-json\/wp\/v2\/product"}],"about":[{"href":"https:\/\/www.personare.com.br\/servicos\/wp-json\/wp\/v2\/types\/product"}],"replies":[{"embeddable":true,"href":"https:\/\/www.personare.com.br\/servicos\/wp-json\/wp\/v2\/comments?post=19472"}],"version-history":[{"count":6,"href":"https:\/\/www.personare.com.br\/servicos\/wp-json\/wp\/v2\/product\/19472\/revisions"}],"predecessor-version":[{"id":24438,"href":"https:\/\/www.personare.com.br\/servicos\/wp-json\/wp\/v2\/product\/19472\/revisions\/24438"}],"wp:featuredmedia":[{"embeddable":true,"href":"https:\/\/www.personare.com.br\/servicos\/wp-json\/wp\/v2\/media\/19431"}],"wp:attachment":[{"href":"https:\/\/www.personare.com.br\/servicos\/wp-json\/wp\/v2\/media?parent=19472"}],"wp:term":[{"taxonomy":"product_brand","embeddable":true,"href":"https:\/\/www.personare.com.br\/servicos\/wp-json\/wp\/v2\/product_brand?post=19472"},{"taxonomy":"product_cat","embeddable":true,"href":"https:\/\/www.personare.com.br\/servicos\/wp-json\/wp\/v2\/product_cat?post=19472"},{"taxonomy":"product_tag","embeddable":true,"href":"https:\/\/www.personare.com.br\/servicos\/wp-json\/wp\/v2\/product_tag?post=19472"},{"taxonomy":"areas-da-vida","embeddable":true,"href":"https:\/\/www.personare.com.br\/servicos\/wp-json\/wp\/v2\/areas-da-vida?post=19472"},{"taxonomy":"estudos-e-terapias","embeddable":true,"href":"https:\/\/www.personare.com.br\/servicos\/wp-json\/wp\/v2\/estudos-e-terapias?post=19472"},{"taxonomy":"dores-e-objetivos","embeddable":true,"href":"https:\/\/www.personare.com.br\/servicos\/wp-json\/wp\/v2\/dores-e-objetivos?post=19472"}],"curies":[{"name":"wp","href":"https:\/\/api.w.org\/{rel}","templated":true}]}}