{"id":18804,"date":"2024-10-07T16:05:13","date_gmt":"2024-10-07T19:05:13","guid":{"rendered":"https:\/\/www.personare.com.br\/servicos\/?post_type=product&#038;p=18804"},"modified":"2024-10-07T17:49:39","modified_gmt":"2024-10-07T20:49:39","slug":"pacote-mensal-terapia-essencial-feminina","status":"publish","type":"product","link":"https:\/\/www.personare.com.br\/servicos\/produto\/pacote-mensal-terapia-essencial-feminina\/","title":{"rendered":"Pacote Mensal da Terapia Essencial Feminina (TEF)"},"content":{"rendered":"<p>Indicado para quem enfrenta falta de libido.<\/p>\n<p>Ideal para mulheres com dificuldade de atingir o orgasmo.<\/p>\n<p>Voltado para quem sofre com os efeitos da TPM.<\/p>\n<p>Auxilia quem tem c\u00f3licas menstruais frequentes.<\/p>\n<p>Destinado a mulheres com ciclo menstrual irregular.<\/p>\n<p>Imprenscind\u00edvel para quem vivencia problemas na vida sexual.<\/p>\n<p>Para quem deseja superar baixa autoestima e inseguran\u00e7a.<\/p>\n<p>Voltado para mulheres que lidam com mioma, endometriose ou s\u00edndrome do ov\u00e1rio polic\u00edstico.<\/p>\n<p>Indicado para quem sofre de infec\u00e7\u00f5es urin\u00e1rias recorrentes, como cistite.<\/p>\n<p>Perfeito para quem busca solu\u00e7\u00e3o para candid\u00edase de repeti\u00e7\u00e3o.<\/p>\n<p>Destinado a quem sofre com bartolinite.<\/p>\n<p>Para quem sente desconforto ou dor na rela\u00e7\u00e3o sexual, como vaginismo ou dispareunia.<\/p>\n<p>Auxilia na melhora da lubrifica\u00e7\u00e3o vaginal reduzida.<\/p>\n<p>Voltado para quem enfrenta dificuldades de engravidar sem explica\u00e7\u00e3o m\u00e9dica.<\/p>\n<p>Indicado para quem tem traumas e dificuldades no relacionamento com os pais.<\/p>\n<p>Ideal para mulheres com hist\u00f3rico de aborto.<\/p>\n<p>Para quem deseja superar traumas amorosos ou padr\u00f5es repetitivos nos relacionamentos.<\/p>\n","protected":false},"excerpt":{"rendered":"<p dir=\"ltr\" style=\"line-height: 1.38; text-align: justify; margin-top: 12pt; margin-bottom: 12pt;\" data-mce-style=\"line-height: 1.38; text-align: justify; margin-top: 12pt; margin-bottom: 12pt;\"><span style=\"font-size: 12pt; font-family: Arial,sans-serif; color: #000000; background-color: #ffffff; font-weight: 400; font-style: normal; font-variant: normal; text-decoration: none; vertical-align: baseline; white-space: pre-wrap;\" data-mce-style=\"font-size: 12pt; font-family: Arial,sans-serif; color: #000000; background-color: #ffffff; font-weight: 400; font-style: normal; font-variant: normal; text-decoration: none; vertical-align: baseline; white-space: pre-wrap;\">Tenha um acompanhamento personalizado para os seus desafios na vida sexual e amorosa. A Terapia Essencial Feminina (TEF) pode ajudar na identifica\u00e7\u00e3o de fatores f\u00edsicos e psicol\u00f3gicos que levam ao desenvolvimento de disfun\u00e7\u00f5es sexuais, seja uma caracter\u00edstica do seu pr\u00f3prio corpo ou alguma experi\u00eancia negativa que originou os sintomas. <\/span><span style=\"font-size: 12pt; font-family: Arial,sans-serif; color: #000000; background-color: #ffffff; font-weight: 400; font-style: normal; font-variant: normal; text-decoration: none; vertical-align: baseline; white-space: pre-wrap;\" data-mce-style=\"font-size: 12pt; font-family: Arial,sans-serif; color: #000000; background-color: #ffffff; font-weight: 400; font-style: normal; font-variant: normal; text-decoration: none; vertical-align: baseline; white-space: pre-wrap;\"><br \/><\/span><span style=\"font-size: 12pt; font-family: Arial,sans-serif; color: #000000; background-color: #ffffff; font-weight: 400; font-style: normal; font-variant: normal; text-decoration: none; vertical-align: baseline; white-space: pre-wrap;\" data-mce-style=\"font-size: 12pt; font-family: Arial,sans-serif; color: #000000; background-color: #ffffff; font-weight: 400; font-style: normal; font-variant: normal; text-decoration: none; vertical-align: baseline; white-space: pre-wrap;\"><br \/><\/span><span style=\"font-size: 12pt; font-family: Arial,sans-serif; color: #000000; background-color: #ffffff; font-weight: 400; font-style: normal; font-variant: normal; text-decoration: none; vertical-align: baseline; white-space: pre-wrap;\" data-mce-style=\"font-size: 12pt; font-family: Arial,sans-serif; color: #000000; background-color: #ffffff; font-weight: 400; font-style: normal; font-variant: normal; text-decoration: none; vertical-align: baseline; white-space: pre-wrap;\">Ao longo de d\u00e9cadas de experi\u00eancia profissional, acompanhei centenas de mulheres com cren\u00e7as a respeito da sua imagem, da sua sexualidade e da maneira de se relacionar que eram causas emocionais de candid\u00edase, cistite, miomas, endometriose entre outras doen\u00e7as. Para apoi\u00e1-las, fui somando conhecimentos terap\u00eauticos ao meu embasamento t\u00e9cnico. <strong>E criei a Terapia Essencial Feminina (TEF), uma viv\u00eancia terap\u00eautica individual, personalizada de acordo com o quadro f\u00edsico e emocional.\u00a0<\/strong><\/span><\/p>\n<p><span id=\"docs-internal-guid-3befc02b-7fff-2c13-c86b-46f6c3c82e8f\"><span style=\"font-size: 12pt; font-family: Arial, sans-serif; color: #000000; font-variant-numeric: normal; font-variant-east-asian: normal; font-variant-alternates: normal; font-variant-position: normal; vertical-align: baseline; white-space-collapse: preserve;\" data-mce-style=\"font-size: 12pt; font-family: Arial, sans-serif; color: #000000; font-variant-numeric: normal; font-variant-east-asian: normal; font-variant-alternates: normal; font-variant-position: normal; vertical-align: baseline; white-space-collapse: preserve;\">Minha forma\u00e7\u00e3o inclui gradua\u00e7\u00e3o em Fisioterapia e p\u00f3s-gradua\u00e7\u00f5es em Uroginecologia, Obstetr\u00edcia, Mastologia, Sexualidade Humana e Psicologia Sexual, permitindo-me conduzir a Terapia Essencial Feminina (TEF) para diferentes objetivos e desafios. <\/span><span style=\"font-size: 12pt; font-family: Arial, sans-serif; color: #000000; font-variant-numeric: normal; font-variant-east-asian: normal; font-variant-alternates: normal; font-variant-position: normal; vertical-align: baseline; white-space-collapse: preserve;\" data-mce-style=\"font-size: 12pt; font-family: Arial, sans-serif; color: #000000; font-variant-numeric: normal; font-variant-east-asian: normal; font-variant-alternates: normal; font-variant-position: normal; vertical-align: baseline; white-space-collapse: preserve;\"><br \/><\/span><span style=\"font-size: 12pt; font-family: Arial, sans-serif; color: #000000; font-variant-numeric: normal; font-variant-east-asian: normal; font-variant-alternates: normal; font-variant-position: normal; vertical-align: baseline; white-space-collapse: preserve;\" data-mce-style=\"font-size: 12pt; font-family: Arial, sans-serif; color: #000000; font-variant-numeric: normal; font-variant-east-asian: normal; font-variant-alternates: normal; font-variant-position: normal; vertical-align: baseline; white-space-collapse: preserve;\"><br \/><\/span><span style=\"font-size: 12pt; font-family: Arial, sans-serif; color: #000000; font-variant-numeric: normal; font-variant-east-asian: normal; font-variant-alternates: normal; font-variant-position: normal; vertical-align: baseline; white-space-collapse: preserve;\" data-mce-style=\"font-size: 12pt; font-family: Arial, sans-serif; color: #000000; font-variant-numeric: normal; font-variant-east-asian: normal; font-variant-alternates: normal; font-variant-position: normal; vertical-align: baseline; white-space-collapse: preserve;\">Se voc\u00ea precisa cuidar do seu feminino de forma confidencial e segura, agende suas sess\u00f5es e tenha minha orienta\u00e7\u00e3o personalizada ao longo de um m\u00eas de viv\u00eancias.<\/span><\/span><\/p>\n","protected":false},"featured_media":18800,"comment_status":"closed","ping_status":"closed","template":"","meta":{"_acf_changed":false,"footnotes":""},"product_brand":[],"product_cat":[52,53],"product_tag":[],"areas-da-vida":[164,171],"estudos-e-terapias":[148],"dores-e-objetivos":[223,99,209,112,114,192,222,123],"acf":[],"yoast_head":"<!-- This site is optimized with the Yoast SEO plugin v19.6.1 - https:\/\/yoast.com\/wordpress\/plugins\/seo\/ -->\n<title>Pacote Mensal da Terapia Essencial Feminina (TEF) - Personare Servi\u00e7os<\/title>\n<meta name=\"robots\" content=\"index, follow, max-snippet:-1, max-image-preview:large, max-video-preview:-1\" \/>\n<link rel=\"canonical\" href=\"https:\/\/www.personare.com.br\/servicos\/produto\/pacote-mensal-terapia-essencial-feminina\/\" \/>\n<meta property=\"og:locale\" content=\"pt_BR\" \/>\n<meta property=\"og:type\" content=\"article\" \/>\n<meta property=\"og:title\" content=\"Pacote Mensal da Terapia Essencial Feminina (TEF) - Personare Servi\u00e7os\" \/>\n<meta property=\"og:description\" content=\"Tenha um acompanhamento personalizado para os seus desafios na vida sexual e amorosa. A Terapia Essencial Feminina (TEF) pode ajudar na identifica\u00e7\u00e3o de fatores f\u00edsicos e psicol\u00f3gicos que levam ao desenvolvimento de disfun\u00e7\u00f5es sexuais, seja uma caracter\u00edstica do seu pr\u00f3prio corpo ou alguma experi\u00eancia negativa que originou os sintomas. Ao longo de d\u00e9cadas de experi\u00eancia profissional, acompanhei centenas de mulheres com cren\u00e7as a respeito da sua imagem, da sua sexualidade e da maneira de se relacionar que eram causas emocionais de candid\u00edase, cistite, miomas, endometriose entre outras doen\u00e7as. Para apoi\u00e1-las, fui somando conhecimentos terap\u00eauticos ao meu embasamento t\u00e9cnico. E criei a Terapia Essencial Feminina (TEF), uma viv\u00eancia terap\u00eautica individual, personalizada de acordo com o quadro f\u00edsico e emocional.\u00a0Minha forma\u00e7\u00e3o inclui gradua\u00e7\u00e3o em Fisioterapia e p\u00f3s-gradua\u00e7\u00f5es em Uroginecologia, Obstetr\u00edcia, Mastologia, Sexualidade Humana e Psicologia Sexual, permitindo-me conduzir a Terapia Essencial Feminina (TEF) para diferentes objetivos e desafios. Se voc\u00ea precisa cuidar do seu feminino de forma confidencial e segura, agende suas sess\u00f5es e tenha minha orienta\u00e7\u00e3o personalizada ao longo de um m\u00eas de viv\u00eancias.\" \/>\n<meta property=\"og:url\" content=\"https:\/\/www.personare.com.br\/servicos\/produto\/pacote-mensal-terapia-essencial-feminina\/\" \/>\n<meta property=\"og:site_name\" content=\"Personare Servi\u00e7os\" \/>\n<meta property=\"article:modified_time\" content=\"2024-10-07T20:49:39+00:00\" \/>\n<meta property=\"og:image\" content=\"https:\/\/d2t4cfkrxg4dhd.cloudfront.net\/app\/uploads\/2024\/10\/Roberta-Struzani-2022.webp\" \/>\n\t<meta property=\"og:image:width\" content=\"330\" \/>\n\t<meta property=\"og:image:height\" content=\"220\" \/>\n\t<meta property=\"og:image:type\" content=\"image\/webp\" \/>\n<meta name=\"twitter:card\" content=\"summary_large_image\" \/>\n<meta name=\"twitter:label1\" content=\"Est. tempo de leitura\" \/>\n\t<meta name=\"twitter:data1\" content=\"1 minuto\" \/>\n<script type=\"application\/ld+json\" class=\"yoast-schema-graph\">{\"@context\":\"https:\/\/schema.org\",\"@graph\":[{\"@type\":\"WebPage\",\"@id\":\"https:\/\/www.personare.com.br\/servicos\/produto\/pacote-mensal-terapia-essencial-feminina\/\",\"url\":\"https:\/\/www.personare.com.br\/servicos\/produto\/pacote-mensal-terapia-essencial-feminina\/\",\"name\":\"Pacote Mensal da Terapia Essencial Feminina (TEF) - Personare Servi\u00e7os\",\"isPartOf\":{\"@id\":\"https:\/\/www.personare.com.br\/servicos\/#website\"},\"datePublished\":\"2024-10-07T19:05:13+00:00\",\"dateModified\":\"2024-10-07T20:49:39+00:00\",\"breadcrumb\":{\"@id\":\"https:\/\/www.personare.com.br\/servicos\/produto\/pacote-mensal-terapia-essencial-feminina\/#breadcrumb\"},\"inLanguage\":\"pt-BR\",\"potentialAction\":[{\"@type\":\"ReadAction\",\"target\":[\"https:\/\/www.personare.com.br\/servicos\/produto\/pacote-mensal-terapia-essencial-feminina\/\"]}]},{\"@type\":\"BreadcrumbList\",\"@id\":\"https:\/\/www.personare.com.br\/servicos\/produto\/pacote-mensal-terapia-essencial-feminina\/#breadcrumb\",\"itemListElement\":[{\"@type\":\"ListItem\",\"position\":1,\"name\":\"In\u00edcio\",\"item\":\"https:\/\/www.personare.com.br\/servicos\/\"},{\"@type\":\"ListItem\",\"position\":2,\"name\":\"Loja\",\"item\":\"https:\/\/www.personare.com.br\/servicos\/busca\/\"},{\"@type\":\"ListItem\",\"position\":3,\"name\":\"Pacote Mensal da Terapia Essencial Feminina (TEF)\"}]},{\"@type\":\"WebSite\",\"@id\":\"https:\/\/www.personare.com.br\/servicos\/#website\",\"url\":\"https:\/\/www.personare.com.br\/servicos\/\",\"name\":\"Personare Servi\u00e7os\",\"description\":\"Agende Consultas e Terapias Online no Personare\",\"publisher\":{\"@id\":\"https:\/\/www.personare.com.br\/servicos\/#organization\"},\"potentialAction\":[{\"@type\":\"SearchAction\",\"target\":{\"@type\":\"EntryPoint\",\"urlTemplate\":\"https:\/\/www.personare.com.br\/servicos\/?s={search_term_string}\"},\"query-input\":\"required name=search_term_string\"}],\"inLanguage\":\"pt-BR\"},{\"@type\":\"Organization\",\"@id\":\"https:\/\/www.personare.com.br\/servicos\/#organization\",\"name\":\"Personare\",\"url\":\"https:\/\/www.personare.com.br\/servicos\/\",\"sameAs\":[],\"logo\":{\"@type\":\"ImageObject\",\"inLanguage\":\"pt-BR\",\"@id\":\"https:\/\/www.personare.com.br\/servicos\/#\/schema\/logo\/image\/\",\"url\":\"https:\/\/d2t4cfkrxg4dhd.cloudfront.net\/app\/uploads\/2021\/04\/70295ca5d3b1be44570b5e6d0854fa942edb2ab6.png\",\"contentUrl\":\"https:\/\/d2t4cfkrxg4dhd.cloudfront.net\/app\/uploads\/2021\/04\/70295ca5d3b1be44570b5e6d0854fa942edb2ab6.png\",\"width\":650,\"height\":554,\"caption\":\"Personare\"},\"image\":{\"@id\":\"https:\/\/www.personare.com.br\/servicos\/#\/schema\/logo\/image\/\"}}]}<\/script>\n<!-- \/ Yoast SEO plugin. -->","yoast_head_json":{"title":"Pacote Mensal da Terapia Essencial Feminina (TEF) - Personare Servi\u00e7os","robots":{"index":"index","follow":"follow","max-snippet":"max-snippet:-1","max-image-preview":"max-image-preview:large","max-video-preview":"max-video-preview:-1"},"canonical":"https:\/\/www.personare.com.br\/servicos\/produto\/pacote-mensal-terapia-essencial-feminina\/","og_locale":"pt_BR","og_type":"article","og_title":"Pacote Mensal da Terapia Essencial Feminina (TEF) - Personare Servi\u00e7os","og_description":"Tenha um acompanhamento personalizado para os seus desafios na vida sexual e amorosa. A Terapia Essencial Feminina (TEF) pode ajudar na identifica\u00e7\u00e3o de fatores f\u00edsicos e psicol\u00f3gicos que levam ao desenvolvimento de disfun\u00e7\u00f5es sexuais, seja uma caracter\u00edstica do seu pr\u00f3prio corpo ou alguma experi\u00eancia negativa que originou os sintomas. Ao longo de d\u00e9cadas de experi\u00eancia profissional, acompanhei centenas de mulheres com cren\u00e7as a respeito da sua imagem, da sua sexualidade e da maneira de se relacionar que eram causas emocionais de candid\u00edase, cistite, miomas, endometriose entre outras doen\u00e7as. Para apoi\u00e1-las, fui somando conhecimentos terap\u00eauticos ao meu embasamento t\u00e9cnico. E criei a Terapia Essencial Feminina (TEF), uma viv\u00eancia terap\u00eautica individual, personalizada de acordo com o quadro f\u00edsico e emocional.\u00a0Minha forma\u00e7\u00e3o inclui gradua\u00e7\u00e3o em Fisioterapia e p\u00f3s-gradua\u00e7\u00f5es em Uroginecologia, Obstetr\u00edcia, Mastologia, Sexualidade Humana e Psicologia Sexual, permitindo-me conduzir a Terapia Essencial Feminina (TEF) para diferentes objetivos e desafios. Se voc\u00ea precisa cuidar do seu feminino de forma confidencial e segura, agende suas sess\u00f5es e tenha minha orienta\u00e7\u00e3o personalizada ao longo de um m\u00eas de viv\u00eancias.","og_url":"https:\/\/www.personare.com.br\/servicos\/produto\/pacote-mensal-terapia-essencial-feminina\/","og_site_name":"Personare Servi\u00e7os","article_modified_time":"2024-10-07T20:49:39+00:00","og_image":[{"width":330,"height":220,"url":"https:\/\/d2t4cfkrxg4dhd.cloudfront.net\/app\/uploads\/2024\/10\/Roberta-Struzani-2022.webp","type":"image\/webp"}],"twitter_card":"summary_large_image","twitter_misc":{"Est. tempo de leitura":"1 minuto"},"schema":{"@context":"https:\/\/schema.org","@graph":[{"@type":"WebPage","@id":"https:\/\/www.personare.com.br\/servicos\/produto\/pacote-mensal-terapia-essencial-feminina\/","url":"https:\/\/www.personare.com.br\/servicos\/produto\/pacote-mensal-terapia-essencial-feminina\/","name":"Pacote Mensal da Terapia Essencial Feminina (TEF) - Personare Servi\u00e7os","isPartOf":{"@id":"https:\/\/www.personare.com.br\/servicos\/#website"},"datePublished":"2024-10-07T19:05:13+00:00","dateModified":"2024-10-07T20:49:39+00:00","breadcrumb":{"@id":"https:\/\/www.personare.com.br\/servicos\/produto\/pacote-mensal-terapia-essencial-feminina\/#breadcrumb"},"inLanguage":"pt-BR","potentialAction":[{"@type":"ReadAction","target":["https:\/\/www.personare.com.br\/servicos\/produto\/pacote-mensal-terapia-essencial-feminina\/"]}]},{"@type":"BreadcrumbList","@id":"https:\/\/www.personare.com.br\/servicos\/produto\/pacote-mensal-terapia-essencial-feminina\/#breadcrumb","itemListElement":[{"@type":"ListItem","position":1,"name":"In\u00edcio","item":"https:\/\/www.personare.com.br\/servicos\/"},{"@type":"ListItem","position":2,"name":"Loja","item":"https:\/\/www.personare.com.br\/servicos\/busca\/"},{"@type":"ListItem","position":3,"name":"Pacote Mensal da Terapia Essencial Feminina (TEF)"}]},{"@type":"WebSite","@id":"https:\/\/www.personare.com.br\/servicos\/#website","url":"https:\/\/www.personare.com.br\/servicos\/","name":"Personare Servi\u00e7os","description":"Agende Consultas e Terapias Online no Personare","publisher":{"@id":"https:\/\/www.personare.com.br\/servicos\/#organization"},"potentialAction":[{"@type":"SearchAction","target":{"@type":"EntryPoint","urlTemplate":"https:\/\/www.personare.com.br\/servicos\/?s={search_term_string}"},"query-input":"required name=search_term_string"}],"inLanguage":"pt-BR"},{"@type":"Organization","@id":"https:\/\/www.personare.com.br\/servicos\/#organization","name":"Personare","url":"https:\/\/www.personare.com.br\/servicos\/","sameAs":[],"logo":{"@type":"ImageObject","inLanguage":"pt-BR","@id":"https:\/\/www.personare.com.br\/servicos\/#\/schema\/logo\/image\/","url":"https:\/\/d2t4cfkrxg4dhd.cloudfront.net\/app\/uploads\/2021\/04\/70295ca5d3b1be44570b5e6d0854fa942edb2ab6.png","contentUrl":"https:\/\/d2t4cfkrxg4dhd.cloudfront.net\/app\/uploads\/2021\/04\/70295ca5d3b1be44570b5e6d0854fa942edb2ab6.png","width":650,"height":554,"caption":"Personare"},"image":{"@id":"https:\/\/www.personare.com.br\/servicos\/#\/schema\/logo\/image\/"}}]}},"_links":{"self":[{"href":"https:\/\/www.personare.com.br\/servicos\/wp-json\/wp\/v2\/product\/18804"}],"collection":[{"href":"https:\/\/www.personare.com.br\/servicos\/wp-json\/wp\/v2\/product"}],"about":[{"href":"https:\/\/www.personare.com.br\/servicos\/wp-json\/wp\/v2\/types\/product"}],"replies":[{"embeddable":true,"href":"https:\/\/www.personare.com.br\/servicos\/wp-json\/wp\/v2\/comments?post=18804"}],"version-history":[{"count":7,"href":"https:\/\/www.personare.com.br\/servicos\/wp-json\/wp\/v2\/product\/18804\/revisions"}],"predecessor-version":[{"id":18826,"href":"https:\/\/www.personare.com.br\/servicos\/wp-json\/wp\/v2\/product\/18804\/revisions\/18826"}],"wp:featuredmedia":[{"embeddable":true,"href":"https:\/\/www.personare.com.br\/servicos\/wp-json\/wp\/v2\/media\/18800"}],"wp:attachment":[{"href":"https:\/\/www.personare.com.br\/servicos\/wp-json\/wp\/v2\/media?parent=18804"}],"wp:term":[{"taxonomy":"product_brand","embeddable":true,"href":"https:\/\/www.personare.com.br\/servicos\/wp-json\/wp\/v2\/product_brand?post=18804"},{"taxonomy":"product_cat","embeddable":true,"href":"https:\/\/www.personare.com.br\/servicos\/wp-json\/wp\/v2\/product_cat?post=18804"},{"taxonomy":"product_tag","embeddable":true,"href":"https:\/\/www.personare.com.br\/servicos\/wp-json\/wp\/v2\/product_tag?post=18804"},{"taxonomy":"areas-da-vida","embeddable":true,"href":"https:\/\/www.personare.com.br\/servicos\/wp-json\/wp\/v2\/areas-da-vida?post=18804"},{"taxonomy":"estudos-e-terapias","embeddable":true,"href":"https:\/\/www.personare.com.br\/servicos\/wp-json\/wp\/v2\/estudos-e-terapias?post=18804"},{"taxonomy":"dores-e-objetivos","embeddable":true,"href":"https:\/\/www.personare.com.br\/servicos\/wp-json\/wp\/v2\/dores-e-objetivos?post=18804"}],"curies":[{"name":"wp","href":"https:\/\/api.w.org\/{rel}","templated":true}]}}