{"id":17659,"date":"2024-07-17T11:21:24","date_gmt":"2024-07-17T14:21:24","guid":{"rendered":"https:\/\/www.personare.com.br\/servicos\/?post_type=product&#038;p=17659"},"modified":"2024-09-09T17:33:36","modified_gmt":"2024-09-09T20:33:36","slug":"pacotes-de-sessoes-de-psicoterapia-com-juliana-garcia","status":"archived","type":"product","link":"https:\/\/www.personare.com.br\/servicos\/produto\/pacotes-de-sessoes-de-psicoterapia-com-juliana-garcia\/","title":{"rendered":"Pacotes de sess\u00f5es de psicoterapia"},"content":{"rendered":"<p>Mulheres que est\u00e3o passando por momentos de transi\u00e7\u00e3o na vida ou querem iniciar mudan\u00e7as profundas.<\/p>\n<p>Quem se cobra demais e quere ampliar seu autocuidado.<\/p>\n<p>Mulheres que querem desenvolver sua estrutura emocional e centramento.<\/p>\n<p>Quem deseja aprender a lidar com suas emo\u00e7\u00f5es.<\/p>\n<p>Mulheres que desejam expressar mais a sua autenticidade e coragem em suas escolhas de vida.<\/p>\n<p>Quem chegou a um momento de vida decisivo e precisa se cuidar melhor.<\/p>\n<p>Mulheres que se sentem ansiosas, angustiadas e sem rumo.<\/p>\n","protected":false},"excerpt":{"rendered":"<p>Se voc\u00ea quer iniciar uma jornada de autoconhecimento e realizar transforma\u00e7\u00f5es profundas em sua vida, a psicoterapia online oferece o suporte necess\u00e1rio para lidar com suas emo\u00e7\u00f5es de forma mais saud\u00e1vel e encontrar orienta\u00e7\u00e3o para se entender melhor e tra\u00e7ar seu caminho.<br \/>\nCom as sess\u00f5es semanais de psicoterapia online voc\u00ea alcan\u00e7a mais clareza sobre seu mundo interior e seus desejos. Com o tratamento cont\u00ednuo, realizando sess\u00f5es semanais por dois meses, voc\u00ea amadurece suas quest\u00f5es, reduz a autocobran\u00e7a e desenvolve maior gentileza com voc\u00ea.<br \/>\nComece hoje esse processo de autocuidado e viva com menos ansiedade e mais centramento.<\/p>\n","protected":false},"featured_media":17413,"comment_status":"open","ping_status":"closed","template":"","meta":{"_acf_changed":false,"footnotes":""},"product_brand":[],"product_cat":[75],"product_tag":[],"areas-da-vida":[163,164,171],"estudos-e-terapias":[147],"dores-e-objetivos":[82,215,206,92],"acf":[],"yoast_head":"<!-- This site is optimized with the Yoast SEO plugin v19.6.1 - https:\/\/yoast.com\/wordpress\/plugins\/seo\/ -->\n<title>Pacotes de sess\u00f5es de psicoterapia - Personare Servi\u00e7os<\/title>\n<meta name=\"description\" content=\"Se voc\u00ea quer come\u00e7ar uma jornada de autoconhecimento para fazer transforma\u00e7\u00f5es profundas em sua vida, lidar com emo\u00e7\u00f5es de forma mais inteira e saud\u00e1vel, ter suporte e companhia para se entender e tra\u00e7ar seu caminho, esta consulta \u00e9 o primeiro passo.\" \/>\n<meta name=\"robots\" content=\"index, follow, max-snippet:-1, max-image-preview:large, max-video-preview:-1\" \/>\n<link rel=\"canonical\" href=\"https:\/\/www.personare.com.br\/servicos\/produto\/pacotes-de-sessoes-de-psicoterapia-com-juliana-garcia\/\" \/>\n<meta property=\"og:locale\" content=\"pt_BR\" \/>\n<meta property=\"og:type\" content=\"article\" \/>\n<meta property=\"og:title\" content=\"Pacotes de sess\u00f5es de psicoterapia - Personare Servi\u00e7os\" \/>\n<meta property=\"og:description\" content=\"Se voc\u00ea quer come\u00e7ar uma jornada de autoconhecimento para fazer transforma\u00e7\u00f5es profundas em sua vida, lidar com emo\u00e7\u00f5es de forma mais inteira e saud\u00e1vel, ter suporte e companhia para se entender e tra\u00e7ar seu caminho, esta consulta \u00e9 o primeiro passo.\" \/>\n<meta property=\"og:url\" content=\"https:\/\/www.personare.com.br\/servicos\/produto\/pacotes-de-sessoes-de-psicoterapia-com-juliana-garcia\/\" \/>\n<meta property=\"og:site_name\" content=\"Personare Servi\u00e7os\" \/>\n<meta property=\"article:modified_time\" content=\"2024-09-09T20:33:36+00:00\" \/>\n<meta property=\"og:image\" content=\"https:\/\/d2t4cfkrxg4dhd.cloudfront.net\/app\/uploads\/2024\/07\/Juliana-Garcia-Cafe%CC%81-Magri.jpeg\" \/>\n\t<meta property=\"og:image:width\" content=\"768\" \/>\n\t<meta property=\"og:image:height\" content=\"1024\" \/>\n\t<meta property=\"og:image:type\" content=\"image\/jpeg\" \/>\n<meta name=\"twitter:card\" content=\"summary_large_image\" \/>\n<script type=\"application\/ld+json\" class=\"yoast-schema-graph\">{\"@context\":\"https:\/\/schema.org\",\"@graph\":[{\"@type\":\"WebPage\",\"@id\":\"https:\/\/www.personare.com.br\/servicos\/produto\/pacotes-de-sessoes-de-psicoterapia-com-juliana-garcia\/\",\"url\":\"https:\/\/www.personare.com.br\/servicos\/produto\/pacotes-de-sessoes-de-psicoterapia-com-juliana-garcia\/\",\"name\":\"Pacotes de sess\u00f5es de psicoterapia - Personare Servi\u00e7os\",\"isPartOf\":{\"@id\":\"https:\/\/www.personare.com.br\/servicos\/#website\"},\"datePublished\":\"2024-07-17T14:21:24+00:00\",\"dateModified\":\"2024-09-09T20:33:36+00:00\",\"description\":\"Se voc\u00ea quer come\u00e7ar uma jornada de autoconhecimento para fazer transforma\u00e7\u00f5es profundas em sua vida, lidar com emo\u00e7\u00f5es de forma mais inteira e saud\u00e1vel, ter suporte e companhia para se entender e tra\u00e7ar seu caminho, esta consulta \u00e9 o primeiro passo.\",\"breadcrumb\":{\"@id\":\"https:\/\/www.personare.com.br\/servicos\/produto\/pacotes-de-sessoes-de-psicoterapia-com-juliana-garcia\/#breadcrumb\"},\"inLanguage\":\"pt-BR\",\"potentialAction\":[{\"@type\":\"ReadAction\",\"target\":[\"https:\/\/www.personare.com.br\/servicos\/produto\/pacotes-de-sessoes-de-psicoterapia-com-juliana-garcia\/\"]}]},{\"@type\":\"BreadcrumbList\",\"@id\":\"https:\/\/www.personare.com.br\/servicos\/produto\/pacotes-de-sessoes-de-psicoterapia-com-juliana-garcia\/#breadcrumb\",\"itemListElement\":[{\"@type\":\"ListItem\",\"position\":1,\"name\":\"In\u00edcio\",\"item\":\"https:\/\/www.personare.com.br\/servicos\/\"},{\"@type\":\"ListItem\",\"position\":2,\"name\":\"Loja\",\"item\":\"https:\/\/www.personare.com.br\/servicos\/busca\/\"},{\"@type\":\"ListItem\",\"position\":3,\"name\":\"Pacotes de sess\u00f5es de psicoterapia\"}]},{\"@type\":\"WebSite\",\"@id\":\"https:\/\/www.personare.com.br\/servicos\/#website\",\"url\":\"https:\/\/www.personare.com.br\/servicos\/\",\"name\":\"Personare Servi\u00e7os\",\"description\":\"Agende Consultas e Terapias Online no Personare\",\"publisher\":{\"@id\":\"https:\/\/www.personare.com.br\/servicos\/#organization\"},\"potentialAction\":[{\"@type\":\"SearchAction\",\"target\":{\"@type\":\"EntryPoint\",\"urlTemplate\":\"https:\/\/www.personare.com.br\/servicos\/?s={search_term_string}\"},\"query-input\":\"required name=search_term_string\"}],\"inLanguage\":\"pt-BR\"},{\"@type\":\"Organization\",\"@id\":\"https:\/\/www.personare.com.br\/servicos\/#organization\",\"name\":\"Personare\",\"url\":\"https:\/\/www.personare.com.br\/servicos\/\",\"sameAs\":[],\"logo\":{\"@type\":\"ImageObject\",\"inLanguage\":\"pt-BR\",\"@id\":\"https:\/\/www.personare.com.br\/servicos\/#\/schema\/logo\/image\/\",\"url\":\"https:\/\/d2t4cfkrxg4dhd.cloudfront.net\/app\/uploads\/2021\/04\/70295ca5d3b1be44570b5e6d0854fa942edb2ab6.png\",\"contentUrl\":\"https:\/\/d2t4cfkrxg4dhd.cloudfront.net\/app\/uploads\/2021\/04\/70295ca5d3b1be44570b5e6d0854fa942edb2ab6.png\",\"width\":650,\"height\":554,\"caption\":\"Personare\"},\"image\":{\"@id\":\"https:\/\/www.personare.com.br\/servicos\/#\/schema\/logo\/image\/\"}}]}<\/script>\n<!-- \/ Yoast SEO plugin. -->","yoast_head_json":{"title":"Pacotes de sess\u00f5es de psicoterapia - Personare Servi\u00e7os","description":"Se voc\u00ea quer come\u00e7ar uma jornada de autoconhecimento para fazer transforma\u00e7\u00f5es profundas em sua vida, lidar com emo\u00e7\u00f5es de forma mais inteira e saud\u00e1vel, ter suporte e companhia para se entender e tra\u00e7ar seu caminho, esta consulta \u00e9 o primeiro passo.","robots":{"index":"index","follow":"follow","max-snippet":"max-snippet:-1","max-image-preview":"max-image-preview:large","max-video-preview":"max-video-preview:-1"},"canonical":"https:\/\/www.personare.com.br\/servicos\/produto\/pacotes-de-sessoes-de-psicoterapia-com-juliana-garcia\/","og_locale":"pt_BR","og_type":"article","og_title":"Pacotes de sess\u00f5es de psicoterapia - Personare Servi\u00e7os","og_description":"Se voc\u00ea quer come\u00e7ar uma jornada de autoconhecimento para fazer transforma\u00e7\u00f5es profundas em sua vida, lidar com emo\u00e7\u00f5es de forma mais inteira e saud\u00e1vel, ter suporte e companhia para se entender e tra\u00e7ar seu caminho, esta consulta \u00e9 o primeiro passo.","og_url":"https:\/\/www.personare.com.br\/servicos\/produto\/pacotes-de-sessoes-de-psicoterapia-com-juliana-garcia\/","og_site_name":"Personare Servi\u00e7os","article_modified_time":"2024-09-09T20:33:36+00:00","og_image":[{"width":768,"height":1024,"url":"https:\/\/d2t4cfkrxg4dhd.cloudfront.net\/app\/uploads\/2024\/07\/Juliana-Garcia-Cafe%CC%81-Magri.jpeg","type":"image\/jpeg"}],"twitter_card":"summary_large_image","schema":{"@context":"https:\/\/schema.org","@graph":[{"@type":"WebPage","@id":"https:\/\/www.personare.com.br\/servicos\/produto\/pacotes-de-sessoes-de-psicoterapia-com-juliana-garcia\/","url":"https:\/\/www.personare.com.br\/servicos\/produto\/pacotes-de-sessoes-de-psicoterapia-com-juliana-garcia\/","name":"Pacotes de sess\u00f5es de psicoterapia - Personare Servi\u00e7os","isPartOf":{"@id":"https:\/\/www.personare.com.br\/servicos\/#website"},"datePublished":"2024-07-17T14:21:24+00:00","dateModified":"2024-09-09T20:33:36+00:00","description":"Se voc\u00ea quer come\u00e7ar uma jornada de autoconhecimento para fazer transforma\u00e7\u00f5es profundas em sua vida, lidar com emo\u00e7\u00f5es de forma mais inteira e saud\u00e1vel, ter suporte e companhia para se entender e tra\u00e7ar seu caminho, esta consulta \u00e9 o primeiro passo.","breadcrumb":{"@id":"https:\/\/www.personare.com.br\/servicos\/produto\/pacotes-de-sessoes-de-psicoterapia-com-juliana-garcia\/#breadcrumb"},"inLanguage":"pt-BR","potentialAction":[{"@type":"ReadAction","target":["https:\/\/www.personare.com.br\/servicos\/produto\/pacotes-de-sessoes-de-psicoterapia-com-juliana-garcia\/"]}]},{"@type":"BreadcrumbList","@id":"https:\/\/www.personare.com.br\/servicos\/produto\/pacotes-de-sessoes-de-psicoterapia-com-juliana-garcia\/#breadcrumb","itemListElement":[{"@type":"ListItem","position":1,"name":"In\u00edcio","item":"https:\/\/www.personare.com.br\/servicos\/"},{"@type":"ListItem","position":2,"name":"Loja","item":"https:\/\/www.personare.com.br\/servicos\/busca\/"},{"@type":"ListItem","position":3,"name":"Pacotes de sess\u00f5es de psicoterapia"}]},{"@type":"WebSite","@id":"https:\/\/www.personare.com.br\/servicos\/#website","url":"https:\/\/www.personare.com.br\/servicos\/","name":"Personare Servi\u00e7os","description":"Agende Consultas e Terapias Online no Personare","publisher":{"@id":"https:\/\/www.personare.com.br\/servicos\/#organization"},"potentialAction":[{"@type":"SearchAction","target":{"@type":"EntryPoint","urlTemplate":"https:\/\/www.personare.com.br\/servicos\/?s={search_term_string}"},"query-input":"required name=search_term_string"}],"inLanguage":"pt-BR"},{"@type":"Organization","@id":"https:\/\/www.personare.com.br\/servicos\/#organization","name":"Personare","url":"https:\/\/www.personare.com.br\/servicos\/","sameAs":[],"logo":{"@type":"ImageObject","inLanguage":"pt-BR","@id":"https:\/\/www.personare.com.br\/servicos\/#\/schema\/logo\/image\/","url":"https:\/\/d2t4cfkrxg4dhd.cloudfront.net\/app\/uploads\/2021\/04\/70295ca5d3b1be44570b5e6d0854fa942edb2ab6.png","contentUrl":"https:\/\/d2t4cfkrxg4dhd.cloudfront.net\/app\/uploads\/2021\/04\/70295ca5d3b1be44570b5e6d0854fa942edb2ab6.png","width":650,"height":554,"caption":"Personare"},"image":{"@id":"https:\/\/www.personare.com.br\/servicos\/#\/schema\/logo\/image\/"}}]}},"_links":{"self":[{"href":"https:\/\/www.personare.com.br\/servicos\/wp-json\/wp\/v2\/product\/17659"}],"collection":[{"href":"https:\/\/www.personare.com.br\/servicos\/wp-json\/wp\/v2\/product"}],"about":[{"href":"https:\/\/www.personare.com.br\/servicos\/wp-json\/wp\/v2\/types\/product"}],"replies":[{"embeddable":true,"href":"https:\/\/www.personare.com.br\/servicos\/wp-json\/wp\/v2\/comments?post=17659"}],"version-history":[{"count":8,"href":"https:\/\/www.personare.com.br\/servicos\/wp-json\/wp\/v2\/product\/17659\/revisions"}],"predecessor-version":[{"id":17676,"href":"https:\/\/www.personare.com.br\/servicos\/wp-json\/wp\/v2\/product\/17659\/revisions\/17676"}],"wp:featuredmedia":[{"embeddable":true,"href":"https:\/\/www.personare.com.br\/servicos\/wp-json\/wp\/v2\/media\/17413"}],"wp:attachment":[{"href":"https:\/\/www.personare.com.br\/servicos\/wp-json\/wp\/v2\/media?parent=17659"}],"wp:term":[{"taxonomy":"product_brand","embeddable":true,"href":"https:\/\/www.personare.com.br\/servicos\/wp-json\/wp\/v2\/product_brand?post=17659"},{"taxonomy":"product_cat","embeddable":true,"href":"https:\/\/www.personare.com.br\/servicos\/wp-json\/wp\/v2\/product_cat?post=17659"},{"taxonomy":"product_tag","embeddable":true,"href":"https:\/\/www.personare.com.br\/servicos\/wp-json\/wp\/v2\/product_tag?post=17659"},{"taxonomy":"areas-da-vida","embeddable":true,"href":"https:\/\/www.personare.com.br\/servicos\/wp-json\/wp\/v2\/areas-da-vida?post=17659"},{"taxonomy":"estudos-e-terapias","embeddable":true,"href":"https:\/\/www.personare.com.br\/servicos\/wp-json\/wp\/v2\/estudos-e-terapias?post=17659"},{"taxonomy":"dores-e-objetivos","embeddable":true,"href":"https:\/\/www.personare.com.br\/servicos\/wp-json\/wp\/v2\/dores-e-objetivos?post=17659"}],"curies":[{"name":"wp","href":"https:\/\/api.w.org\/{rel}","templated":true}]}}