{"id":17414,"date":"2024-07-05T21:23:39","date_gmt":"2024-07-06T00:23:39","guid":{"rendered":"https:\/\/www.personare.com.br\/servicos\/?post_type=product&#038;p=17414"},"modified":"2024-09-09T17:33:38","modified_gmt":"2024-09-09T20:33:38","slug":"consulta-de-interpretacao-de-sonhos","status":"archived","type":"product","link":"https:\/\/www.personare.com.br\/servicos\/produto\/consulta-de-interpretacao-de-sonhos\/","title":{"rendered":"Consulta de interpreta\u00e7\u00e3o de sonhos"},"content":{"rendered":"<p>Para quem quer compreender a fundo a mensagem trazida pelos seus sonhos<\/p>\n<p>Para quem tem sonhos recorrentes e quer compreend\u00ea-los<\/p>\n<p>Para quem est\u00e1 vivendo desafios na vida e esteja vivendo sonhos impactantes durante esses processos: tem uma mensagem a\u00ed nos seus sonhos sobre esses desafios<\/p>\n<p>Quem quer se aprofundar em novas formas de se conhecer em profundidade<\/p>\n","protected":false},"excerpt":{"rendered":"<p>A consulta de Interpreta\u00e7\u00e3o de Sonhos ajuda a decifrar as mensagens do seu inconsciente, para servir como guia para enfrentar seus desafios e abrir possibilidades de novas percep\u00e7\u00f5es na sua vida.<\/p>\n<p>A psic\u00f3loga atua como facilitadora e int\u00e9rprete, conduzindo voc\u00ea pelo caminho para compreender o que seu mundo interior est\u00e1 comunicando por meio do sonho. Traz as perguntas certas para acessar suas mem\u00f3rias inconscientes e desvendar a mensagem que est\u00e1 em seu sonho.<\/p>\n<p>A consulta n\u00e3o se prende a dicion\u00e1rios generalizados, do tipo &#8220;sonhar com isso significa aquilo&#8221;. Ela vai fundo nos significados individualizados, que t\u00eam a ver com a sua alma, seu mundo interno.<\/p>\n<p>Agende sua consulta de interpreta\u00e7\u00e3o de sonhos e desvende o significado do seu sonho recorrente ou pontual.\u00a0<\/p>\n","protected":false},"featured_media":17413,"comment_status":"open","ping_status":"closed","template":"","meta":{"_acf_changed":false,"footnotes":""},"product_brand":[],"product_cat":[52],"product_tag":[],"areas-da-vida":[163],"estudos-e-terapias":[138],"dores-e-objetivos":[219,82,104],"acf":[],"yoast_head":"<!-- This site is optimized with the Yoast SEO plugin v19.6.1 - https:\/\/yoast.com\/wordpress\/plugins\/seo\/ -->\n<title>Consulta de interpreta\u00e7\u00e3o de sonhos - Personare Servi\u00e7os<\/title>\n<meta name=\"description\" content=\"A consulta de Interpreta\u00e7\u00e3o de Sonhos ajuda a decifrar as mensagens do seu inconsciente, para servir como guia para enfrentar seus desafios e abrir possibilidades de novas percep\u00e7\u00f5es na sua vida.\" \/>\n<meta name=\"robots\" content=\"index, follow, max-snippet:-1, max-image-preview:large, max-video-preview:-1\" \/>\n<link rel=\"canonical\" href=\"https:\/\/www.personare.com.br\/servicos\/produto\/consulta-de-interpretacao-de-sonhos\/\" \/>\n<meta property=\"og:locale\" content=\"pt_BR\" \/>\n<meta property=\"og:type\" content=\"article\" \/>\n<meta property=\"og:title\" content=\"Consulta de interpreta\u00e7\u00e3o de sonhos - Personare Servi\u00e7os\" \/>\n<meta property=\"og:description\" content=\"A consulta de Interpreta\u00e7\u00e3o de Sonhos ajuda a decifrar as mensagens do seu inconsciente, para servir como guia para enfrentar seus desafios e abrir possibilidades de novas percep\u00e7\u00f5es na sua vida.\" \/>\n<meta property=\"og:url\" content=\"https:\/\/www.personare.com.br\/servicos\/produto\/consulta-de-interpretacao-de-sonhos\/\" \/>\n<meta property=\"og:site_name\" content=\"Personare Servi\u00e7os\" \/>\n<meta property=\"article:modified_time\" content=\"2024-09-09T20:33:38+00:00\" \/>\n<meta property=\"og:image\" content=\"https:\/\/d2t4cfkrxg4dhd.cloudfront.net\/app\/uploads\/2024\/07\/Juliana-Garcia-Cafe%CC%81-Magri.jpeg\" \/>\n\t<meta property=\"og:image:width\" content=\"768\" \/>\n\t<meta property=\"og:image:height\" content=\"1024\" \/>\n\t<meta property=\"og:image:type\" content=\"image\/jpeg\" \/>\n<meta name=\"twitter:card\" content=\"summary_large_image\" \/>\n<script type=\"application\/ld+json\" class=\"yoast-schema-graph\">{\"@context\":\"https:\/\/schema.org\",\"@graph\":[{\"@type\":\"WebPage\",\"@id\":\"https:\/\/www.personare.com.br\/servicos\/produto\/consulta-de-interpretacao-de-sonhos\/\",\"url\":\"https:\/\/www.personare.com.br\/servicos\/produto\/consulta-de-interpretacao-de-sonhos\/\",\"name\":\"Consulta de interpreta\u00e7\u00e3o de sonhos - Personare Servi\u00e7os\",\"isPartOf\":{\"@id\":\"https:\/\/www.personare.com.br\/servicos\/#website\"},\"datePublished\":\"2024-07-06T00:23:39+00:00\",\"dateModified\":\"2024-09-09T20:33:38+00:00\",\"description\":\"A consulta de Interpreta\u00e7\u00e3o de Sonhos ajuda a decifrar as mensagens do seu inconsciente, para servir como guia para enfrentar seus desafios e abrir possibilidades de novas percep\u00e7\u00f5es na sua vida.\",\"breadcrumb\":{\"@id\":\"https:\/\/www.personare.com.br\/servicos\/produto\/consulta-de-interpretacao-de-sonhos\/#breadcrumb\"},\"inLanguage\":\"pt-BR\",\"potentialAction\":[{\"@type\":\"ReadAction\",\"target\":[\"https:\/\/www.personare.com.br\/servicos\/produto\/consulta-de-interpretacao-de-sonhos\/\"]}]},{\"@type\":\"BreadcrumbList\",\"@id\":\"https:\/\/www.personare.com.br\/servicos\/produto\/consulta-de-interpretacao-de-sonhos\/#breadcrumb\",\"itemListElement\":[{\"@type\":\"ListItem\",\"position\":1,\"name\":\"In\u00edcio\",\"item\":\"https:\/\/www.personare.com.br\/servicos\/\"},{\"@type\":\"ListItem\",\"position\":2,\"name\":\"Loja\",\"item\":\"https:\/\/www.personare.com.br\/servicos\/busca\/\"},{\"@type\":\"ListItem\",\"position\":3,\"name\":\"Consulta de interpreta\u00e7\u00e3o de sonhos\"}]},{\"@type\":\"WebSite\",\"@id\":\"https:\/\/www.personare.com.br\/servicos\/#website\",\"url\":\"https:\/\/www.personare.com.br\/servicos\/\",\"name\":\"Personare Servi\u00e7os\",\"description\":\"Agende Consultas e Terapias Online no Personare\",\"publisher\":{\"@id\":\"https:\/\/www.personare.com.br\/servicos\/#organization\"},\"potentialAction\":[{\"@type\":\"SearchAction\",\"target\":{\"@type\":\"EntryPoint\",\"urlTemplate\":\"https:\/\/www.personare.com.br\/servicos\/?s={search_term_string}\"},\"query-input\":\"required name=search_term_string\"}],\"inLanguage\":\"pt-BR\"},{\"@type\":\"Organization\",\"@id\":\"https:\/\/www.personare.com.br\/servicos\/#organization\",\"name\":\"Personare\",\"url\":\"https:\/\/www.personare.com.br\/servicos\/\",\"sameAs\":[],\"logo\":{\"@type\":\"ImageObject\",\"inLanguage\":\"pt-BR\",\"@id\":\"https:\/\/www.personare.com.br\/servicos\/#\/schema\/logo\/image\/\",\"url\":\"https:\/\/d2t4cfkrxg4dhd.cloudfront.net\/app\/uploads\/2021\/04\/70295ca5d3b1be44570b5e6d0854fa942edb2ab6.png\",\"contentUrl\":\"https:\/\/d2t4cfkrxg4dhd.cloudfront.net\/app\/uploads\/2021\/04\/70295ca5d3b1be44570b5e6d0854fa942edb2ab6.png\",\"width\":650,\"height\":554,\"caption\":\"Personare\"},\"image\":{\"@id\":\"https:\/\/www.personare.com.br\/servicos\/#\/schema\/logo\/image\/\"}}]}<\/script>\n<!-- \/ Yoast SEO plugin. -->","yoast_head_json":{"title":"Consulta de interpreta\u00e7\u00e3o de sonhos - Personare Servi\u00e7os","description":"A consulta de Interpreta\u00e7\u00e3o de Sonhos ajuda a decifrar as mensagens do seu inconsciente, para servir como guia para enfrentar seus desafios e abrir possibilidades de novas percep\u00e7\u00f5es na sua vida.","robots":{"index":"index","follow":"follow","max-snippet":"max-snippet:-1","max-image-preview":"max-image-preview:large","max-video-preview":"max-video-preview:-1"},"canonical":"https:\/\/www.personare.com.br\/servicos\/produto\/consulta-de-interpretacao-de-sonhos\/","og_locale":"pt_BR","og_type":"article","og_title":"Consulta de interpreta\u00e7\u00e3o de sonhos - Personare Servi\u00e7os","og_description":"A consulta de Interpreta\u00e7\u00e3o de Sonhos ajuda a decifrar as mensagens do seu inconsciente, para servir como guia para enfrentar seus desafios e abrir possibilidades de novas percep\u00e7\u00f5es na sua vida.","og_url":"https:\/\/www.personare.com.br\/servicos\/produto\/consulta-de-interpretacao-de-sonhos\/","og_site_name":"Personare Servi\u00e7os","article_modified_time":"2024-09-09T20:33:38+00:00","og_image":[{"width":768,"height":1024,"url":"https:\/\/d2t4cfkrxg4dhd.cloudfront.net\/app\/uploads\/2024\/07\/Juliana-Garcia-Cafe%CC%81-Magri.jpeg","type":"image\/jpeg"}],"twitter_card":"summary_large_image","schema":{"@context":"https:\/\/schema.org","@graph":[{"@type":"WebPage","@id":"https:\/\/www.personare.com.br\/servicos\/produto\/consulta-de-interpretacao-de-sonhos\/","url":"https:\/\/www.personare.com.br\/servicos\/produto\/consulta-de-interpretacao-de-sonhos\/","name":"Consulta de interpreta\u00e7\u00e3o de sonhos - Personare Servi\u00e7os","isPartOf":{"@id":"https:\/\/www.personare.com.br\/servicos\/#website"},"datePublished":"2024-07-06T00:23:39+00:00","dateModified":"2024-09-09T20:33:38+00:00","description":"A consulta de Interpreta\u00e7\u00e3o de Sonhos ajuda a decifrar as mensagens do seu inconsciente, para servir como guia para enfrentar seus desafios e abrir possibilidades de novas percep\u00e7\u00f5es na sua vida.","breadcrumb":{"@id":"https:\/\/www.personare.com.br\/servicos\/produto\/consulta-de-interpretacao-de-sonhos\/#breadcrumb"},"inLanguage":"pt-BR","potentialAction":[{"@type":"ReadAction","target":["https:\/\/www.personare.com.br\/servicos\/produto\/consulta-de-interpretacao-de-sonhos\/"]}]},{"@type":"BreadcrumbList","@id":"https:\/\/www.personare.com.br\/servicos\/produto\/consulta-de-interpretacao-de-sonhos\/#breadcrumb","itemListElement":[{"@type":"ListItem","position":1,"name":"In\u00edcio","item":"https:\/\/www.personare.com.br\/servicos\/"},{"@type":"ListItem","position":2,"name":"Loja","item":"https:\/\/www.personare.com.br\/servicos\/busca\/"},{"@type":"ListItem","position":3,"name":"Consulta de interpreta\u00e7\u00e3o de sonhos"}]},{"@type":"WebSite","@id":"https:\/\/www.personare.com.br\/servicos\/#website","url":"https:\/\/www.personare.com.br\/servicos\/","name":"Personare Servi\u00e7os","description":"Agende Consultas e Terapias Online no Personare","publisher":{"@id":"https:\/\/www.personare.com.br\/servicos\/#organization"},"potentialAction":[{"@type":"SearchAction","target":{"@type":"EntryPoint","urlTemplate":"https:\/\/www.personare.com.br\/servicos\/?s={search_term_string}"},"query-input":"required name=search_term_string"}],"inLanguage":"pt-BR"},{"@type":"Organization","@id":"https:\/\/www.personare.com.br\/servicos\/#organization","name":"Personare","url":"https:\/\/www.personare.com.br\/servicos\/","sameAs":[],"logo":{"@type":"ImageObject","inLanguage":"pt-BR","@id":"https:\/\/www.personare.com.br\/servicos\/#\/schema\/logo\/image\/","url":"https:\/\/d2t4cfkrxg4dhd.cloudfront.net\/app\/uploads\/2021\/04\/70295ca5d3b1be44570b5e6d0854fa942edb2ab6.png","contentUrl":"https:\/\/d2t4cfkrxg4dhd.cloudfront.net\/app\/uploads\/2021\/04\/70295ca5d3b1be44570b5e6d0854fa942edb2ab6.png","width":650,"height":554,"caption":"Personare"},"image":{"@id":"https:\/\/www.personare.com.br\/servicos\/#\/schema\/logo\/image\/"}}]}},"_links":{"self":[{"href":"https:\/\/www.personare.com.br\/servicos\/wp-json\/wp\/v2\/product\/17414"}],"collection":[{"href":"https:\/\/www.personare.com.br\/servicos\/wp-json\/wp\/v2\/product"}],"about":[{"href":"https:\/\/www.personare.com.br\/servicos\/wp-json\/wp\/v2\/types\/product"}],"replies":[{"embeddable":true,"href":"https:\/\/www.personare.com.br\/servicos\/wp-json\/wp\/v2\/comments?post=17414"}],"version-history":[{"count":4,"href":"https:\/\/www.personare.com.br\/servicos\/wp-json\/wp\/v2\/product\/17414\/revisions"}],"predecessor-version":[{"id":17467,"href":"https:\/\/www.personare.com.br\/servicos\/wp-json\/wp\/v2\/product\/17414\/revisions\/17467"}],"wp:featuredmedia":[{"embeddable":true,"href":"https:\/\/www.personare.com.br\/servicos\/wp-json\/wp\/v2\/media\/17413"}],"wp:attachment":[{"href":"https:\/\/www.personare.com.br\/servicos\/wp-json\/wp\/v2\/media?parent=17414"}],"wp:term":[{"taxonomy":"product_brand","embeddable":true,"href":"https:\/\/www.personare.com.br\/servicos\/wp-json\/wp\/v2\/product_brand?post=17414"},{"taxonomy":"product_cat","embeddable":true,"href":"https:\/\/www.personare.com.br\/servicos\/wp-json\/wp\/v2\/product_cat?post=17414"},{"taxonomy":"product_tag","embeddable":true,"href":"https:\/\/www.personare.com.br\/servicos\/wp-json\/wp\/v2\/product_tag?post=17414"},{"taxonomy":"areas-da-vida","embeddable":true,"href":"https:\/\/www.personare.com.br\/servicos\/wp-json\/wp\/v2\/areas-da-vida?post=17414"},{"taxonomy":"estudos-e-terapias","embeddable":true,"href":"https:\/\/www.personare.com.br\/servicos\/wp-json\/wp\/v2\/estudos-e-terapias?post=17414"},{"taxonomy":"dores-e-objetivos","embeddable":true,"href":"https:\/\/www.personare.com.br\/servicos\/wp-json\/wp\/v2\/dores-e-objetivos?post=17414"}],"curies":[{"name":"wp","href":"https:\/\/api.w.org\/{rel}","templated":true}]}}