{"id":14204,"date":"2024-02-22T13:00:14","date_gmt":"2024-02-22T16:00:14","guid":{"rendered":"https:\/\/www.personare.com.br\/servicos\/?post_type=product&#038;p=14204"},"modified":"2025-11-13T20:33:22","modified_gmt":"2025-11-13T23:33:22","slug":"acompanhamento-de-consultas-holisticas-na-vila-madalena-sp","status":"publish","type":"product","link":"https:\/\/www.personare.com.br\/servicos\/produto\/acompanhamento-de-consultas-holisticas-na-vila-madalena-sp\/","title":{"rendered":"Acompanhamento com Terapias Hol\u00edsticas e Vibracionais Presencial &#8211; SP"},"content":{"rendered":"<p>Pessoas quando percebem-se com problemas recorrentes em uma \u00e1rea da vida, por exemplo: profissional, emocional, relacionamentos (familiar, social, afetivo) e que est\u00e3o dispostas a transformar os padr\u00f5es negativos que causam quest\u00f5es como dificuldades na carreira, na vida amorosa ou problemas familiares constantes;<\/p>\n<p>Pessoas que percebem quadros de instabilidade emocional e energ\u00e9tica, que se manifesta atrav\u00e9s de sentimentos como insatisfa\u00e7\u00e3o, raiva, falta de energia e\/ou de motiva\u00e7\u00e3o, autoestima baixa,\u00a0 apego ao passado, dificuldades de perdoar ou de lidar com t\u00e9rminos e conflitos;<\/p>\n<p>Pessoas que diagnosticadas com problemas de sa\u00fade, como a ansiedade e depress\u00e3o que j\u00e1 fazem tratamento m\u00e9dico e buscam terapias hol\u00edsticas e complementares para reduzir sintomas como ins\u00f4nia, ansiedade e dores f\u00edsicas provocadas por quest\u00f5es mais sutis: emocionais, mentais e energ\u00e9ticas;<\/p>\n<p>Pessoas engajadas no seu pr\u00f3prio caminho de evolu\u00e7\u00e3o, que buscam ferramentas para perceber, trabalhar e lidar com mais consci\u00eancia e facilidade nos diversos processos do dia-a-dia.<\/p>\n","protected":false},"excerpt":{"rendered":"<p>Voc\u00ea sente que precisa de uma terapia que se aprofunde em quest\u00f5es espec\u00edficas, que te atrapalham na sua vida pessoal, amorosa, familiar ou profissional? J\u00e1 sentiu um aprisionamento em um\u00a0ciclo de repeti\u00e7\u00f5es negativas, com\u00a0falta de energia e motiva\u00e7\u00e3o, ou\u00a0dificuldades para lidar com conflitos e t\u00e9rminos?\u00a0N\u00f3s entendemos e estamos aqui para voc\u00ea.<\/p>\n<p>Existe uma maneira de encontrar a melhoria e a transforma\u00e7\u00e3o no seu ritmo e \u00e0 sua maneira. O\u00a0Acompanhamento de Consultas Hol\u00edsticas personalizadas com Simone Kobayashi, uma das maiores especialistas no Brasil nesta \u00e1rea, pode ser exatamente o que voc\u00ea busca. Com mais de 20 anos de experi\u00eancia, Simone tem a sensibilidade e o conhecimento para compreender e cuidar de voc\u00ea, adaptando as sess\u00f5es \u00e0 sua situa\u00e7\u00e3o \u00fanica.<\/p>\n<p>Com flexibilidade para agendar de uma a quatro sess\u00f5es por m\u00eas no modelo presencial, o Acompanhamento de Consultas Hol\u00edsticas nos Jardins em SP \u00e9 realizado com t\u00e9cnicas escolhidas a partir da identifica\u00e7\u00e3o dos desequil\u00edbrios e prefer\u00eancia da pessoa, e podem ser\u00a0 uma combina\u00e7\u00e3o personalizada entre: Acupuntura, Cristalopuntura, Terapia Floral, Reiki, Harmoniza\u00e7\u00e3o de Chakras e Corpos, Frequ\u00eancias e Modula\u00e7\u00f5es Sonoras.<br \/>Um acompanhamento para te apoiar,\u00a0trazer mais verdade e ess\u00eancia, com leveza e amorosidade, para o seu caminho. N\u00e3o adie mais a sua evolu\u00e7\u00e3o pessoal e o cuidado consigo mesmo.<\/p>\n<p>Permita que Simone Kobayashi guie voc\u00ea nesta jornada de transforma\u00e7\u00e3o. Agende o seu Acompanhamento Personalizado e descubra o poder de manter uma vibra\u00e7\u00e3o elevada, um equil\u00edbrio emocional renovado e uma maior clareza mental.<\/p>\n<p>Estamos felizes em conectar com voc\u00ea! Lembre-se: cada passo que voc\u00ea der \u00e9 um passo em dire\u00e7\u00e3o \u00e0 sua melhor vers\u00e3o.<\/p>\n","protected":false},"featured_media":12039,"comment_status":"open","ping_status":"closed","template":"","meta":{"_acf_changed":false,"footnotes":""},"product_brand":[],"product_cat":[53],"product_tag":[],"areas-da-vida":[162,164,165,167],"estudos-e-terapias":[125,134,137,208,148,149,152],"dores-e-objetivos":[83,206,207,94,98,111],"acf":[],"yoast_head":"<!-- This site is optimized with the Yoast SEO plugin v19.6.1 - https:\/\/yoast.com\/wordpress\/plugins\/seo\/ -->\n<title>Acompanhamento com Terapias Hol\u00edsticas e Vibracionais Presencial - SP - Personare Servi\u00e7os<\/title>\n<meta name=\"description\" content=\"Com flexibilidade para agendar de uma a quatro sess\u00f5es por m\u00eas no modelo presencial, o Acompanhamento de Consultas Hol\u00edsticas a partir da identifica\u00e7\u00e3o dos desequil\u00edbrios e prefer\u00eancia da pessoa, e podem ser\u00a0 uma combina\u00e7\u00e3o personalizada entre: Acupuntura, Cristalopuntura, Terapia Floral, Reiki, Harmoniza\u00e7\u00e3o de Chakras e Corpos, Frequ\u00eancias e Modula\u00e7\u00f5es Sonoras. Transforma\u00e7\u00e3o Real pode ser Leve!\" \/>\n<meta name=\"robots\" content=\"index, follow, max-snippet:-1, max-image-preview:large, max-video-preview:-1\" \/>\n<link rel=\"canonical\" href=\"https:\/\/www.personare.com.br\/servicos\/produto\/acompanhamento-de-consultas-holisticas-na-vila-madalena-sp\/\" \/>\n<meta property=\"og:locale\" content=\"pt_BR\" \/>\n<meta property=\"og:type\" content=\"article\" \/>\n<meta property=\"og:title\" content=\"Acompanhamento com Terapias Hol\u00edsticas e Vibracionais Presencial - SP - Personare Servi\u00e7os\" \/>\n<meta property=\"og:description\" content=\"Com flexibilidade para agendar de uma a quatro sess\u00f5es por m\u00eas no modelo presencial, o Acompanhamento de Consultas Hol\u00edsticas a partir da identifica\u00e7\u00e3o dos desequil\u00edbrios e prefer\u00eancia da pessoa, e podem ser\u00a0 uma combina\u00e7\u00e3o personalizada entre: Acupuntura, Cristalopuntura, Terapia Floral, Reiki, Harmoniza\u00e7\u00e3o de Chakras e Corpos, Frequ\u00eancias e Modula\u00e7\u00f5es Sonoras. Transforma\u00e7\u00e3o Real pode ser Leve!\" \/>\n<meta property=\"og:url\" content=\"https:\/\/www.personare.com.br\/servicos\/produto\/acompanhamento-de-consultas-holisticas-na-vila-madalena-sp\/\" \/>\n<meta property=\"og:site_name\" content=\"Personare Servi\u00e7os\" \/>\n<meta property=\"article:modified_time\" content=\"2025-11-13T23:33:22+00:00\" \/>\n<meta property=\"og:image\" content=\"https:\/\/d2t4cfkrxg4dhd.cloudfront.net\/app\/uploads\/2021\/04\/Vu8ucY8ZXZ9dIvU-1.jpeg\" \/>\n\t<meta property=\"og:image:width\" content=\"1280\" \/>\n\t<meta property=\"og:image:height\" content=\"853\" \/>\n\t<meta property=\"og:image:type\" content=\"image\/jpeg\" \/>\n<meta name=\"twitter:card\" content=\"summary_large_image\" \/>\n<meta name=\"twitter:label1\" content=\"Est. tempo de leitura\" \/>\n\t<meta name=\"twitter:data1\" content=\"1 minuto\" \/>\n<script type=\"application\/ld+json\" class=\"yoast-schema-graph\">{\"@context\":\"https:\/\/schema.org\",\"@graph\":[{\"@type\":\"WebPage\",\"@id\":\"https:\/\/www.personare.com.br\/servicos\/produto\/acompanhamento-de-consultas-holisticas-na-vila-madalena-sp\/\",\"url\":\"https:\/\/www.personare.com.br\/servicos\/produto\/acompanhamento-de-consultas-holisticas-na-vila-madalena-sp\/\",\"name\":\"Acompanhamento com Terapias Hol\u00edsticas e Vibracionais Presencial - SP - Personare Servi\u00e7os\",\"isPartOf\":{\"@id\":\"https:\/\/www.personare.com.br\/servicos\/#website\"},\"datePublished\":\"2024-02-22T16:00:14+00:00\",\"dateModified\":\"2025-11-13T23:33:22+00:00\",\"description\":\"Com flexibilidade para agendar de uma a quatro sess\u00f5es por m\u00eas no modelo presencial, o Acompanhamento de Consultas Hol\u00edsticas a partir da identifica\u00e7\u00e3o dos desequil\u00edbrios e prefer\u00eancia da pessoa, e podem ser\u00a0 uma combina\u00e7\u00e3o personalizada entre: Acupuntura, Cristalopuntura, Terapia Floral, Reiki, Harmoniza\u00e7\u00e3o de Chakras e Corpos, Frequ\u00eancias e Modula\u00e7\u00f5es Sonoras. Transforma\u00e7\u00e3o Real pode ser Leve!\",\"breadcrumb\":{\"@id\":\"https:\/\/www.personare.com.br\/servicos\/produto\/acompanhamento-de-consultas-holisticas-na-vila-madalena-sp\/#breadcrumb\"},\"inLanguage\":\"pt-BR\",\"potentialAction\":[{\"@type\":\"ReadAction\",\"target\":[\"https:\/\/www.personare.com.br\/servicos\/produto\/acompanhamento-de-consultas-holisticas-na-vila-madalena-sp\/\"]}]},{\"@type\":\"BreadcrumbList\",\"@id\":\"https:\/\/www.personare.com.br\/servicos\/produto\/acompanhamento-de-consultas-holisticas-na-vila-madalena-sp\/#breadcrumb\",\"itemListElement\":[{\"@type\":\"ListItem\",\"position\":1,\"name\":\"In\u00edcio\",\"item\":\"https:\/\/www.personare.com.br\/servicos\/\"},{\"@type\":\"ListItem\",\"position\":2,\"name\":\"Loja\",\"item\":\"https:\/\/www.personare.com.br\/servicos\/busca\/\"},{\"@type\":\"ListItem\",\"position\":3,\"name\":\"Acompanhamento com Terapias Hol\u00edsticas e Vibracionais Presencial &#8211; SP\"}]},{\"@type\":\"WebSite\",\"@id\":\"https:\/\/www.personare.com.br\/servicos\/#website\",\"url\":\"https:\/\/www.personare.com.br\/servicos\/\",\"name\":\"Personare Servi\u00e7os\",\"description\":\"Agende Consultas e Terapias Online no Personare\",\"publisher\":{\"@id\":\"https:\/\/www.personare.com.br\/servicos\/#organization\"},\"potentialAction\":[{\"@type\":\"SearchAction\",\"target\":{\"@type\":\"EntryPoint\",\"urlTemplate\":\"https:\/\/www.personare.com.br\/servicos\/?s={search_term_string}\"},\"query-input\":\"required name=search_term_string\"}],\"inLanguage\":\"pt-BR\"},{\"@type\":\"Organization\",\"@id\":\"https:\/\/www.personare.com.br\/servicos\/#organization\",\"name\":\"Personare\",\"url\":\"https:\/\/www.personare.com.br\/servicos\/\",\"sameAs\":[],\"logo\":{\"@type\":\"ImageObject\",\"inLanguage\":\"pt-BR\",\"@id\":\"https:\/\/www.personare.com.br\/servicos\/#\/schema\/logo\/image\/\",\"url\":\"https:\/\/d2t4cfkrxg4dhd.cloudfront.net\/app\/uploads\/2021\/04\/70295ca5d3b1be44570b5e6d0854fa942edb2ab6.png\",\"contentUrl\":\"https:\/\/d2t4cfkrxg4dhd.cloudfront.net\/app\/uploads\/2021\/04\/70295ca5d3b1be44570b5e6d0854fa942edb2ab6.png\",\"width\":650,\"height\":554,\"caption\":\"Personare\"},\"image\":{\"@id\":\"https:\/\/www.personare.com.br\/servicos\/#\/schema\/logo\/image\/\"}}]}<\/script>\n<!-- \/ Yoast SEO plugin. -->","yoast_head_json":{"title":"Acompanhamento com Terapias Hol\u00edsticas e Vibracionais Presencial - SP - Personare Servi\u00e7os","description":"Com flexibilidade para agendar de uma a quatro sess\u00f5es por m\u00eas no modelo presencial, o Acompanhamento de Consultas Hol\u00edsticas a partir da identifica\u00e7\u00e3o dos desequil\u00edbrios e prefer\u00eancia da pessoa, e podem ser\u00a0 uma combina\u00e7\u00e3o personalizada entre: Acupuntura, Cristalopuntura, Terapia Floral, Reiki, Harmoniza\u00e7\u00e3o de Chakras e Corpos, Frequ\u00eancias e Modula\u00e7\u00f5es Sonoras. Transforma\u00e7\u00e3o Real pode ser Leve!","robots":{"index":"index","follow":"follow","max-snippet":"max-snippet:-1","max-image-preview":"max-image-preview:large","max-video-preview":"max-video-preview:-1"},"canonical":"https:\/\/www.personare.com.br\/servicos\/produto\/acompanhamento-de-consultas-holisticas-na-vila-madalena-sp\/","og_locale":"pt_BR","og_type":"article","og_title":"Acompanhamento com Terapias Hol\u00edsticas e Vibracionais Presencial - SP - Personare Servi\u00e7os","og_description":"Com flexibilidade para agendar de uma a quatro sess\u00f5es por m\u00eas no modelo presencial, o Acompanhamento de Consultas Hol\u00edsticas a partir da identifica\u00e7\u00e3o dos desequil\u00edbrios e prefer\u00eancia da pessoa, e podem ser\u00a0 uma combina\u00e7\u00e3o personalizada entre: Acupuntura, Cristalopuntura, Terapia Floral, Reiki, Harmoniza\u00e7\u00e3o de Chakras e Corpos, Frequ\u00eancias e Modula\u00e7\u00f5es Sonoras. Transforma\u00e7\u00e3o Real pode ser Leve!","og_url":"https:\/\/www.personare.com.br\/servicos\/produto\/acompanhamento-de-consultas-holisticas-na-vila-madalena-sp\/","og_site_name":"Personare Servi\u00e7os","article_modified_time":"2025-11-13T23:33:22+00:00","og_image":[{"width":1280,"height":853,"url":"https:\/\/d2t4cfkrxg4dhd.cloudfront.net\/app\/uploads\/2021\/04\/Vu8ucY8ZXZ9dIvU-1.jpeg","type":"image\/jpeg"}],"twitter_card":"summary_large_image","twitter_misc":{"Est. tempo de leitura":"1 minuto"},"schema":{"@context":"https:\/\/schema.org","@graph":[{"@type":"WebPage","@id":"https:\/\/www.personare.com.br\/servicos\/produto\/acompanhamento-de-consultas-holisticas-na-vila-madalena-sp\/","url":"https:\/\/www.personare.com.br\/servicos\/produto\/acompanhamento-de-consultas-holisticas-na-vila-madalena-sp\/","name":"Acompanhamento com Terapias Hol\u00edsticas e Vibracionais Presencial - SP - Personare Servi\u00e7os","isPartOf":{"@id":"https:\/\/www.personare.com.br\/servicos\/#website"},"datePublished":"2024-02-22T16:00:14+00:00","dateModified":"2025-11-13T23:33:22+00:00","description":"Com flexibilidade para agendar de uma a quatro sess\u00f5es por m\u00eas no modelo presencial, o Acompanhamento de Consultas Hol\u00edsticas a partir da identifica\u00e7\u00e3o dos desequil\u00edbrios e prefer\u00eancia da pessoa, e podem ser\u00a0 uma combina\u00e7\u00e3o personalizada entre: Acupuntura, Cristalopuntura, Terapia Floral, Reiki, Harmoniza\u00e7\u00e3o de Chakras e Corpos, Frequ\u00eancias e Modula\u00e7\u00f5es Sonoras. Transforma\u00e7\u00e3o Real pode ser Leve!","breadcrumb":{"@id":"https:\/\/www.personare.com.br\/servicos\/produto\/acompanhamento-de-consultas-holisticas-na-vila-madalena-sp\/#breadcrumb"},"inLanguage":"pt-BR","potentialAction":[{"@type":"ReadAction","target":["https:\/\/www.personare.com.br\/servicos\/produto\/acompanhamento-de-consultas-holisticas-na-vila-madalena-sp\/"]}]},{"@type":"BreadcrumbList","@id":"https:\/\/www.personare.com.br\/servicos\/produto\/acompanhamento-de-consultas-holisticas-na-vila-madalena-sp\/#breadcrumb","itemListElement":[{"@type":"ListItem","position":1,"name":"In\u00edcio","item":"https:\/\/www.personare.com.br\/servicos\/"},{"@type":"ListItem","position":2,"name":"Loja","item":"https:\/\/www.personare.com.br\/servicos\/busca\/"},{"@type":"ListItem","position":3,"name":"Acompanhamento com Terapias Hol\u00edsticas e Vibracionais Presencial &#8211; SP"}]},{"@type":"WebSite","@id":"https:\/\/www.personare.com.br\/servicos\/#website","url":"https:\/\/www.personare.com.br\/servicos\/","name":"Personare Servi\u00e7os","description":"Agende Consultas e Terapias Online no Personare","publisher":{"@id":"https:\/\/www.personare.com.br\/servicos\/#organization"},"potentialAction":[{"@type":"SearchAction","target":{"@type":"EntryPoint","urlTemplate":"https:\/\/www.personare.com.br\/servicos\/?s={search_term_string}"},"query-input":"required name=search_term_string"}],"inLanguage":"pt-BR"},{"@type":"Organization","@id":"https:\/\/www.personare.com.br\/servicos\/#organization","name":"Personare","url":"https:\/\/www.personare.com.br\/servicos\/","sameAs":[],"logo":{"@type":"ImageObject","inLanguage":"pt-BR","@id":"https:\/\/www.personare.com.br\/servicos\/#\/schema\/logo\/image\/","url":"https:\/\/d2t4cfkrxg4dhd.cloudfront.net\/app\/uploads\/2021\/04\/70295ca5d3b1be44570b5e6d0854fa942edb2ab6.png","contentUrl":"https:\/\/d2t4cfkrxg4dhd.cloudfront.net\/app\/uploads\/2021\/04\/70295ca5d3b1be44570b5e6d0854fa942edb2ab6.png","width":650,"height":554,"caption":"Personare"},"image":{"@id":"https:\/\/www.personare.com.br\/servicos\/#\/schema\/logo\/image\/"}}]}},"_links":{"self":[{"href":"https:\/\/www.personare.com.br\/servicos\/wp-json\/wp\/v2\/product\/14204"}],"collection":[{"href":"https:\/\/www.personare.com.br\/servicos\/wp-json\/wp\/v2\/product"}],"about":[{"href":"https:\/\/www.personare.com.br\/servicos\/wp-json\/wp\/v2\/types\/product"}],"replies":[{"embeddable":true,"href":"https:\/\/www.personare.com.br\/servicos\/wp-json\/wp\/v2\/comments?post=14204"}],"version-history":[{"count":12,"href":"https:\/\/www.personare.com.br\/servicos\/wp-json\/wp\/v2\/product\/14204\/revisions"}],"predecessor-version":[{"id":23612,"href":"https:\/\/www.personare.com.br\/servicos\/wp-json\/wp\/v2\/product\/14204\/revisions\/23612"}],"wp:featuredmedia":[{"embeddable":true,"href":"https:\/\/www.personare.com.br\/servicos\/wp-json\/wp\/v2\/media\/12039"}],"wp:attachment":[{"href":"https:\/\/www.personare.com.br\/servicos\/wp-json\/wp\/v2\/media?parent=14204"}],"wp:term":[{"taxonomy":"product_brand","embeddable":true,"href":"https:\/\/www.personare.com.br\/servicos\/wp-json\/wp\/v2\/product_brand?post=14204"},{"taxonomy":"product_cat","embeddable":true,"href":"https:\/\/www.personare.com.br\/servicos\/wp-json\/wp\/v2\/product_cat?post=14204"},{"taxonomy":"product_tag","embeddable":true,"href":"https:\/\/www.personare.com.br\/servicos\/wp-json\/wp\/v2\/product_tag?post=14204"},{"taxonomy":"areas-da-vida","embeddable":true,"href":"https:\/\/www.personare.com.br\/servicos\/wp-json\/wp\/v2\/areas-da-vida?post=14204"},{"taxonomy":"estudos-e-terapias","embeddable":true,"href":"https:\/\/www.personare.com.br\/servicos\/wp-json\/wp\/v2\/estudos-e-terapias?post=14204"},{"taxonomy":"dores-e-objetivos","embeddable":true,"href":"https:\/\/www.personare.com.br\/servicos\/wp-json\/wp\/v2\/dores-e-objetivos?post=14204"}],"curies":[{"name":"wp","href":"https:\/\/api.w.org\/{rel}","templated":true}]}}