{"id":13,"date":"2021-04-21T20:55:02","date_gmt":"2021-04-21T23:55:02","guid":{"rendered":"https:\/\/consultas.stage.personare.com.br\/produto\/consulta-para-lidar-com-os-desequilibrios-energeticos-mentais-e-emocionais\/"},"modified":"2026-04-02T16:38:10","modified_gmt":"2026-04-02T19:38:10","slug":"consulta-para-lidar-com-os-desequilibrios-energeticos-mentais-e-emocionais","status":"publish","type":"product","link":"https:\/\/www.personare.com.br\/servicos\/produto\/consulta-para-lidar-com-os-desequilibrios-energeticos-mentais-e-emocionais\/","title":{"rendered":"Consulta Hol\u00edstica: An\u00e1lise e Alinhamento Energ\u00e9tico"},"content":{"rendered":"<p>Pessoas que, ocasionalmente, sentem-se sobrecarregadas pelo estresse do dia a dia, pela press\u00e3o no trabalho e pelas demandas familiares. E podem n\u00e3o reconhecer imediatamente, mas esses s\u00e3o sintomas de desequil\u00edbrio energ\u00e9tico que esta consulta pode ajudar a corrigir;<\/p>\n<p>Pessoas que sentem que algo est\u00e1 &#8220;fora de sintonia&#8221; em suas vidas e n\u00e3o conseguem identificar exatamente o que \u00e9. A an\u00e1lise energ\u00e9tica dos chakras pode identificar onde o equil\u00edbrio precisa ser restaurado;<\/p>\n<p>Pessoas que est\u00e3o passando por mudan\u00e7as significativas em suas vidas, seja um novo trabalho, um t\u00e9rmino de relacionamento ou a chegada de um novo membro na fam\u00edlia. Mudan\u00e7as podem causar desequil\u00edbrios energ\u00e9ticos, e a Consulta &#8216;Equil\u00edbrio Vital&#8217; ajuda a trazer centramento e harmonia para lidar com mudan\u00e7as;<\/p>\n<p>Pessoas que, apesar de aparentemente terem uma vida &#8220;boa&#8221;, sentem que algo est\u00e1 faltando. O autoconhecimento e pontos de transforma\u00e7\u00e3o ou aperfei\u00e7oamento pessoal s\u00e3o benef\u00edcios que esta consulta pode trazer;<\/p>\n<p>Pessoas diagnosticadas com problemas de sa\u00fade, e em tratamento alop\u00e1tico ou outros, que procuram terapias hol\u00edsticas e vibracionais para reduzir sintomas, minimizar consequ\u00eancias e principalmente apoiar os potenciais de reequil\u00edbrio, recupera\u00e7\u00e3o e autocura.<\/p>\n<p>Muitas vezes, as pessoas n\u00e3o percebem que seus sentimentos de desconforto, estresse e insatisfa\u00e7\u00e3o podem ser sintomas de desequil\u00edbrios energ\u00e9ticos. A Consulta Hol\u00edstica: An\u00e1lise e Alinhamento Energ\u00e9tico Online oferece uma maneira de identificar e lidar com os desequil\u00edbrios, trazendo mais harmonia, alegria e equil\u00edbrio para a vida.<\/p>\n","protected":false},"excerpt":{"rendered":"<p>Muito mais que um atendimento online, esta \u00e9 uma sess\u00e3o estrat\u00e9gica para quem busca clareza, equil\u00edbrio e uma compreens\u00e3o profunda de si.<br \/>\nEm um mundo de excessos, a Consulta Hol\u00edstica oferece um espa\u00e7o seguro e acolhedor para realizar um <strong>mapeamento detalhado do que est\u00e1 impactando sua energia, suas emo\u00e7\u00f5es e sua mente no momento atual.<\/strong><\/p>\n<p>Conduzida por Simone Kobayashi, terapeuta com mais de 20 anos de experi\u00eancia, esta jornada utiliza uma vis\u00e3o hol\u00edstica s\u00f3lida para oferecer uma abordagem personalizada, efetiva e focada na sua individualidade.O atendimento \u00e9 estruturado em etapas claras para garantir que voc\u00ea saia com respostas e ferramentas pr\u00e1ticas:<\/p>\n<p>Escuta e Acolhimento: iniciamos com uma conversa aberta para entender seu estado atual e definir o foco da sess\u00e3o.<\/p>\n<p><strong>Mapeamento de Chakras:<\/strong> realizamos uma an\u00e1lise energ\u00e9tica detalhada, explicando como a condi\u00e7\u00e3o de cada centro de for\u00e7a est\u00e1 refletindo no seu cotidiano.<\/p>\n<p><strong>Harmoniza\u00e7\u00e3o com Cristais:<\/strong> utilizamos a frequ\u00eancia de pedras e cristais em um mapa sintonizado especialmente para voc\u00ea, promovendo o reequil\u00edbrio do campo.<\/p>\n<p><strong>Pr\u00e1tica Personalizada:<\/strong> voc\u00ea vivencia uma t\u00e9cnica guiada (respira\u00e7\u00e3o, medita\u00e7\u00e3o ou frequ\u00eancia sonora) de 10 a 15 minutos, escolhida para sustentar voc\u00ea em equil\u00edbrio.<\/p>\n<p><strong>Relat\u00f3rio e Recomenda\u00e7\u00f5es:<\/strong> ao final, voc\u00ea recebe um documento com a an\u00e1lise energ\u00e9tica e orienta\u00e7\u00f5es terap\u00eauticas para sustentar o equil\u00edbrio alcan\u00e7ado.<\/p>\n<p>Ao considerar o Ser como um Todo, esta consulta n\u00e3o foca apenas em desconfortos imediatos, mas identifica a origem dos desequil\u00edbrios no campo. \u00c9 o ponto de partida ideal para quem deseja transformar o autocuidado em um compromisso real com a pr\u00f3pria qualidade de vida.<\/p>\n","protected":false},"featured_media":12039,"comment_status":"open","ping_status":"closed","template":"","meta":{"_acf_changed":false,"footnotes":""},"product_brand":[],"product_cat":[52],"product_tag":[],"areas-da-vida":[163,164,168],"estudos-e-terapias":[134,148,152,158],"dores-e-objetivos":[94,95,98,100,104],"acf":[],"yoast_head":"<!-- This site is optimized with the Yoast SEO plugin v19.6.1 - https:\/\/yoast.com\/wordpress\/plugins\/seo\/ -->\n<title>Consulta Hol\u00edstica: An\u00e1lise e Alinhamento Energ\u00e9tico - Personare Servi\u00e7os<\/title>\n<meta name=\"description\" content=\"A terapeuta Simone Kobayashi utiliza t\u00e9cnicas hol\u00edsticas para desbloquear \u00e1reas pessoais estagnadas, densas ou negativadas.\" \/>\n<meta name=\"robots\" content=\"index, follow, max-snippet:-1, max-image-preview:large, max-video-preview:-1\" \/>\n<link rel=\"canonical\" href=\"https:\/\/www.personare.com.br\/servicos\/produto\/consulta-para-lidar-com-os-desequilibrios-energeticos-mentais-e-emocionais\/\" \/>\n<meta property=\"og:locale\" content=\"pt_BR\" \/>\n<meta property=\"og:type\" content=\"article\" \/>\n<meta property=\"og:title\" content=\"Consulta Hol\u00edstica: An\u00e1lise e Alinhamento Energ\u00e9tico - Personare Servi\u00e7os\" \/>\n<meta property=\"og:description\" content=\"A terapeuta Simone Kobayashi utiliza t\u00e9cnicas hol\u00edsticas para desbloquear \u00e1reas pessoais estagnadas, densas ou negativadas.\" \/>\n<meta property=\"og:url\" content=\"https:\/\/www.personare.com.br\/servicos\/produto\/consulta-para-lidar-com-os-desequilibrios-energeticos-mentais-e-emocionais\/\" \/>\n<meta property=\"og:site_name\" content=\"Personare Servi\u00e7os\" \/>\n<meta property=\"article:modified_time\" content=\"2026-04-02T19:38:10+00:00\" \/>\n<meta property=\"og:image\" content=\"https:\/\/d2t4cfkrxg4dhd.cloudfront.net\/app\/uploads\/2021\/04\/Vu8ucY8ZXZ9dIvU-1.jpeg\" \/>\n\t<meta property=\"og:image:width\" content=\"1280\" \/>\n\t<meta property=\"og:image:height\" content=\"853\" \/>\n\t<meta property=\"og:image:type\" content=\"image\/jpeg\" \/>\n<meta name=\"twitter:card\" content=\"summary_large_image\" \/>\n<meta name=\"twitter:label1\" content=\"Est. tempo de leitura\" \/>\n\t<meta name=\"twitter:data1\" content=\"1 minuto\" \/>\n<script type=\"application\/ld+json\" class=\"yoast-schema-graph\">{\"@context\":\"https:\/\/schema.org\",\"@graph\":[{\"@type\":\"WebPage\",\"@id\":\"https:\/\/www.personare.com.br\/servicos\/produto\/consulta-para-lidar-com-os-desequilibrios-energeticos-mentais-e-emocionais\/\",\"url\":\"https:\/\/www.personare.com.br\/servicos\/produto\/consulta-para-lidar-com-os-desequilibrios-energeticos-mentais-e-emocionais\/\",\"name\":\"Consulta Hol\u00edstica: An\u00e1lise e Alinhamento Energ\u00e9tico - Personare Servi\u00e7os\",\"isPartOf\":{\"@id\":\"https:\/\/www.personare.com.br\/servicos\/#website\"},\"datePublished\":\"2021-04-21T23:55:02+00:00\",\"dateModified\":\"2026-04-02T19:38:10+00:00\",\"description\":\"A terapeuta Simone Kobayashi utiliza t\u00e9cnicas hol\u00edsticas para desbloquear \u00e1reas pessoais estagnadas, densas ou negativadas.\",\"breadcrumb\":{\"@id\":\"https:\/\/www.personare.com.br\/servicos\/produto\/consulta-para-lidar-com-os-desequilibrios-energeticos-mentais-e-emocionais\/#breadcrumb\"},\"inLanguage\":\"pt-BR\",\"potentialAction\":[{\"@type\":\"ReadAction\",\"target\":[\"https:\/\/www.personare.com.br\/servicos\/produto\/consulta-para-lidar-com-os-desequilibrios-energeticos-mentais-e-emocionais\/\"]}]},{\"@type\":\"BreadcrumbList\",\"@id\":\"https:\/\/www.personare.com.br\/servicos\/produto\/consulta-para-lidar-com-os-desequilibrios-energeticos-mentais-e-emocionais\/#breadcrumb\",\"itemListElement\":[{\"@type\":\"ListItem\",\"position\":1,\"name\":\"In\u00edcio\",\"item\":\"https:\/\/www.personare.com.br\/servicos\/\"},{\"@type\":\"ListItem\",\"position\":2,\"name\":\"Loja\",\"item\":\"https:\/\/www.personare.com.br\/servicos\/busca\/\"},{\"@type\":\"ListItem\",\"position\":3,\"name\":\"Consulta Hol\u00edstica: An\u00e1lise e Alinhamento Energ\u00e9tico\"}]},{\"@type\":\"WebSite\",\"@id\":\"https:\/\/www.personare.com.br\/servicos\/#website\",\"url\":\"https:\/\/www.personare.com.br\/servicos\/\",\"name\":\"Personare Servi\u00e7os\",\"description\":\"Agende Consultas e Terapias Online no Personare\",\"publisher\":{\"@id\":\"https:\/\/www.personare.com.br\/servicos\/#organization\"},\"potentialAction\":[{\"@type\":\"SearchAction\",\"target\":{\"@type\":\"EntryPoint\",\"urlTemplate\":\"https:\/\/www.personare.com.br\/servicos\/?s={search_term_string}\"},\"query-input\":\"required name=search_term_string\"}],\"inLanguage\":\"pt-BR\"},{\"@type\":\"Organization\",\"@id\":\"https:\/\/www.personare.com.br\/servicos\/#organization\",\"name\":\"Personare\",\"url\":\"https:\/\/www.personare.com.br\/servicos\/\",\"sameAs\":[],\"logo\":{\"@type\":\"ImageObject\",\"inLanguage\":\"pt-BR\",\"@id\":\"https:\/\/www.personare.com.br\/servicos\/#\/schema\/logo\/image\/\",\"url\":\"https:\/\/d2t4cfkrxg4dhd.cloudfront.net\/app\/uploads\/2021\/04\/70295ca5d3b1be44570b5e6d0854fa942edb2ab6.png\",\"contentUrl\":\"https:\/\/d2t4cfkrxg4dhd.cloudfront.net\/app\/uploads\/2021\/04\/70295ca5d3b1be44570b5e6d0854fa942edb2ab6.png\",\"width\":650,\"height\":554,\"caption\":\"Personare\"},\"image\":{\"@id\":\"https:\/\/www.personare.com.br\/servicos\/#\/schema\/logo\/image\/\"}}]}<\/script>\n<!-- \/ Yoast SEO plugin. -->","yoast_head_json":{"title":"Consulta Hol\u00edstica: An\u00e1lise e Alinhamento Energ\u00e9tico - Personare Servi\u00e7os","description":"A terapeuta Simone Kobayashi utiliza t\u00e9cnicas hol\u00edsticas para desbloquear \u00e1reas pessoais estagnadas, densas ou negativadas.","robots":{"index":"index","follow":"follow","max-snippet":"max-snippet:-1","max-image-preview":"max-image-preview:large","max-video-preview":"max-video-preview:-1"},"canonical":"https:\/\/www.personare.com.br\/servicos\/produto\/consulta-para-lidar-com-os-desequilibrios-energeticos-mentais-e-emocionais\/","og_locale":"pt_BR","og_type":"article","og_title":"Consulta Hol\u00edstica: An\u00e1lise e Alinhamento Energ\u00e9tico - Personare Servi\u00e7os","og_description":"A terapeuta Simone Kobayashi utiliza t\u00e9cnicas hol\u00edsticas para desbloquear \u00e1reas pessoais estagnadas, densas ou negativadas.","og_url":"https:\/\/www.personare.com.br\/servicos\/produto\/consulta-para-lidar-com-os-desequilibrios-energeticos-mentais-e-emocionais\/","og_site_name":"Personare Servi\u00e7os","article_modified_time":"2026-04-02T19:38:10+00:00","og_image":[{"width":1280,"height":853,"url":"https:\/\/d2t4cfkrxg4dhd.cloudfront.net\/app\/uploads\/2021\/04\/Vu8ucY8ZXZ9dIvU-1.jpeg","type":"image\/jpeg"}],"twitter_card":"summary_large_image","twitter_misc":{"Est. tempo de leitura":"1 minuto"},"schema":{"@context":"https:\/\/schema.org","@graph":[{"@type":"WebPage","@id":"https:\/\/www.personare.com.br\/servicos\/produto\/consulta-para-lidar-com-os-desequilibrios-energeticos-mentais-e-emocionais\/","url":"https:\/\/www.personare.com.br\/servicos\/produto\/consulta-para-lidar-com-os-desequilibrios-energeticos-mentais-e-emocionais\/","name":"Consulta Hol\u00edstica: An\u00e1lise e Alinhamento Energ\u00e9tico - Personare Servi\u00e7os","isPartOf":{"@id":"https:\/\/www.personare.com.br\/servicos\/#website"},"datePublished":"2021-04-21T23:55:02+00:00","dateModified":"2026-04-02T19:38:10+00:00","description":"A terapeuta Simone Kobayashi utiliza t\u00e9cnicas hol\u00edsticas para desbloquear \u00e1reas pessoais estagnadas, densas ou negativadas.","breadcrumb":{"@id":"https:\/\/www.personare.com.br\/servicos\/produto\/consulta-para-lidar-com-os-desequilibrios-energeticos-mentais-e-emocionais\/#breadcrumb"},"inLanguage":"pt-BR","potentialAction":[{"@type":"ReadAction","target":["https:\/\/www.personare.com.br\/servicos\/produto\/consulta-para-lidar-com-os-desequilibrios-energeticos-mentais-e-emocionais\/"]}]},{"@type":"BreadcrumbList","@id":"https:\/\/www.personare.com.br\/servicos\/produto\/consulta-para-lidar-com-os-desequilibrios-energeticos-mentais-e-emocionais\/#breadcrumb","itemListElement":[{"@type":"ListItem","position":1,"name":"In\u00edcio","item":"https:\/\/www.personare.com.br\/servicos\/"},{"@type":"ListItem","position":2,"name":"Loja","item":"https:\/\/www.personare.com.br\/servicos\/busca\/"},{"@type":"ListItem","position":3,"name":"Consulta Hol\u00edstica: An\u00e1lise e Alinhamento Energ\u00e9tico"}]},{"@type":"WebSite","@id":"https:\/\/www.personare.com.br\/servicos\/#website","url":"https:\/\/www.personare.com.br\/servicos\/","name":"Personare Servi\u00e7os","description":"Agende Consultas e Terapias Online no Personare","publisher":{"@id":"https:\/\/www.personare.com.br\/servicos\/#organization"},"potentialAction":[{"@type":"SearchAction","target":{"@type":"EntryPoint","urlTemplate":"https:\/\/www.personare.com.br\/servicos\/?s={search_term_string}"},"query-input":"required name=search_term_string"}],"inLanguage":"pt-BR"},{"@type":"Organization","@id":"https:\/\/www.personare.com.br\/servicos\/#organization","name":"Personare","url":"https:\/\/www.personare.com.br\/servicos\/","sameAs":[],"logo":{"@type":"ImageObject","inLanguage":"pt-BR","@id":"https:\/\/www.personare.com.br\/servicos\/#\/schema\/logo\/image\/","url":"https:\/\/d2t4cfkrxg4dhd.cloudfront.net\/app\/uploads\/2021\/04\/70295ca5d3b1be44570b5e6d0854fa942edb2ab6.png","contentUrl":"https:\/\/d2t4cfkrxg4dhd.cloudfront.net\/app\/uploads\/2021\/04\/70295ca5d3b1be44570b5e6d0854fa942edb2ab6.png","width":650,"height":554,"caption":"Personare"},"image":{"@id":"https:\/\/www.personare.com.br\/servicos\/#\/schema\/logo\/image\/"}}]}},"_links":{"self":[{"href":"https:\/\/www.personare.com.br\/servicos\/wp-json\/wp\/v2\/product\/13"}],"collection":[{"href":"https:\/\/www.personare.com.br\/servicos\/wp-json\/wp\/v2\/product"}],"about":[{"href":"https:\/\/www.personare.com.br\/servicos\/wp-json\/wp\/v2\/types\/product"}],"replies":[{"embeddable":true,"href":"https:\/\/www.personare.com.br\/servicos\/wp-json\/wp\/v2\/comments?post=13"}],"version-history":[{"count":12,"href":"https:\/\/www.personare.com.br\/servicos\/wp-json\/wp\/v2\/product\/13\/revisions"}],"predecessor-version":[{"id":25177,"href":"https:\/\/www.personare.com.br\/servicos\/wp-json\/wp\/v2\/product\/13\/revisions\/25177"}],"wp:featuredmedia":[{"embeddable":true,"href":"https:\/\/www.personare.com.br\/servicos\/wp-json\/wp\/v2\/media\/12039"}],"wp:attachment":[{"href":"https:\/\/www.personare.com.br\/servicos\/wp-json\/wp\/v2\/media?parent=13"}],"wp:term":[{"taxonomy":"product_brand","embeddable":true,"href":"https:\/\/www.personare.com.br\/servicos\/wp-json\/wp\/v2\/product_brand?post=13"},{"taxonomy":"product_cat","embeddable":true,"href":"https:\/\/www.personare.com.br\/servicos\/wp-json\/wp\/v2\/product_cat?post=13"},{"taxonomy":"product_tag","embeddable":true,"href":"https:\/\/www.personare.com.br\/servicos\/wp-json\/wp\/v2\/product_tag?post=13"},{"taxonomy":"areas-da-vida","embeddable":true,"href":"https:\/\/www.personare.com.br\/servicos\/wp-json\/wp\/v2\/areas-da-vida?post=13"},{"taxonomy":"estudos-e-terapias","embeddable":true,"href":"https:\/\/www.personare.com.br\/servicos\/wp-json\/wp\/v2\/estudos-e-terapias?post=13"},{"taxonomy":"dores-e-objetivos","embeddable":true,"href":"https:\/\/www.personare.com.br\/servicos\/wp-json\/wp\/v2\/dores-e-objetivos?post=13"}],"curies":[{"name":"wp","href":"https:\/\/api.w.org\/{rel}","templated":true}]}}