{"id":11702,"date":"2023-11-21T13:42:03","date_gmt":"2023-11-21T16:42:03","guid":{"rendered":"https:\/\/www.personare.com.br\/servicos\/?post_type=product&#038;p=11702"},"modified":"2026-02-20T18:41:54","modified_gmt":"2026-02-20T21:41:54","slug":"tarot-mandala-pessoal","status":"archived","type":"product","link":"https:\/\/www.personare.com.br\/servicos\/produto\/tarot-mandala-pessoal\/","title":{"rendered":"Tarot &#8211; Mandala Pessoal"},"content":{"rendered":"<p>Pessoas que desejam compreender melhor a si mesmos, seus desafios e oportunidades.<\/p>\n<p>Para quem enfrenta mudan\u00e7as significativas, como mudan\u00e7as de carreira, de casa, de cidade, t\u00e9rminos de relacionamentos, lutos, crises existenciais\u2026<\/p>\n<p>Para quem procura compreender o prop\u00f3sito de sua vida e caminhar em dire\u00e7\u00e3o a um objetivo significativo.<\/p>\n<p>Pessoas que querem orienta\u00e7\u00f5es para estruturar e manifestar seus sonhos, projetos ou metas.<\/p>\n<p>Pessoas insatisfeitas com a vida, que buscam respostas e caminhos.<\/p>\n<p>Pessoas que est\u00e3o dispersas e confusas em suas vidas e buscam por respostas e direcionamento.<\/p>\n<p>Enfim, para aqueles que n\u00e3o aceitam passivamente o rumo da vida, mas sim buscam conscientemente a capacidade de liderar e construir sua pr\u00f3pria realidade.<\/p>\n","protected":false},"excerpt":{"rendered":"<p>A Mandala Pessoal \u00e9 uma consulta profunda ao Tarot, pensada para quem busca um entendimento completo de 16 \u00e1reas essenciais da vida. Muitas pessoas relatam que essa jornada se tornou um verdadeiro divisor de \u00e1guas em suas vidas, revelando insights profundos e transformadores.<br \/>Este m\u00e9todo \u00e9 uma imers\u00e3o de at\u00e9 3 horas de autoconhecimento e orienta\u00e7\u00e3o, onde analisamos \u00e1reas-chave da sua vida, explorando tend\u00eancias, desafios e oportunidades para 2025!<br \/>Campo profissional, financeiro, amoroso, rela\u00e7\u00e3o consigo mesmo, sa\u00fade, prop\u00f3sito e espiritualidade s\u00e3o algumas das 16 \u00e1reas trabalhadas na sess\u00e3o.<\/p>\n","protected":false},"featured_media":12147,"comment_status":"open","ping_status":"closed","template":"","meta":{"_acf_changed":false,"footnotes":""},"product_brand":[],"product_cat":[52],"product_tag":[225],"areas-da-vida":[168,170],"estudos-e-terapias":[154],"dores-e-objetivos":[98,105,109,110,120],"acf":[],"yoast_head":"<!-- This site is optimized with the Yoast SEO plugin v19.6.1 - https:\/\/yoast.com\/wordpress\/plugins\/seo\/ -->\n<title>Tarot - Mandala Pessoal - Personare Servi\u00e7os<\/title>\n<meta name=\"description\" content=\"A Mandala Pessoal \u00e9 um m\u00e9todo de leitura do Tarot que oferece uma an\u00e1lise completa e profunda de 16 importantes \u00e1reas da vida.\" \/>\n<meta name=\"robots\" content=\"index, follow, max-snippet:-1, max-image-preview:large, max-video-preview:-1\" \/>\n<link rel=\"canonical\" href=\"https:\/\/www.personare.com.br\/servicos\/produto\/tarot-mandala-pessoal\/\" \/>\n<meta property=\"og:locale\" content=\"pt_BR\" \/>\n<meta property=\"og:type\" content=\"article\" \/>\n<meta property=\"og:title\" content=\"Tarot - Mandala Pessoal - Personare Servi\u00e7os\" \/>\n<meta property=\"og:description\" content=\"A Mandala Pessoal \u00e9 um m\u00e9todo de leitura do Tarot que oferece uma an\u00e1lise completa e profunda de 16 importantes \u00e1reas da vida.\" \/>\n<meta property=\"og:url\" content=\"https:\/\/www.personare.com.br\/servicos\/produto\/tarot-mandala-pessoal\/\" \/>\n<meta property=\"og:site_name\" content=\"Personare Servi\u00e7os\" \/>\n<meta property=\"article:modified_time\" content=\"2026-02-20T21:41:54+00:00\" \/>\n<meta property=\"og:image\" content=\"https:\/\/d2t4cfkrxg4dhd.cloudfront.net\/app\/uploads\/2023\/11\/Mandala-Pessoal-scaled.jpg\" \/>\n\t<meta property=\"og:image:width\" content=\"2560\" \/>\n\t<meta property=\"og:image:height\" content=\"1855\" \/>\n\t<meta property=\"og:image:type\" content=\"image\/jpeg\" \/>\n<meta name=\"twitter:card\" content=\"summary_large_image\" \/>\n<meta name=\"twitter:label1\" content=\"Est. tempo de leitura\" \/>\n\t<meta name=\"twitter:data1\" content=\"1 minuto\" \/>\n<script type=\"application\/ld+json\" class=\"yoast-schema-graph\">{\"@context\":\"https:\/\/schema.org\",\"@graph\":[{\"@type\":\"WebPage\",\"@id\":\"https:\/\/www.personare.com.br\/servicos\/produto\/tarot-mandala-pessoal\/\",\"url\":\"https:\/\/www.personare.com.br\/servicos\/produto\/tarot-mandala-pessoal\/\",\"name\":\"Tarot - Mandala Pessoal - Personare Servi\u00e7os\",\"isPartOf\":{\"@id\":\"https:\/\/www.personare.com.br\/servicos\/#website\"},\"datePublished\":\"2023-11-21T16:42:03+00:00\",\"dateModified\":\"2026-02-20T21:41:54+00:00\",\"description\":\"A Mandala Pessoal \u00e9 um m\u00e9todo de leitura do Tarot que oferece uma an\u00e1lise completa e profunda de 16 importantes \u00e1reas da vida.\",\"breadcrumb\":{\"@id\":\"https:\/\/www.personare.com.br\/servicos\/produto\/tarot-mandala-pessoal\/#breadcrumb\"},\"inLanguage\":\"pt-BR\",\"potentialAction\":[{\"@type\":\"ReadAction\",\"target\":[\"https:\/\/www.personare.com.br\/servicos\/produto\/tarot-mandala-pessoal\/\"]}]},{\"@type\":\"BreadcrumbList\",\"@id\":\"https:\/\/www.personare.com.br\/servicos\/produto\/tarot-mandala-pessoal\/#breadcrumb\",\"itemListElement\":[{\"@type\":\"ListItem\",\"position\":1,\"name\":\"In\u00edcio\",\"item\":\"https:\/\/www.personare.com.br\/servicos\/\"},{\"@type\":\"ListItem\",\"position\":2,\"name\":\"Loja\",\"item\":\"https:\/\/www.personare.com.br\/servicos\/busca\/\"},{\"@type\":\"ListItem\",\"position\":3,\"name\":\"Tarot &#8211; Mandala Pessoal\"}]},{\"@type\":\"WebSite\",\"@id\":\"https:\/\/www.personare.com.br\/servicos\/#website\",\"url\":\"https:\/\/www.personare.com.br\/servicos\/\",\"name\":\"Personare Servi\u00e7os\",\"description\":\"Agende Consultas e Terapias Online no Personare\",\"publisher\":{\"@id\":\"https:\/\/www.personare.com.br\/servicos\/#organization\"},\"potentialAction\":[{\"@type\":\"SearchAction\",\"target\":{\"@type\":\"EntryPoint\",\"urlTemplate\":\"https:\/\/www.personare.com.br\/servicos\/?s={search_term_string}\"},\"query-input\":\"required name=search_term_string\"}],\"inLanguage\":\"pt-BR\"},{\"@type\":\"Organization\",\"@id\":\"https:\/\/www.personare.com.br\/servicos\/#organization\",\"name\":\"Personare\",\"url\":\"https:\/\/www.personare.com.br\/servicos\/\",\"sameAs\":[],\"logo\":{\"@type\":\"ImageObject\",\"inLanguage\":\"pt-BR\",\"@id\":\"https:\/\/www.personare.com.br\/servicos\/#\/schema\/logo\/image\/\",\"url\":\"https:\/\/d2t4cfkrxg4dhd.cloudfront.net\/app\/uploads\/2021\/04\/70295ca5d3b1be44570b5e6d0854fa942edb2ab6.png\",\"contentUrl\":\"https:\/\/d2t4cfkrxg4dhd.cloudfront.net\/app\/uploads\/2021\/04\/70295ca5d3b1be44570b5e6d0854fa942edb2ab6.png\",\"width\":650,\"height\":554,\"caption\":\"Personare\"},\"image\":{\"@id\":\"https:\/\/www.personare.com.br\/servicos\/#\/schema\/logo\/image\/\"}}]}<\/script>\n<!-- \/ Yoast SEO plugin. -->","yoast_head_json":{"title":"Tarot - Mandala Pessoal - Personare Servi\u00e7os","description":"A Mandala Pessoal \u00e9 um m\u00e9todo de leitura do Tarot que oferece uma an\u00e1lise completa e profunda de 16 importantes \u00e1reas da vida.","robots":{"index":"index","follow":"follow","max-snippet":"max-snippet:-1","max-image-preview":"max-image-preview:large","max-video-preview":"max-video-preview:-1"},"canonical":"https:\/\/www.personare.com.br\/servicos\/produto\/tarot-mandala-pessoal\/","og_locale":"pt_BR","og_type":"article","og_title":"Tarot - Mandala Pessoal - Personare Servi\u00e7os","og_description":"A Mandala Pessoal \u00e9 um m\u00e9todo de leitura do Tarot que oferece uma an\u00e1lise completa e profunda de 16 importantes \u00e1reas da vida.","og_url":"https:\/\/www.personare.com.br\/servicos\/produto\/tarot-mandala-pessoal\/","og_site_name":"Personare Servi\u00e7os","article_modified_time":"2026-02-20T21:41:54+00:00","og_image":[{"width":2560,"height":1855,"url":"https:\/\/d2t4cfkrxg4dhd.cloudfront.net\/app\/uploads\/2023\/11\/Mandala-Pessoal-scaled.jpg","type":"image\/jpeg"}],"twitter_card":"summary_large_image","twitter_misc":{"Est. tempo de leitura":"1 minuto"},"schema":{"@context":"https:\/\/schema.org","@graph":[{"@type":"WebPage","@id":"https:\/\/www.personare.com.br\/servicos\/produto\/tarot-mandala-pessoal\/","url":"https:\/\/www.personare.com.br\/servicos\/produto\/tarot-mandala-pessoal\/","name":"Tarot - Mandala Pessoal - Personare Servi\u00e7os","isPartOf":{"@id":"https:\/\/www.personare.com.br\/servicos\/#website"},"datePublished":"2023-11-21T16:42:03+00:00","dateModified":"2026-02-20T21:41:54+00:00","description":"A Mandala Pessoal \u00e9 um m\u00e9todo de leitura do Tarot que oferece uma an\u00e1lise completa e profunda de 16 importantes \u00e1reas da vida.","breadcrumb":{"@id":"https:\/\/www.personare.com.br\/servicos\/produto\/tarot-mandala-pessoal\/#breadcrumb"},"inLanguage":"pt-BR","potentialAction":[{"@type":"ReadAction","target":["https:\/\/www.personare.com.br\/servicos\/produto\/tarot-mandala-pessoal\/"]}]},{"@type":"BreadcrumbList","@id":"https:\/\/www.personare.com.br\/servicos\/produto\/tarot-mandala-pessoal\/#breadcrumb","itemListElement":[{"@type":"ListItem","position":1,"name":"In\u00edcio","item":"https:\/\/www.personare.com.br\/servicos\/"},{"@type":"ListItem","position":2,"name":"Loja","item":"https:\/\/www.personare.com.br\/servicos\/busca\/"},{"@type":"ListItem","position":3,"name":"Tarot &#8211; Mandala Pessoal"}]},{"@type":"WebSite","@id":"https:\/\/www.personare.com.br\/servicos\/#website","url":"https:\/\/www.personare.com.br\/servicos\/","name":"Personare Servi\u00e7os","description":"Agende Consultas e Terapias Online no Personare","publisher":{"@id":"https:\/\/www.personare.com.br\/servicos\/#organization"},"potentialAction":[{"@type":"SearchAction","target":{"@type":"EntryPoint","urlTemplate":"https:\/\/www.personare.com.br\/servicos\/?s={search_term_string}"},"query-input":"required name=search_term_string"}],"inLanguage":"pt-BR"},{"@type":"Organization","@id":"https:\/\/www.personare.com.br\/servicos\/#organization","name":"Personare","url":"https:\/\/www.personare.com.br\/servicos\/","sameAs":[],"logo":{"@type":"ImageObject","inLanguage":"pt-BR","@id":"https:\/\/www.personare.com.br\/servicos\/#\/schema\/logo\/image\/","url":"https:\/\/d2t4cfkrxg4dhd.cloudfront.net\/app\/uploads\/2021\/04\/70295ca5d3b1be44570b5e6d0854fa942edb2ab6.png","contentUrl":"https:\/\/d2t4cfkrxg4dhd.cloudfront.net\/app\/uploads\/2021\/04\/70295ca5d3b1be44570b5e6d0854fa942edb2ab6.png","width":650,"height":554,"caption":"Personare"},"image":{"@id":"https:\/\/www.personare.com.br\/servicos\/#\/schema\/logo\/image\/"}}]}},"_links":{"self":[{"href":"https:\/\/www.personare.com.br\/servicos\/wp-json\/wp\/v2\/product\/11702"}],"collection":[{"href":"https:\/\/www.personare.com.br\/servicos\/wp-json\/wp\/v2\/product"}],"about":[{"href":"https:\/\/www.personare.com.br\/servicos\/wp-json\/wp\/v2\/types\/product"}],"replies":[{"embeddable":true,"href":"https:\/\/www.personare.com.br\/servicos\/wp-json\/wp\/v2\/comments?post=11702"}],"version-history":[{"count":10,"href":"https:\/\/www.personare.com.br\/servicos\/wp-json\/wp\/v2\/product\/11702\/revisions"}],"predecessor-version":[{"id":20990,"href":"https:\/\/www.personare.com.br\/servicos\/wp-json\/wp\/v2\/product\/11702\/revisions\/20990"}],"wp:featuredmedia":[{"embeddable":true,"href":"https:\/\/www.personare.com.br\/servicos\/wp-json\/wp\/v2\/media\/12147"}],"wp:attachment":[{"href":"https:\/\/www.personare.com.br\/servicos\/wp-json\/wp\/v2\/media?parent=11702"}],"wp:term":[{"taxonomy":"product_brand","embeddable":true,"href":"https:\/\/www.personare.com.br\/servicos\/wp-json\/wp\/v2\/product_brand?post=11702"},{"taxonomy":"product_cat","embeddable":true,"href":"https:\/\/www.personare.com.br\/servicos\/wp-json\/wp\/v2\/product_cat?post=11702"},{"taxonomy":"product_tag","embeddable":true,"href":"https:\/\/www.personare.com.br\/servicos\/wp-json\/wp\/v2\/product_tag?post=11702"},{"taxonomy":"areas-da-vida","embeddable":true,"href":"https:\/\/www.personare.com.br\/servicos\/wp-json\/wp\/v2\/areas-da-vida?post=11702"},{"taxonomy":"estudos-e-terapias","embeddable":true,"href":"https:\/\/www.personare.com.br\/servicos\/wp-json\/wp\/v2\/estudos-e-terapias?post=11702"},{"taxonomy":"dores-e-objetivos","embeddable":true,"href":"https:\/\/www.personare.com.br\/servicos\/wp-json\/wp\/v2\/dores-e-objetivos?post=11702"}],"curies":[{"name":"wp","href":"https:\/\/api.w.org\/{rel}","templated":true}]}}