{"id":11436,"date":"2023-10-31T16:32:47","date_gmt":"2023-10-31T19:32:47","guid":{"rendered":"https:\/\/www.personare.com.br\/servicos\/?post_type=product&#038;p=11436"},"modified":"2026-01-22T19:12:44","modified_gmt":"2026-01-22T22:12:44","slug":"puxao-energetico-com-terapia-vibracional","status":"publish","type":"product","link":"https:\/\/www.personare.com.br\/servicos\/produto\/puxao-energetico-com-terapia-vibracional\/","title":{"rendered":"Sess\u00e3o de Desbloqueio: Libera\u00e7\u00e3o Energ\u00e9tica"},"content":{"rendered":"<p>Quem sente estagna\u00e7\u00e3o profissional ou criativa e\u00a0 n\u00e3o consegue avan\u00e7ar em projetos ou carreira<\/p>\n<p>Pessoas com cansa\u00e7o mental ou emocional persistente,\u00a0 aquele cansa\u00e7o que o sono n\u00e3o cura<\/p>\n<p>Pessoa presas em padr\u00f5es repetitivos, vivendo as mesmas situa\u00e7\u00f5es ou conflitos<\/p>\n<p>Ap\u00f3s eventos desgastantes: t\u00e9rmino de relacionamento, perda, conflitos familiares ou profissionais<\/p>\n<p>Quem tem dificuldade de tomar decis\u00f5es: sente-se paralisado ou confuso diante de escolhas.<\/p>\n<p>Pessoas buscando um &#8220;rein\u00edcio&#8221; energ\u00e9tico, que desejam\u00a0 limpar o campo para recome\u00e7ar com mais leveza.<\/p>\n","protected":false},"excerpt":{"rendered":"<p>A Sess\u00e3o de Desbloqueio \u00e9 uma interven\u00e7\u00e3o focada para momentos em que voc\u00ea sente que algo est\u00e1 travado. Seja uma estagna\u00e7\u00e3o emocional, um cansa\u00e7o mental que n\u00e3o passa ou a sensa\u00e7\u00e3o de estar preso em um ciclo repetitivo, esta sess\u00e3o atua diretamente na libera\u00e7\u00e3o de bloqueios energ\u00e9ticos que impedem o fluxo natural da sua vitalidade.<\/p>\n<p>\u00c9 a ferramenta certa quando voc\u00ea precisa de um <strong>&#8220;reset&#8221; profundo para recuperar a leveza, a presen\u00e7a e a capacidade de seguir em frente.<br \/><\/strong><br \/>Esta sess\u00e3o identifica e trabalha especificamente com os n\u00f3s energ\u00e9ticos e emocionais que est\u00e3o:<\/p>\n<ul>\n<li>Causando estagna\u00e7\u00e3o em \u00e1reas da sua vida<\/li>\n<li>Drenando sua energia vital, gerando cansa\u00e7o cr\u00f4nico ou falta de motiva\u00e7\u00e3o<\/li>\n<li>Impedindo decis\u00f5es claras e a sensa\u00e7\u00e3o de progresso<\/li>\n<\/ul>\n<p>Atrav\u00e9s de t\u00e9cnicas vibracionais, promovemos uma libera\u00e7\u00e3o profunda dessas cargas, restaurando o movimento natural da sua energia.<\/p>\n<p>Utilize essa t\u00e9cnica quando sentir necessidade de elevar sua vibra\u00e7\u00e3o energ\u00e9tica rapidamente. O &#8220;Pux\u00e3o Energ\u00e9tico&#8221; \u00e9 uma ferramenta que oferece suporte e sustenta\u00e7\u00e3o em diversas situa\u00e7\u00f5es.<\/p>\n<p>Sente que algo est\u00e1 travando seu fluxo? Vamos liberar.<\/p>\n","protected":false},"featured_media":12065,"comment_status":"open","ping_status":"closed","template":"","meta":{"_acf_changed":false,"footnotes":""},"product_brand":[],"product_cat":[52],"product_tag":[],"areas-da-vida":[163,169,171],"estudos-e-terapias":[126,140,158],"dores-e-objetivos":[82,86,92,96,102],"acf":[],"yoast_head":"<!-- This site is optimized with the Yoast SEO plugin v19.6.1 - https:\/\/yoast.com\/wordpress\/plugins\/seo\/ -->\n<title>Sess\u00e3o de Desbloqueio: Libera\u00e7\u00e3o Energ\u00e9tica - Personare Servi\u00e7os<\/title>\n<meta name=\"robots\" content=\"index, follow, max-snippet:-1, max-image-preview:large, max-video-preview:-1\" \/>\n<link rel=\"canonical\" href=\"https:\/\/www.personare.com.br\/servicos\/produto\/puxao-energetico-com-terapia-vibracional\/\" \/>\n<meta property=\"og:locale\" content=\"pt_BR\" \/>\n<meta property=\"og:type\" content=\"article\" \/>\n<meta property=\"og:title\" content=\"Sess\u00e3o de Desbloqueio: Libera\u00e7\u00e3o Energ\u00e9tica - Personare Servi\u00e7os\" \/>\n<meta property=\"og:description\" content=\"A Sess\u00e3o de Desbloqueio \u00e9 uma interven\u00e7\u00e3o focada para momentos em que voc\u00ea sente que algo est\u00e1 travado. Seja uma estagna\u00e7\u00e3o emocional, um cansa\u00e7o mental que n\u00e3o passa ou a sensa\u00e7\u00e3o de estar preso em um ciclo repetitivo, esta sess\u00e3o atua diretamente na libera\u00e7\u00e3o de bloqueios energ\u00e9ticos que impedem o fluxo natural da sua vitalidade.\u00c9 a ferramenta certa quando voc\u00ea precisa de um &quot;reset&quot; profundo para recuperar a leveza, a presen\u00e7a e a capacidade de seguir em frente.Esta sess\u00e3o identifica e trabalha especificamente com os n\u00f3s energ\u00e9ticos e emocionais que est\u00e3o:Causando estagna\u00e7\u00e3o em \u00e1reas da sua vidaDrenando sua energia vital, gerando cansa\u00e7o cr\u00f4nico ou falta de motiva\u00e7\u00e3oImpedindo decis\u00f5es claras e a sensa\u00e7\u00e3o de progressoAtrav\u00e9s de t\u00e9cnicas vibracionais, promovemos uma libera\u00e7\u00e3o profunda dessas cargas, restaurando o movimento natural da sua energia.Utilize essa t\u00e9cnica quando sentir necessidade de elevar sua vibra\u00e7\u00e3o energ\u00e9tica rapidamente. O &quot;Pux\u00e3o Energ\u00e9tico&quot; \u00e9 uma ferramenta que oferece suporte e sustenta\u00e7\u00e3o em diversas situa\u00e7\u00f5es.Sente que algo est\u00e1 travando seu fluxo? Vamos liberar.\" \/>\n<meta property=\"og:url\" content=\"https:\/\/www.personare.com.br\/servicos\/produto\/puxao-energetico-com-terapia-vibracional\/\" \/>\n<meta property=\"og:site_name\" content=\"Personare Servi\u00e7os\" \/>\n<meta property=\"article:modified_time\" content=\"2026-01-22T22:12:44+00:00\" \/>\n<meta property=\"og:image\" content=\"https:\/\/d2t4cfkrxg4dhd.cloudfront.net\/app\/uploads\/2023\/10\/OGCc2Y8j3vMCtRL7DIusBPgewiY-1.jpeg\" \/>\n\t<meta property=\"og:image:width\" content=\"1280\" \/>\n\t<meta property=\"og:image:height\" content=\"853\" \/>\n\t<meta property=\"og:image:type\" content=\"image\/jpeg\" \/>\n<meta name=\"twitter:card\" content=\"summary_large_image\" \/>\n<script type=\"application\/ld+json\" class=\"yoast-schema-graph\">{\"@context\":\"https:\/\/schema.org\",\"@graph\":[{\"@type\":\"WebPage\",\"@id\":\"https:\/\/www.personare.com.br\/servicos\/produto\/puxao-energetico-com-terapia-vibracional\/\",\"url\":\"https:\/\/www.personare.com.br\/servicos\/produto\/puxao-energetico-com-terapia-vibracional\/\",\"name\":\"Sess\u00e3o de Desbloqueio: Libera\u00e7\u00e3o Energ\u00e9tica - Personare Servi\u00e7os\",\"isPartOf\":{\"@id\":\"https:\/\/www.personare.com.br\/servicos\/#website\"},\"datePublished\":\"2023-10-31T19:32:47+00:00\",\"dateModified\":\"2026-01-22T22:12:44+00:00\",\"breadcrumb\":{\"@id\":\"https:\/\/www.personare.com.br\/servicos\/produto\/puxao-energetico-com-terapia-vibracional\/#breadcrumb\"},\"inLanguage\":\"pt-BR\",\"potentialAction\":[{\"@type\":\"ReadAction\",\"target\":[\"https:\/\/www.personare.com.br\/servicos\/produto\/puxao-energetico-com-terapia-vibracional\/\"]}]},{\"@type\":\"BreadcrumbList\",\"@id\":\"https:\/\/www.personare.com.br\/servicos\/produto\/puxao-energetico-com-terapia-vibracional\/#breadcrumb\",\"itemListElement\":[{\"@type\":\"ListItem\",\"position\":1,\"name\":\"In\u00edcio\",\"item\":\"https:\/\/www.personare.com.br\/servicos\/\"},{\"@type\":\"ListItem\",\"position\":2,\"name\":\"Loja\",\"item\":\"https:\/\/www.personare.com.br\/servicos\/busca\/\"},{\"@type\":\"ListItem\",\"position\":3,\"name\":\"Sess\u00e3o de Desbloqueio: Libera\u00e7\u00e3o Energ\u00e9tica\"}]},{\"@type\":\"WebSite\",\"@id\":\"https:\/\/www.personare.com.br\/servicos\/#website\",\"url\":\"https:\/\/www.personare.com.br\/servicos\/\",\"name\":\"Personare Servi\u00e7os\",\"description\":\"Agende Consultas e Terapias Online no Personare\",\"publisher\":{\"@id\":\"https:\/\/www.personare.com.br\/servicos\/#organization\"},\"potentialAction\":[{\"@type\":\"SearchAction\",\"target\":{\"@type\":\"EntryPoint\",\"urlTemplate\":\"https:\/\/www.personare.com.br\/servicos\/?s={search_term_string}\"},\"query-input\":\"required name=search_term_string\"}],\"inLanguage\":\"pt-BR\"},{\"@type\":\"Organization\",\"@id\":\"https:\/\/www.personare.com.br\/servicos\/#organization\",\"name\":\"Personare\",\"url\":\"https:\/\/www.personare.com.br\/servicos\/\",\"sameAs\":[],\"logo\":{\"@type\":\"ImageObject\",\"inLanguage\":\"pt-BR\",\"@id\":\"https:\/\/www.personare.com.br\/servicos\/#\/schema\/logo\/image\/\",\"url\":\"https:\/\/d2t4cfkrxg4dhd.cloudfront.net\/app\/uploads\/2021\/04\/70295ca5d3b1be44570b5e6d0854fa942edb2ab6.png\",\"contentUrl\":\"https:\/\/d2t4cfkrxg4dhd.cloudfront.net\/app\/uploads\/2021\/04\/70295ca5d3b1be44570b5e6d0854fa942edb2ab6.png\",\"width\":650,\"height\":554,\"caption\":\"Personare\"},\"image\":{\"@id\":\"https:\/\/www.personare.com.br\/servicos\/#\/schema\/logo\/image\/\"}}]}<\/script>\n<!-- \/ Yoast SEO plugin. -->","yoast_head_json":{"title":"Sess\u00e3o de Desbloqueio: Libera\u00e7\u00e3o Energ\u00e9tica - Personare Servi\u00e7os","robots":{"index":"index","follow":"follow","max-snippet":"max-snippet:-1","max-image-preview":"max-image-preview:large","max-video-preview":"max-video-preview:-1"},"canonical":"https:\/\/www.personare.com.br\/servicos\/produto\/puxao-energetico-com-terapia-vibracional\/","og_locale":"pt_BR","og_type":"article","og_title":"Sess\u00e3o de Desbloqueio: Libera\u00e7\u00e3o Energ\u00e9tica - Personare Servi\u00e7os","og_description":"A Sess\u00e3o de Desbloqueio \u00e9 uma interven\u00e7\u00e3o focada para momentos em que voc\u00ea sente que algo est\u00e1 travado. Seja uma estagna\u00e7\u00e3o emocional, um cansa\u00e7o mental que n\u00e3o passa ou a sensa\u00e7\u00e3o de estar preso em um ciclo repetitivo, esta sess\u00e3o atua diretamente na libera\u00e7\u00e3o de bloqueios energ\u00e9ticos que impedem o fluxo natural da sua vitalidade.\u00c9 a ferramenta certa quando voc\u00ea precisa de um \"reset\" profundo para recuperar a leveza, a presen\u00e7a e a capacidade de seguir em frente.Esta sess\u00e3o identifica e trabalha especificamente com os n\u00f3s energ\u00e9ticos e emocionais que est\u00e3o:Causando estagna\u00e7\u00e3o em \u00e1reas da sua vidaDrenando sua energia vital, gerando cansa\u00e7o cr\u00f4nico ou falta de motiva\u00e7\u00e3oImpedindo decis\u00f5es claras e a sensa\u00e7\u00e3o de progressoAtrav\u00e9s de t\u00e9cnicas vibracionais, promovemos uma libera\u00e7\u00e3o profunda dessas cargas, restaurando o movimento natural da sua energia.Utilize essa t\u00e9cnica quando sentir necessidade de elevar sua vibra\u00e7\u00e3o energ\u00e9tica rapidamente. O \"Pux\u00e3o Energ\u00e9tico\" \u00e9 uma ferramenta que oferece suporte e sustenta\u00e7\u00e3o em diversas situa\u00e7\u00f5es.Sente que algo est\u00e1 travando seu fluxo? Vamos liberar.","og_url":"https:\/\/www.personare.com.br\/servicos\/produto\/puxao-energetico-com-terapia-vibracional\/","og_site_name":"Personare Servi\u00e7os","article_modified_time":"2026-01-22T22:12:44+00:00","og_image":[{"width":1280,"height":853,"url":"https:\/\/d2t4cfkrxg4dhd.cloudfront.net\/app\/uploads\/2023\/10\/OGCc2Y8j3vMCtRL7DIusBPgewiY-1.jpeg","type":"image\/jpeg"}],"twitter_card":"summary_large_image","schema":{"@context":"https:\/\/schema.org","@graph":[{"@type":"WebPage","@id":"https:\/\/www.personare.com.br\/servicos\/produto\/puxao-energetico-com-terapia-vibracional\/","url":"https:\/\/www.personare.com.br\/servicos\/produto\/puxao-energetico-com-terapia-vibracional\/","name":"Sess\u00e3o de Desbloqueio: Libera\u00e7\u00e3o Energ\u00e9tica - Personare Servi\u00e7os","isPartOf":{"@id":"https:\/\/www.personare.com.br\/servicos\/#website"},"datePublished":"2023-10-31T19:32:47+00:00","dateModified":"2026-01-22T22:12:44+00:00","breadcrumb":{"@id":"https:\/\/www.personare.com.br\/servicos\/produto\/puxao-energetico-com-terapia-vibracional\/#breadcrumb"},"inLanguage":"pt-BR","potentialAction":[{"@type":"ReadAction","target":["https:\/\/www.personare.com.br\/servicos\/produto\/puxao-energetico-com-terapia-vibracional\/"]}]},{"@type":"BreadcrumbList","@id":"https:\/\/www.personare.com.br\/servicos\/produto\/puxao-energetico-com-terapia-vibracional\/#breadcrumb","itemListElement":[{"@type":"ListItem","position":1,"name":"In\u00edcio","item":"https:\/\/www.personare.com.br\/servicos\/"},{"@type":"ListItem","position":2,"name":"Loja","item":"https:\/\/www.personare.com.br\/servicos\/busca\/"},{"@type":"ListItem","position":3,"name":"Sess\u00e3o de Desbloqueio: Libera\u00e7\u00e3o Energ\u00e9tica"}]},{"@type":"WebSite","@id":"https:\/\/www.personare.com.br\/servicos\/#website","url":"https:\/\/www.personare.com.br\/servicos\/","name":"Personare Servi\u00e7os","description":"Agende Consultas e Terapias Online no Personare","publisher":{"@id":"https:\/\/www.personare.com.br\/servicos\/#organization"},"potentialAction":[{"@type":"SearchAction","target":{"@type":"EntryPoint","urlTemplate":"https:\/\/www.personare.com.br\/servicos\/?s={search_term_string}"},"query-input":"required name=search_term_string"}],"inLanguage":"pt-BR"},{"@type":"Organization","@id":"https:\/\/www.personare.com.br\/servicos\/#organization","name":"Personare","url":"https:\/\/www.personare.com.br\/servicos\/","sameAs":[],"logo":{"@type":"ImageObject","inLanguage":"pt-BR","@id":"https:\/\/www.personare.com.br\/servicos\/#\/schema\/logo\/image\/","url":"https:\/\/d2t4cfkrxg4dhd.cloudfront.net\/app\/uploads\/2021\/04\/70295ca5d3b1be44570b5e6d0854fa942edb2ab6.png","contentUrl":"https:\/\/d2t4cfkrxg4dhd.cloudfront.net\/app\/uploads\/2021\/04\/70295ca5d3b1be44570b5e6d0854fa942edb2ab6.png","width":650,"height":554,"caption":"Personare"},"image":{"@id":"https:\/\/www.personare.com.br\/servicos\/#\/schema\/logo\/image\/"}}]}},"_links":{"self":[{"href":"https:\/\/www.personare.com.br\/servicos\/wp-json\/wp\/v2\/product\/11436"}],"collection":[{"href":"https:\/\/www.personare.com.br\/servicos\/wp-json\/wp\/v2\/product"}],"about":[{"href":"https:\/\/www.personare.com.br\/servicos\/wp-json\/wp\/v2\/types\/product"}],"replies":[{"embeddable":true,"href":"https:\/\/www.personare.com.br\/servicos\/wp-json\/wp\/v2\/comments?post=11436"}],"version-history":[{"count":11,"href":"https:\/\/www.personare.com.br\/servicos\/wp-json\/wp\/v2\/product\/11436\/revisions"}],"predecessor-version":[{"id":24503,"href":"https:\/\/www.personare.com.br\/servicos\/wp-json\/wp\/v2\/product\/11436\/revisions\/24503"}],"wp:featuredmedia":[{"embeddable":true,"href":"https:\/\/www.personare.com.br\/servicos\/wp-json\/wp\/v2\/media\/12065"}],"wp:attachment":[{"href":"https:\/\/www.personare.com.br\/servicos\/wp-json\/wp\/v2\/media?parent=11436"}],"wp:term":[{"taxonomy":"product_brand","embeddable":true,"href":"https:\/\/www.personare.com.br\/servicos\/wp-json\/wp\/v2\/product_brand?post=11436"},{"taxonomy":"product_cat","embeddable":true,"href":"https:\/\/www.personare.com.br\/servicos\/wp-json\/wp\/v2\/product_cat?post=11436"},{"taxonomy":"product_tag","embeddable":true,"href":"https:\/\/www.personare.com.br\/servicos\/wp-json\/wp\/v2\/product_tag?post=11436"},{"taxonomy":"areas-da-vida","embeddable":true,"href":"https:\/\/www.personare.com.br\/servicos\/wp-json\/wp\/v2\/areas-da-vida?post=11436"},{"taxonomy":"estudos-e-terapias","embeddable":true,"href":"https:\/\/www.personare.com.br\/servicos\/wp-json\/wp\/v2\/estudos-e-terapias?post=11436"},{"taxonomy":"dores-e-objetivos","embeddable":true,"href":"https:\/\/www.personare.com.br\/servicos\/wp-json\/wp\/v2\/dores-e-objetivos?post=11436"}],"curies":[{"name":"wp","href":"https:\/\/api.w.org\/{rel}","templated":true}]}}