{"id":11384,"date":"2023-10-24T18:31:20","date_gmt":"2023-10-24T21:31:20","guid":{"rendered":"https:\/\/www.personare.com.br\/servicos\/?post_type=product&#038;p=11384"},"modified":"2024-09-09T17:06:13","modified_gmt":"2024-09-09T20:06:13","slug":"laboratorio-leitura-com-tutoria","status":"publish","type":"product","link":"https:\/\/www.personare.com.br\/servicos\/produto\/laboratorio-leitura-com-tutoria\/","title":{"rendered":"Laborat\u00f3rio &#8211; Leitura com Tutoria"},"content":{"rendered":"<p dir=\"ltr\" role=\"presentation\">Oraculistas em forma\u00e7\u00e3o ou em reciclagem que desejam oferecer seus servi\u00e7os;<\/p>\n<p dir=\"ltr\" role=\"presentation\">Para quem est\u00e1 insatisfeito(a) com o fluxo de clientes ou abordagem oracular;<\/p>\n<p dir=\"ltr\" role=\"presentation\">Para quem precisa entender melhor o funcionamento do Tarot em diversos contextos;<\/p>\n<p dir=\"ltr\" role=\"presentation\">A quem busca maior assertividade profissional.<\/p>\n","protected":false},"excerpt":{"rendered":"<p>Voc\u00ea traz uma pergunta e Leo Chioda responde. Ou melhor, <strong>ajuda voc\u00ea a respond\u00ea-la<\/strong> com autoconfian\u00e7a e determina\u00e7\u00e3o.<\/p>\n<p>O laborat\u00f3rio \u00e9 um servi\u00e7o de<strong> leitura personalizada com tutoria<\/strong>, ou seja, funciona como facilitadora para receber, compreender e ajudar a pessoa que busca o Tarot. Seja qual for o assunto ou contexto trazido \u00e0 consulta, Leo Chioda aqui te orienta a conduzir uma sess\u00e3o oracular com seguran\u00e7a e honestidade.<\/p>\n","protected":false},"featured_media":14148,"comment_status":"open","ping_status":"closed","template":"","meta":{"_acf_changed":false,"footnotes":""},"product_brand":[],"product_cat":[52],"product_tag":[],"areas-da-vida":[170],"estudos-e-terapias":[154],"dores-e-objetivos":[189,99],"acf":[],"yoast_head":"<!-- This site is optimized with the Yoast SEO plugin v19.6.1 - https:\/\/yoast.com\/wordpress\/plugins\/seo\/ -->\n<title>Laborat\u00f3rio - Leitura com Tutoria - Personare Servi\u00e7os<\/title>\n<meta name=\"robots\" content=\"index, follow, max-snippet:-1, max-image-preview:large, max-video-preview:-1\" \/>\n<link rel=\"canonical\" href=\"https:\/\/www.personare.com.br\/servicos\/produto\/laboratorio-leitura-com-tutoria\/\" \/>\n<meta property=\"og:locale\" content=\"pt_BR\" \/>\n<meta property=\"og:type\" content=\"article\" \/>\n<meta property=\"og:title\" content=\"Laborat\u00f3rio - Leitura com Tutoria - Personare Servi\u00e7os\" \/>\n<meta property=\"og:description\" content=\"Voc\u00ea traz uma pergunta e Leo Chioda responde. Ou melhor, ajuda voc\u00ea a respond\u00ea-la com autoconfian\u00e7a e determina\u00e7\u00e3o.  O laborat\u00f3rio \u00e9 um servi\u00e7o de leitura personalizada com tutoria, ou seja, funciona como facilitadora para receber, compreender e ajudar a pessoa que busca o Tarot. Seja qual for o assunto ou contexto trazido \u00e0 consulta, Leo Chioda aqui te orienta a conduzir uma sess\u00e3o oracular com seguran\u00e7a e honestidade.\" \/>\n<meta property=\"og:url\" content=\"https:\/\/www.personare.com.br\/servicos\/produto\/laboratorio-leitura-com-tutoria\/\" \/>\n<meta property=\"og:site_name\" content=\"Personare Servi\u00e7os\" \/>\n<meta property=\"article:modified_time\" content=\"2024-09-09T20:06:13+00:00\" \/>\n<meta property=\"og:image\" content=\"https:\/\/d2t4cfkrxg4dhd.cloudfront.net\/app\/uploads\/2023\/10\/LEO-2023.png\" \/>\n\t<meta property=\"og:image:width\" content=\"686\" \/>\n\t<meta property=\"og:image:height\" content=\"421\" \/>\n\t<meta property=\"og:image:type\" content=\"image\/png\" \/>\n<meta name=\"twitter:card\" content=\"summary_large_image\" \/>\n<script type=\"application\/ld+json\" class=\"yoast-schema-graph\">{\"@context\":\"https:\/\/schema.org\",\"@graph\":[{\"@type\":\"WebPage\",\"@id\":\"https:\/\/www.personare.com.br\/servicos\/produto\/laboratorio-leitura-com-tutoria\/\",\"url\":\"https:\/\/www.personare.com.br\/servicos\/produto\/laboratorio-leitura-com-tutoria\/\",\"name\":\"Laborat\u00f3rio - Leitura com Tutoria - Personare Servi\u00e7os\",\"isPartOf\":{\"@id\":\"https:\/\/www.personare.com.br\/servicos\/#website\"},\"datePublished\":\"2023-10-24T21:31:20+00:00\",\"dateModified\":\"2024-09-09T20:06:13+00:00\",\"breadcrumb\":{\"@id\":\"https:\/\/www.personare.com.br\/servicos\/produto\/laboratorio-leitura-com-tutoria\/#breadcrumb\"},\"inLanguage\":\"pt-BR\",\"potentialAction\":[{\"@type\":\"ReadAction\",\"target\":[\"https:\/\/www.personare.com.br\/servicos\/produto\/laboratorio-leitura-com-tutoria\/\"]}]},{\"@type\":\"BreadcrumbList\",\"@id\":\"https:\/\/www.personare.com.br\/servicos\/produto\/laboratorio-leitura-com-tutoria\/#breadcrumb\",\"itemListElement\":[{\"@type\":\"ListItem\",\"position\":1,\"name\":\"In\u00edcio\",\"item\":\"https:\/\/www.personare.com.br\/servicos\/\"},{\"@type\":\"ListItem\",\"position\":2,\"name\":\"Loja\",\"item\":\"https:\/\/www.personare.com.br\/servicos\/busca\/\"},{\"@type\":\"ListItem\",\"position\":3,\"name\":\"Laborat\u00f3rio &#8211; Leitura com Tutoria\"}]},{\"@type\":\"WebSite\",\"@id\":\"https:\/\/www.personare.com.br\/servicos\/#website\",\"url\":\"https:\/\/www.personare.com.br\/servicos\/\",\"name\":\"Personare Servi\u00e7os\",\"description\":\"Agende Consultas e Terapias Online no Personare\",\"publisher\":{\"@id\":\"https:\/\/www.personare.com.br\/servicos\/#organization\"},\"potentialAction\":[{\"@type\":\"SearchAction\",\"target\":{\"@type\":\"EntryPoint\",\"urlTemplate\":\"https:\/\/www.personare.com.br\/servicos\/?s={search_term_string}\"},\"query-input\":\"required name=search_term_string\"}],\"inLanguage\":\"pt-BR\"},{\"@type\":\"Organization\",\"@id\":\"https:\/\/www.personare.com.br\/servicos\/#organization\",\"name\":\"Personare\",\"url\":\"https:\/\/www.personare.com.br\/servicos\/\",\"sameAs\":[],\"logo\":{\"@type\":\"ImageObject\",\"inLanguage\":\"pt-BR\",\"@id\":\"https:\/\/www.personare.com.br\/servicos\/#\/schema\/logo\/image\/\",\"url\":\"https:\/\/d2t4cfkrxg4dhd.cloudfront.net\/app\/uploads\/2021\/04\/70295ca5d3b1be44570b5e6d0854fa942edb2ab6.png\",\"contentUrl\":\"https:\/\/d2t4cfkrxg4dhd.cloudfront.net\/app\/uploads\/2021\/04\/70295ca5d3b1be44570b5e6d0854fa942edb2ab6.png\",\"width\":650,\"height\":554,\"caption\":\"Personare\"},\"image\":{\"@id\":\"https:\/\/www.personare.com.br\/servicos\/#\/schema\/logo\/image\/\"}}]}<\/script>\n<!-- \/ Yoast SEO plugin. -->","yoast_head_json":{"title":"Laborat\u00f3rio - Leitura com Tutoria - Personare Servi\u00e7os","robots":{"index":"index","follow":"follow","max-snippet":"max-snippet:-1","max-image-preview":"max-image-preview:large","max-video-preview":"max-video-preview:-1"},"canonical":"https:\/\/www.personare.com.br\/servicos\/produto\/laboratorio-leitura-com-tutoria\/","og_locale":"pt_BR","og_type":"article","og_title":"Laborat\u00f3rio - Leitura com Tutoria - Personare Servi\u00e7os","og_description":"Voc\u00ea traz uma pergunta e Leo Chioda responde. Ou melhor, ajuda voc\u00ea a respond\u00ea-la com autoconfian\u00e7a e determina\u00e7\u00e3o.  O laborat\u00f3rio \u00e9 um servi\u00e7o de leitura personalizada com tutoria, ou seja, funciona como facilitadora para receber, compreender e ajudar a pessoa que busca o Tarot. Seja qual for o assunto ou contexto trazido \u00e0 consulta, Leo Chioda aqui te orienta a conduzir uma sess\u00e3o oracular com seguran\u00e7a e honestidade.","og_url":"https:\/\/www.personare.com.br\/servicos\/produto\/laboratorio-leitura-com-tutoria\/","og_site_name":"Personare Servi\u00e7os","article_modified_time":"2024-09-09T20:06:13+00:00","og_image":[{"width":686,"height":421,"url":"https:\/\/d2t4cfkrxg4dhd.cloudfront.net\/app\/uploads\/2023\/10\/LEO-2023.png","type":"image\/png"}],"twitter_card":"summary_large_image","schema":{"@context":"https:\/\/schema.org","@graph":[{"@type":"WebPage","@id":"https:\/\/www.personare.com.br\/servicos\/produto\/laboratorio-leitura-com-tutoria\/","url":"https:\/\/www.personare.com.br\/servicos\/produto\/laboratorio-leitura-com-tutoria\/","name":"Laborat\u00f3rio - Leitura com Tutoria - Personare Servi\u00e7os","isPartOf":{"@id":"https:\/\/www.personare.com.br\/servicos\/#website"},"datePublished":"2023-10-24T21:31:20+00:00","dateModified":"2024-09-09T20:06:13+00:00","breadcrumb":{"@id":"https:\/\/www.personare.com.br\/servicos\/produto\/laboratorio-leitura-com-tutoria\/#breadcrumb"},"inLanguage":"pt-BR","potentialAction":[{"@type":"ReadAction","target":["https:\/\/www.personare.com.br\/servicos\/produto\/laboratorio-leitura-com-tutoria\/"]}]},{"@type":"BreadcrumbList","@id":"https:\/\/www.personare.com.br\/servicos\/produto\/laboratorio-leitura-com-tutoria\/#breadcrumb","itemListElement":[{"@type":"ListItem","position":1,"name":"In\u00edcio","item":"https:\/\/www.personare.com.br\/servicos\/"},{"@type":"ListItem","position":2,"name":"Loja","item":"https:\/\/www.personare.com.br\/servicos\/busca\/"},{"@type":"ListItem","position":3,"name":"Laborat\u00f3rio &#8211; Leitura com Tutoria"}]},{"@type":"WebSite","@id":"https:\/\/www.personare.com.br\/servicos\/#website","url":"https:\/\/www.personare.com.br\/servicos\/","name":"Personare Servi\u00e7os","description":"Agende Consultas e Terapias Online no Personare","publisher":{"@id":"https:\/\/www.personare.com.br\/servicos\/#organization"},"potentialAction":[{"@type":"SearchAction","target":{"@type":"EntryPoint","urlTemplate":"https:\/\/www.personare.com.br\/servicos\/?s={search_term_string}"},"query-input":"required name=search_term_string"}],"inLanguage":"pt-BR"},{"@type":"Organization","@id":"https:\/\/www.personare.com.br\/servicos\/#organization","name":"Personare","url":"https:\/\/www.personare.com.br\/servicos\/","sameAs":[],"logo":{"@type":"ImageObject","inLanguage":"pt-BR","@id":"https:\/\/www.personare.com.br\/servicos\/#\/schema\/logo\/image\/","url":"https:\/\/d2t4cfkrxg4dhd.cloudfront.net\/app\/uploads\/2021\/04\/70295ca5d3b1be44570b5e6d0854fa942edb2ab6.png","contentUrl":"https:\/\/d2t4cfkrxg4dhd.cloudfront.net\/app\/uploads\/2021\/04\/70295ca5d3b1be44570b5e6d0854fa942edb2ab6.png","width":650,"height":554,"caption":"Personare"},"image":{"@id":"https:\/\/www.personare.com.br\/servicos\/#\/schema\/logo\/image\/"}}]}},"_links":{"self":[{"href":"https:\/\/www.personare.com.br\/servicos\/wp-json\/wp\/v2\/product\/11384"}],"collection":[{"href":"https:\/\/www.personare.com.br\/servicos\/wp-json\/wp\/v2\/product"}],"about":[{"href":"https:\/\/www.personare.com.br\/servicos\/wp-json\/wp\/v2\/types\/product"}],"replies":[{"embeddable":true,"href":"https:\/\/www.personare.com.br\/servicos\/wp-json\/wp\/v2\/comments?post=11384"}],"version-history":[{"count":2,"href":"https:\/\/www.personare.com.br\/servicos\/wp-json\/wp\/v2\/product\/11384\/revisions"}],"predecessor-version":[{"id":14130,"href":"https:\/\/www.personare.com.br\/servicos\/wp-json\/wp\/v2\/product\/11384\/revisions\/14130"}],"wp:featuredmedia":[{"embeddable":true,"href":"https:\/\/www.personare.com.br\/servicos\/wp-json\/wp\/v2\/media\/14148"}],"wp:attachment":[{"href":"https:\/\/www.personare.com.br\/servicos\/wp-json\/wp\/v2\/media?parent=11384"}],"wp:term":[{"taxonomy":"product_brand","embeddable":true,"href":"https:\/\/www.personare.com.br\/servicos\/wp-json\/wp\/v2\/product_brand?post=11384"},{"taxonomy":"product_cat","embeddable":true,"href":"https:\/\/www.personare.com.br\/servicos\/wp-json\/wp\/v2\/product_cat?post=11384"},{"taxonomy":"product_tag","embeddable":true,"href":"https:\/\/www.personare.com.br\/servicos\/wp-json\/wp\/v2\/product_tag?post=11384"},{"taxonomy":"areas-da-vida","embeddable":true,"href":"https:\/\/www.personare.com.br\/servicos\/wp-json\/wp\/v2\/areas-da-vida?post=11384"},{"taxonomy":"estudos-e-terapias","embeddable":true,"href":"https:\/\/www.personare.com.br\/servicos\/wp-json\/wp\/v2\/estudos-e-terapias?post=11384"},{"taxonomy":"dores-e-objetivos","embeddable":true,"href":"https:\/\/www.personare.com.br\/servicos\/wp-json\/wp\/v2\/dores-e-objetivos?post=11384"}],"curies":[{"name":"wp","href":"https:\/\/api.w.org\/{rel}","templated":true}]}}