{"id":10712,"date":"2023-10-03T20:10:31","date_gmt":"2023-10-03T23:10:31","guid":{"rendered":"https:\/\/www.personare.com.br\/servicos\/?post_type=product&#038;p=10712"},"modified":"2026-04-06T09:44:55","modified_gmt":"2026-04-06T12:44:55","slug":"tarot-terapeutico-florais","status":"publish","type":"product","link":"https:\/\/www.personare.com.br\/servicos\/produto\/tarot-terapeutico-florais\/","title":{"rendered":"Tarot Terap\u00eautico + Florais"},"content":{"rendered":"<p>Pessoas adultas que precisam de uma orienta\u00e7\u00e3o geral sobre seu caminho de realiza\u00e7\u00e3o;<\/p>\n<p>Para aqueles que se sentem perdidos ou desconectados de sua ess\u00eancia e projeto de vida;<\/p>\n<p>Pessoas passando por grandes mudan\u00e7as e\/ou crises pessoais;<\/p>\n<p>Para quem busca respostas mais profundas sobre os acontecimentos de sua vida.<\/p>\n","protected":false},"excerpt":{"rendered":"<p>O <strong>Tarot Terap\u00eautico<\/strong> \u00e9 uma t\u00e9cnica reveladora de <strong>caminhos de evolu\u00e7\u00e3o<\/strong> e <strong>desenvolvimento pessoal<\/strong>. N\u00e3o importa o que voc\u00ea esteja passando\u00a0 no momento, este jogo sempre pode acrescentar camadas de autoconhecimento que ajudar\u00e3o voc\u00ea a chegar nos resultados t\u00e3o desejados. N\u00e3o existe solu\u00e7\u00e3o m\u00e1gica. Este jogo \u00e9 para aquelas pessoas que est\u00e3o dispostas a se aprofundar nas pr\u00f3prias quest\u00f5es e sombras sem m\u00e1scaras.<\/p>\n<p>O jogo segue com uma <strong>F\u00f3rmula floral<\/strong> para ajudar a sedimentar as mudan\u00e7as necess\u00e1rias. Confie no processo!<\/p>\n","protected":false},"featured_media":12035,"comment_status":"open","ping_status":"closed","template":"","meta":{"_acf_changed":false,"footnotes":""},"product_brand":[],"product_cat":[52],"product_tag":[],"areas-da-vida":[162,163,164,165,167,168,169,170],"estudos-e-terapias":[137,154],"dores-e-objetivos":[82,83,86,87,88,90,92,189,94,95,188,98,99,104,110,116,192,118,119,120],"acf":[],"yoast_head":"<!-- This site is optimized with the Yoast SEO plugin v19.6.1 - https:\/\/yoast.com\/wordpress\/plugins\/seo\/ -->\n<title>Tarot Terap\u00eautico + Florais - Personare Servi\u00e7os<\/title>\n<meta name=\"description\" content=\"Seja l\u00e1 o que voc\u00ea estiver vivendo no momento, este jogo sempre pode acrescentar camadas de autoconhecimento que ajudar\u00e3o voc\u00ea a chegar nos resultados t\u00e3o desejados.\" \/>\n<meta name=\"robots\" content=\"index, follow, max-snippet:-1, max-image-preview:large, max-video-preview:-1\" \/>\n<link rel=\"canonical\" href=\"https:\/\/www.personare.com.br\/servicos\/produto\/tarot-terapeutico-florais\/\" \/>\n<meta property=\"og:locale\" content=\"pt_BR\" \/>\n<meta property=\"og:type\" content=\"article\" \/>\n<meta property=\"og:title\" content=\"Tarot Terap\u00eautico + Florais - Personare Servi\u00e7os\" \/>\n<meta property=\"og:description\" content=\"Seja l\u00e1 o que voc\u00ea estiver vivendo no momento, este jogo sempre pode acrescentar camadas de autoconhecimento que ajudar\u00e3o voc\u00ea a chegar nos resultados t\u00e3o desejados.\" \/>\n<meta property=\"og:url\" content=\"https:\/\/www.personare.com.br\/servicos\/produto\/tarot-terapeutico-florais\/\" \/>\n<meta property=\"og:site_name\" content=\"Personare Servi\u00e7os\" \/>\n<meta property=\"article:modified_time\" content=\"2026-04-06T12:44:55+00:00\" \/>\n<meta property=\"og:image\" content=\"https:\/\/d2t4cfkrxg4dhd.cloudfront.net\/app\/uploads\/2023\/10\/Sem-nome-1920-%C3%97-1080-px-9-1024x576.png\" \/>\n\t<meta property=\"og:image:width\" content=\"1024\" \/>\n\t<meta property=\"og:image:height\" content=\"576\" \/>\n\t<meta property=\"og:image:type\" content=\"image\/png\" \/>\n<meta name=\"twitter:card\" content=\"summary_large_image\" \/>\n<script type=\"application\/ld+json\" class=\"yoast-schema-graph\">{\"@context\":\"https:\/\/schema.org\",\"@graph\":[{\"@type\":\"WebPage\",\"@id\":\"https:\/\/www.personare.com.br\/servicos\/produto\/tarot-terapeutico-florais\/\",\"url\":\"https:\/\/www.personare.com.br\/servicos\/produto\/tarot-terapeutico-florais\/\",\"name\":\"Tarot Terap\u00eautico + Florais - Personare Servi\u00e7os\",\"isPartOf\":{\"@id\":\"https:\/\/www.personare.com.br\/servicos\/#website\"},\"datePublished\":\"2023-10-03T23:10:31+00:00\",\"dateModified\":\"2026-04-06T12:44:55+00:00\",\"description\":\"Seja l\u00e1 o que voc\u00ea estiver vivendo no momento, este jogo sempre pode acrescentar camadas de autoconhecimento que ajudar\u00e3o voc\u00ea a chegar nos resultados t\u00e3o desejados.\",\"breadcrumb\":{\"@id\":\"https:\/\/www.personare.com.br\/servicos\/produto\/tarot-terapeutico-florais\/#breadcrumb\"},\"inLanguage\":\"pt-BR\",\"potentialAction\":[{\"@type\":\"ReadAction\",\"target\":[\"https:\/\/www.personare.com.br\/servicos\/produto\/tarot-terapeutico-florais\/\"]}]},{\"@type\":\"BreadcrumbList\",\"@id\":\"https:\/\/www.personare.com.br\/servicos\/produto\/tarot-terapeutico-florais\/#breadcrumb\",\"itemListElement\":[{\"@type\":\"ListItem\",\"position\":1,\"name\":\"In\u00edcio\",\"item\":\"https:\/\/www.personare.com.br\/servicos\/\"},{\"@type\":\"ListItem\",\"position\":2,\"name\":\"Loja\",\"item\":\"https:\/\/www.personare.com.br\/servicos\/busca\/\"},{\"@type\":\"ListItem\",\"position\":3,\"name\":\"Tarot Terap\u00eautico + Florais\"}]},{\"@type\":\"WebSite\",\"@id\":\"https:\/\/www.personare.com.br\/servicos\/#website\",\"url\":\"https:\/\/www.personare.com.br\/servicos\/\",\"name\":\"Personare Servi\u00e7os\",\"description\":\"Agende Consultas e Terapias Online no Personare\",\"publisher\":{\"@id\":\"https:\/\/www.personare.com.br\/servicos\/#organization\"},\"potentialAction\":[{\"@type\":\"SearchAction\",\"target\":{\"@type\":\"EntryPoint\",\"urlTemplate\":\"https:\/\/www.personare.com.br\/servicos\/?s={search_term_string}\"},\"query-input\":\"required name=search_term_string\"}],\"inLanguage\":\"pt-BR\"},{\"@type\":\"Organization\",\"@id\":\"https:\/\/www.personare.com.br\/servicos\/#organization\",\"name\":\"Personare\",\"url\":\"https:\/\/www.personare.com.br\/servicos\/\",\"sameAs\":[],\"logo\":{\"@type\":\"ImageObject\",\"inLanguage\":\"pt-BR\",\"@id\":\"https:\/\/www.personare.com.br\/servicos\/#\/schema\/logo\/image\/\",\"url\":\"https:\/\/d2t4cfkrxg4dhd.cloudfront.net\/app\/uploads\/2021\/04\/70295ca5d3b1be44570b5e6d0854fa942edb2ab6.png\",\"contentUrl\":\"https:\/\/d2t4cfkrxg4dhd.cloudfront.net\/app\/uploads\/2021\/04\/70295ca5d3b1be44570b5e6d0854fa942edb2ab6.png\",\"width\":650,\"height\":554,\"caption\":\"Personare\"},\"image\":{\"@id\":\"https:\/\/www.personare.com.br\/servicos\/#\/schema\/logo\/image\/\"}}]}<\/script>\n<!-- \/ Yoast SEO plugin. -->","yoast_head_json":{"title":"Tarot Terap\u00eautico + Florais - Personare Servi\u00e7os","description":"Seja l\u00e1 o que voc\u00ea estiver vivendo no momento, este jogo sempre pode acrescentar camadas de autoconhecimento que ajudar\u00e3o voc\u00ea a chegar nos resultados t\u00e3o desejados.","robots":{"index":"index","follow":"follow","max-snippet":"max-snippet:-1","max-image-preview":"max-image-preview:large","max-video-preview":"max-video-preview:-1"},"canonical":"https:\/\/www.personare.com.br\/servicos\/produto\/tarot-terapeutico-florais\/","og_locale":"pt_BR","og_type":"article","og_title":"Tarot Terap\u00eautico + Florais - Personare Servi\u00e7os","og_description":"Seja l\u00e1 o que voc\u00ea estiver vivendo no momento, este jogo sempre pode acrescentar camadas de autoconhecimento que ajudar\u00e3o voc\u00ea a chegar nos resultados t\u00e3o desejados.","og_url":"https:\/\/www.personare.com.br\/servicos\/produto\/tarot-terapeutico-florais\/","og_site_name":"Personare Servi\u00e7os","article_modified_time":"2026-04-06T12:44:55+00:00","og_image":[{"width":1024,"height":576,"url":"https:\/\/d2t4cfkrxg4dhd.cloudfront.net\/app\/uploads\/2023\/10\/Sem-nome-1920-%C3%97-1080-px-9-1024x576.png","type":"image\/png"}],"twitter_card":"summary_large_image","schema":{"@context":"https:\/\/schema.org","@graph":[{"@type":"WebPage","@id":"https:\/\/www.personare.com.br\/servicos\/produto\/tarot-terapeutico-florais\/","url":"https:\/\/www.personare.com.br\/servicos\/produto\/tarot-terapeutico-florais\/","name":"Tarot Terap\u00eautico + Florais - Personare Servi\u00e7os","isPartOf":{"@id":"https:\/\/www.personare.com.br\/servicos\/#website"},"datePublished":"2023-10-03T23:10:31+00:00","dateModified":"2026-04-06T12:44:55+00:00","description":"Seja l\u00e1 o que voc\u00ea estiver vivendo no momento, este jogo sempre pode acrescentar camadas de autoconhecimento que ajudar\u00e3o voc\u00ea a chegar nos resultados t\u00e3o desejados.","breadcrumb":{"@id":"https:\/\/www.personare.com.br\/servicos\/produto\/tarot-terapeutico-florais\/#breadcrumb"},"inLanguage":"pt-BR","potentialAction":[{"@type":"ReadAction","target":["https:\/\/www.personare.com.br\/servicos\/produto\/tarot-terapeutico-florais\/"]}]},{"@type":"BreadcrumbList","@id":"https:\/\/www.personare.com.br\/servicos\/produto\/tarot-terapeutico-florais\/#breadcrumb","itemListElement":[{"@type":"ListItem","position":1,"name":"In\u00edcio","item":"https:\/\/www.personare.com.br\/servicos\/"},{"@type":"ListItem","position":2,"name":"Loja","item":"https:\/\/www.personare.com.br\/servicos\/busca\/"},{"@type":"ListItem","position":3,"name":"Tarot Terap\u00eautico + Florais"}]},{"@type":"WebSite","@id":"https:\/\/www.personare.com.br\/servicos\/#website","url":"https:\/\/www.personare.com.br\/servicos\/","name":"Personare Servi\u00e7os","description":"Agende Consultas e Terapias Online no Personare","publisher":{"@id":"https:\/\/www.personare.com.br\/servicos\/#organization"},"potentialAction":[{"@type":"SearchAction","target":{"@type":"EntryPoint","urlTemplate":"https:\/\/www.personare.com.br\/servicos\/?s={search_term_string}"},"query-input":"required name=search_term_string"}],"inLanguage":"pt-BR"},{"@type":"Organization","@id":"https:\/\/www.personare.com.br\/servicos\/#organization","name":"Personare","url":"https:\/\/www.personare.com.br\/servicos\/","sameAs":[],"logo":{"@type":"ImageObject","inLanguage":"pt-BR","@id":"https:\/\/www.personare.com.br\/servicos\/#\/schema\/logo\/image\/","url":"https:\/\/d2t4cfkrxg4dhd.cloudfront.net\/app\/uploads\/2021\/04\/70295ca5d3b1be44570b5e6d0854fa942edb2ab6.png","contentUrl":"https:\/\/d2t4cfkrxg4dhd.cloudfront.net\/app\/uploads\/2021\/04\/70295ca5d3b1be44570b5e6d0854fa942edb2ab6.png","width":650,"height":554,"caption":"Personare"},"image":{"@id":"https:\/\/www.personare.com.br\/servicos\/#\/schema\/logo\/image\/"}}]}},"_links":{"self":[{"href":"https:\/\/www.personare.com.br\/servicos\/wp-json\/wp\/v2\/product\/10712"}],"collection":[{"href":"https:\/\/www.personare.com.br\/servicos\/wp-json\/wp\/v2\/product"}],"about":[{"href":"https:\/\/www.personare.com.br\/servicos\/wp-json\/wp\/v2\/types\/product"}],"replies":[{"embeddable":true,"href":"https:\/\/www.personare.com.br\/servicos\/wp-json\/wp\/v2\/comments?post=10712"}],"version-history":[{"count":5,"href":"https:\/\/www.personare.com.br\/servicos\/wp-json\/wp\/v2\/product\/10712\/revisions"}],"predecessor-version":[{"id":22407,"href":"https:\/\/www.personare.com.br\/servicos\/wp-json\/wp\/v2\/product\/10712\/revisions\/22407"}],"wp:featuredmedia":[{"embeddable":true,"href":"https:\/\/www.personare.com.br\/servicos\/wp-json\/wp\/v2\/media\/12035"}],"wp:attachment":[{"href":"https:\/\/www.personare.com.br\/servicos\/wp-json\/wp\/v2\/media?parent=10712"}],"wp:term":[{"taxonomy":"product_brand","embeddable":true,"href":"https:\/\/www.personare.com.br\/servicos\/wp-json\/wp\/v2\/product_brand?post=10712"},{"taxonomy":"product_cat","embeddable":true,"href":"https:\/\/www.personare.com.br\/servicos\/wp-json\/wp\/v2\/product_cat?post=10712"},{"taxonomy":"product_tag","embeddable":true,"href":"https:\/\/www.personare.com.br\/servicos\/wp-json\/wp\/v2\/product_tag?post=10712"},{"taxonomy":"areas-da-vida","embeddable":true,"href":"https:\/\/www.personare.com.br\/servicos\/wp-json\/wp\/v2\/areas-da-vida?post=10712"},{"taxonomy":"estudos-e-terapias","embeddable":true,"href":"https:\/\/www.personare.com.br\/servicos\/wp-json\/wp\/v2\/estudos-e-terapias?post=10712"},{"taxonomy":"dores-e-objetivos","embeddable":true,"href":"https:\/\/www.personare.com.br\/servicos\/wp-json\/wp\/v2\/dores-e-objetivos?post=10712"}],"curies":[{"name":"wp","href":"https:\/\/api.w.org\/{rel}","templated":true}]}}