{"id":10710,"date":"2023-10-03T19:42:08","date_gmt":"2023-10-03T22:42:08","guid":{"rendered":"https:\/\/www.personare.com.br\/servicos\/?post_type=product&#038;p=10710"},"modified":"2025-03-13T16:23:11","modified_gmt":"2025-03-13T19:23:11","slug":"caminhos-com-o-tarot-vida-profissional-ou-amorosa","status":"publish","type":"product","link":"https:\/\/www.personare.com.br\/servicos\/produto\/caminhos-com-o-tarot-vida-profissional-ou-amorosa\/","title":{"rendered":"Caminhos com o Tarot: Amor e Vida Profissional"},"content":{"rendered":"<p>Pessoas adultas que est\u00e3o com dificuldade em sua vida profissional ou emocional;<\/p>\n<p>Para aqueles que est\u00e3o se sentindo perdidos sobre em quais projetos e oportunidades investir no momento;<\/p>\n<p>Para quem est\u00e1 desorientado e sem sentido em seu caminho profissional ou no amor;<\/p>\n<p>Para quem busca respostas mais profundas e terap\u00eauticas sobre sua vida afetiva;<\/p>\n<p>Para todos que sentem inseguran\u00e7a ao se relacionar ou ao tomar decis\u00f5es relativas a sua vida amorosa ou profissional.<\/p>\n","protected":false},"excerpt":{"rendered":"<p>Sabe quando voc\u00ea se v\u00ea em d\u00favida quanto ao <strong>melhor caminho a tomar para decidir uma situa\u00e7\u00e3o<\/strong> em sua <strong>Vida Amorosa<\/strong> ou <strong>Profissional<\/strong>? Esta consulta com o Tarot pode te ajudar!<\/p>\n<p>Seja no campo <strong>amoroso ou profissional<\/strong>, podemos entender o que est\u00e1 acontecendo atualmente, verificar as melhores op\u00e7\u00f5es de caminho e direcionar o melhor deles para voc\u00ea. Nesse caso, o Tarot e os Or\u00e1culos v\u00e3o trazer informa\u00e7\u00f5es que possam lhe orientar para obter o que voc\u00ea deseja. Seja qual for a sua quest\u00e3o, escolha qual o tema da vez (Vida Profissional ou Vida Afetiva) e traga luz para ela!<\/p>\n","protected":false},"featured_media":12035,"comment_status":"open","ping_status":"closed","template":"","meta":{"_acf_changed":false,"footnotes":""},"product_brand":[],"product_cat":[52],"product_tag":[],"areas-da-vida":[162,165,170],"estudos-e-terapias":[154],"dores-e-objetivos":[188,109,113,213,116,120],"acf":[],"yoast_head":"<!-- This site is optimized with the Yoast SEO plugin v19.6.1 - https:\/\/yoast.com\/wordpress\/plugins\/seo\/ -->\n<title>Caminhos com o Tarot: Amor e Vida Profissional - Personare Servi\u00e7os<\/title>\n<meta name=\"description\" content=\"Sabe quando voc\u00ea se v\u00ea em d\u00favida quanto ao melhor caminho a tomar para decidir uma situa\u00e7\u00e3o em sua Vida Amorosa ou Profissional? Esta consulta com o Tarot pode te ajudar!\" \/>\n<meta name=\"robots\" content=\"index, follow, max-snippet:-1, max-image-preview:large, max-video-preview:-1\" \/>\n<link rel=\"canonical\" href=\"https:\/\/www.personare.com.br\/servicos\/produto\/caminhos-com-o-tarot-vida-profissional-ou-amorosa\/\" \/>\n<meta property=\"og:locale\" content=\"pt_BR\" \/>\n<meta property=\"og:type\" content=\"article\" \/>\n<meta property=\"og:title\" content=\"Caminhos com o Tarot: Amor e Vida Profissional - Personare Servi\u00e7os\" \/>\n<meta property=\"og:description\" content=\"Sabe quando voc\u00ea se v\u00ea em d\u00favida quanto ao melhor caminho a tomar para decidir uma situa\u00e7\u00e3o em sua Vida Amorosa ou Profissional? Esta consulta com o Tarot pode te ajudar!\" \/>\n<meta property=\"og:url\" content=\"https:\/\/www.personare.com.br\/servicos\/produto\/caminhos-com-o-tarot-vida-profissional-ou-amorosa\/\" \/>\n<meta property=\"og:site_name\" content=\"Personare Servi\u00e7os\" \/>\n<meta property=\"article:modified_time\" content=\"2025-03-13T19:23:11+00:00\" \/>\n<meta property=\"og:image\" content=\"https:\/\/d2t4cfkrxg4dhd.cloudfront.net\/app\/uploads\/2023\/10\/Sem-nome-1920-%C3%97-1080-px-9-1024x576.png\" \/>\n\t<meta property=\"og:image:width\" content=\"1024\" \/>\n\t<meta property=\"og:image:height\" content=\"576\" \/>\n\t<meta property=\"og:image:type\" content=\"image\/png\" \/>\n<meta name=\"twitter:card\" content=\"summary_large_image\" \/>\n<script type=\"application\/ld+json\" class=\"yoast-schema-graph\">{\"@context\":\"https:\/\/schema.org\",\"@graph\":[{\"@type\":\"WebPage\",\"@id\":\"https:\/\/www.personare.com.br\/servicos\/produto\/caminhos-com-o-tarot-vida-profissional-ou-amorosa\/\",\"url\":\"https:\/\/www.personare.com.br\/servicos\/produto\/caminhos-com-o-tarot-vida-profissional-ou-amorosa\/\",\"name\":\"Caminhos com o Tarot: Amor e Vida Profissional - Personare Servi\u00e7os\",\"isPartOf\":{\"@id\":\"https:\/\/www.personare.com.br\/servicos\/#website\"},\"datePublished\":\"2023-10-03T22:42:08+00:00\",\"dateModified\":\"2025-03-13T19:23:11+00:00\",\"description\":\"Sabe quando voc\u00ea se v\u00ea em d\u00favida quanto ao melhor caminho a tomar para decidir uma situa\u00e7\u00e3o em sua Vida Amorosa ou Profissional? Esta consulta com o Tarot pode te ajudar!\",\"breadcrumb\":{\"@id\":\"https:\/\/www.personare.com.br\/servicos\/produto\/caminhos-com-o-tarot-vida-profissional-ou-amorosa\/#breadcrumb\"},\"inLanguage\":\"pt-BR\",\"potentialAction\":[{\"@type\":\"ReadAction\",\"target\":[\"https:\/\/www.personare.com.br\/servicos\/produto\/caminhos-com-o-tarot-vida-profissional-ou-amorosa\/\"]}]},{\"@type\":\"BreadcrumbList\",\"@id\":\"https:\/\/www.personare.com.br\/servicos\/produto\/caminhos-com-o-tarot-vida-profissional-ou-amorosa\/#breadcrumb\",\"itemListElement\":[{\"@type\":\"ListItem\",\"position\":1,\"name\":\"In\u00edcio\",\"item\":\"https:\/\/www.personare.com.br\/servicos\/\"},{\"@type\":\"ListItem\",\"position\":2,\"name\":\"Loja\",\"item\":\"https:\/\/www.personare.com.br\/servicos\/busca\/\"},{\"@type\":\"ListItem\",\"position\":3,\"name\":\"Caminhos com o Tarot: Amor e Vida Profissional\"}]},{\"@type\":\"WebSite\",\"@id\":\"https:\/\/www.personare.com.br\/servicos\/#website\",\"url\":\"https:\/\/www.personare.com.br\/servicos\/\",\"name\":\"Personare Servi\u00e7os\",\"description\":\"Agende Consultas e Terapias Online no Personare\",\"publisher\":{\"@id\":\"https:\/\/www.personare.com.br\/servicos\/#organization\"},\"potentialAction\":[{\"@type\":\"SearchAction\",\"target\":{\"@type\":\"EntryPoint\",\"urlTemplate\":\"https:\/\/www.personare.com.br\/servicos\/?s={search_term_string}\"},\"query-input\":\"required name=search_term_string\"}],\"inLanguage\":\"pt-BR\"},{\"@type\":\"Organization\",\"@id\":\"https:\/\/www.personare.com.br\/servicos\/#organization\",\"name\":\"Personare\",\"url\":\"https:\/\/www.personare.com.br\/servicos\/\",\"sameAs\":[],\"logo\":{\"@type\":\"ImageObject\",\"inLanguage\":\"pt-BR\",\"@id\":\"https:\/\/www.personare.com.br\/servicos\/#\/schema\/logo\/image\/\",\"url\":\"https:\/\/d2t4cfkrxg4dhd.cloudfront.net\/app\/uploads\/2021\/04\/70295ca5d3b1be44570b5e6d0854fa942edb2ab6.png\",\"contentUrl\":\"https:\/\/d2t4cfkrxg4dhd.cloudfront.net\/app\/uploads\/2021\/04\/70295ca5d3b1be44570b5e6d0854fa942edb2ab6.png\",\"width\":650,\"height\":554,\"caption\":\"Personare\"},\"image\":{\"@id\":\"https:\/\/www.personare.com.br\/servicos\/#\/schema\/logo\/image\/\"}}]}<\/script>\n<!-- \/ Yoast SEO plugin. -->","yoast_head_json":{"title":"Caminhos com o Tarot: Amor e Vida Profissional - Personare Servi\u00e7os","description":"Sabe quando voc\u00ea se v\u00ea em d\u00favida quanto ao melhor caminho a tomar para decidir uma situa\u00e7\u00e3o em sua Vida Amorosa ou Profissional? Esta consulta com o Tarot pode te ajudar!","robots":{"index":"index","follow":"follow","max-snippet":"max-snippet:-1","max-image-preview":"max-image-preview:large","max-video-preview":"max-video-preview:-1"},"canonical":"https:\/\/www.personare.com.br\/servicos\/produto\/caminhos-com-o-tarot-vida-profissional-ou-amorosa\/","og_locale":"pt_BR","og_type":"article","og_title":"Caminhos com o Tarot: Amor e Vida Profissional - Personare Servi\u00e7os","og_description":"Sabe quando voc\u00ea se v\u00ea em d\u00favida quanto ao melhor caminho a tomar para decidir uma situa\u00e7\u00e3o em sua Vida Amorosa ou Profissional? Esta consulta com o Tarot pode te ajudar!","og_url":"https:\/\/www.personare.com.br\/servicos\/produto\/caminhos-com-o-tarot-vida-profissional-ou-amorosa\/","og_site_name":"Personare Servi\u00e7os","article_modified_time":"2025-03-13T19:23:11+00:00","og_image":[{"width":1024,"height":576,"url":"https:\/\/d2t4cfkrxg4dhd.cloudfront.net\/app\/uploads\/2023\/10\/Sem-nome-1920-%C3%97-1080-px-9-1024x576.png","type":"image\/png"}],"twitter_card":"summary_large_image","schema":{"@context":"https:\/\/schema.org","@graph":[{"@type":"WebPage","@id":"https:\/\/www.personare.com.br\/servicos\/produto\/caminhos-com-o-tarot-vida-profissional-ou-amorosa\/","url":"https:\/\/www.personare.com.br\/servicos\/produto\/caminhos-com-o-tarot-vida-profissional-ou-amorosa\/","name":"Caminhos com o Tarot: Amor e Vida Profissional - Personare Servi\u00e7os","isPartOf":{"@id":"https:\/\/www.personare.com.br\/servicos\/#website"},"datePublished":"2023-10-03T22:42:08+00:00","dateModified":"2025-03-13T19:23:11+00:00","description":"Sabe quando voc\u00ea se v\u00ea em d\u00favida quanto ao melhor caminho a tomar para decidir uma situa\u00e7\u00e3o em sua Vida Amorosa ou Profissional? Esta consulta com o Tarot pode te ajudar!","breadcrumb":{"@id":"https:\/\/www.personare.com.br\/servicos\/produto\/caminhos-com-o-tarot-vida-profissional-ou-amorosa\/#breadcrumb"},"inLanguage":"pt-BR","potentialAction":[{"@type":"ReadAction","target":["https:\/\/www.personare.com.br\/servicos\/produto\/caminhos-com-o-tarot-vida-profissional-ou-amorosa\/"]}]},{"@type":"BreadcrumbList","@id":"https:\/\/www.personare.com.br\/servicos\/produto\/caminhos-com-o-tarot-vida-profissional-ou-amorosa\/#breadcrumb","itemListElement":[{"@type":"ListItem","position":1,"name":"In\u00edcio","item":"https:\/\/www.personare.com.br\/servicos\/"},{"@type":"ListItem","position":2,"name":"Loja","item":"https:\/\/www.personare.com.br\/servicos\/busca\/"},{"@type":"ListItem","position":3,"name":"Caminhos com o Tarot: Amor e Vida Profissional"}]},{"@type":"WebSite","@id":"https:\/\/www.personare.com.br\/servicos\/#website","url":"https:\/\/www.personare.com.br\/servicos\/","name":"Personare Servi\u00e7os","description":"Agende Consultas e Terapias Online no Personare","publisher":{"@id":"https:\/\/www.personare.com.br\/servicos\/#organization"},"potentialAction":[{"@type":"SearchAction","target":{"@type":"EntryPoint","urlTemplate":"https:\/\/www.personare.com.br\/servicos\/?s={search_term_string}"},"query-input":"required name=search_term_string"}],"inLanguage":"pt-BR"},{"@type":"Organization","@id":"https:\/\/www.personare.com.br\/servicos\/#organization","name":"Personare","url":"https:\/\/www.personare.com.br\/servicos\/","sameAs":[],"logo":{"@type":"ImageObject","inLanguage":"pt-BR","@id":"https:\/\/www.personare.com.br\/servicos\/#\/schema\/logo\/image\/","url":"https:\/\/d2t4cfkrxg4dhd.cloudfront.net\/app\/uploads\/2021\/04\/70295ca5d3b1be44570b5e6d0854fa942edb2ab6.png","contentUrl":"https:\/\/d2t4cfkrxg4dhd.cloudfront.net\/app\/uploads\/2021\/04\/70295ca5d3b1be44570b5e6d0854fa942edb2ab6.png","width":650,"height":554,"caption":"Personare"},"image":{"@id":"https:\/\/www.personare.com.br\/servicos\/#\/schema\/logo\/image\/"}}]}},"_links":{"self":[{"href":"https:\/\/www.personare.com.br\/servicos\/wp-json\/wp\/v2\/product\/10710"}],"collection":[{"href":"https:\/\/www.personare.com.br\/servicos\/wp-json\/wp\/v2\/product"}],"about":[{"href":"https:\/\/www.personare.com.br\/servicos\/wp-json\/wp\/v2\/types\/product"}],"replies":[{"embeddable":true,"href":"https:\/\/www.personare.com.br\/servicos\/wp-json\/wp\/v2\/comments?post=10710"}],"version-history":[{"count":1,"href":"https:\/\/www.personare.com.br\/servicos\/wp-json\/wp\/v2\/product\/10710\/revisions"}],"predecessor-version":[{"id":12803,"href":"https:\/\/www.personare.com.br\/servicos\/wp-json\/wp\/v2\/product\/10710\/revisions\/12803"}],"wp:featuredmedia":[{"embeddable":true,"href":"https:\/\/www.personare.com.br\/servicos\/wp-json\/wp\/v2\/media\/12035"}],"wp:attachment":[{"href":"https:\/\/www.personare.com.br\/servicos\/wp-json\/wp\/v2\/media?parent=10710"}],"wp:term":[{"taxonomy":"product_brand","embeddable":true,"href":"https:\/\/www.personare.com.br\/servicos\/wp-json\/wp\/v2\/product_brand?post=10710"},{"taxonomy":"product_cat","embeddable":true,"href":"https:\/\/www.personare.com.br\/servicos\/wp-json\/wp\/v2\/product_cat?post=10710"},{"taxonomy":"product_tag","embeddable":true,"href":"https:\/\/www.personare.com.br\/servicos\/wp-json\/wp\/v2\/product_tag?post=10710"},{"taxonomy":"areas-da-vida","embeddable":true,"href":"https:\/\/www.personare.com.br\/servicos\/wp-json\/wp\/v2\/areas-da-vida?post=10710"},{"taxonomy":"estudos-e-terapias","embeddable":true,"href":"https:\/\/www.personare.com.br\/servicos\/wp-json\/wp\/v2\/estudos-e-terapias?post=10710"},{"taxonomy":"dores-e-objetivos","embeddable":true,"href":"https:\/\/www.personare.com.br\/servicos\/wp-json\/wp\/v2\/dores-e-objetivos?post=10710"}],"curies":[{"name":"wp","href":"https:\/\/api.w.org\/{rel}","templated":true}]}}