{"id":10697,"date":"2023-10-03T19:36:45","date_gmt":"2023-10-03T22:36:45","guid":{"rendered":"https:\/\/www.personare.com.br\/servicos\/?post_type=product&#038;p=10697"},"modified":"2025-03-13T16:23:10","modified_gmt":"2025-03-13T19:23:10","slug":"tabuleiro-da-vida-com-tarot-e-oraculos","status":"publish","type":"product","link":"https:\/\/www.personare.com.br\/servicos\/produto\/tabuleiro-da-vida-com-tarot-e-oraculos\/","title":{"rendered":"Tabuleiro da Vida com Tarot e Or\u00e1culos"},"content":{"rendered":"<p>Pessoas adultas que precisam de uma orienta\u00e7\u00e3o geral sobre seu caminho nos pr\u00f3ximos 6 meses a um ano;<\/p>\n<p>Para aqueles que se sentem perdidos ou desconectados de sua ess\u00eancia e projeto de vida;<\/p>\n<p>Pessoas passando por grandes mudan\u00e7as e\/ou crises pessoais;<\/p>\n<p>Para quem busca respostas mais profundas sobre os acontecimentos de sua vida.<\/p>\n","protected":false},"excerpt":{"rendered":"<p>Desvende tudo que voc\u00ea precisa para <strong>realizar suas metas e prop\u00f3sitos<\/strong> neste ponto da jornada da vida.<\/p>\n<p>O <strong>Tabuleiro da Vida<\/strong> \u00e9 uma tiragem bastante completa que usa todos os 22 arcanos maiores do Tarot. S\u00e3o 22 casas com temas diferentes como por exemplo: Casa da Realiza\u00e7\u00e3o Pessoal, Casa das Metas, Casa das Transforma\u00e7\u00f5es, Casa do Amor, etc. em que voc\u00ea vai entender as <strong>oportunidades, os desafios, como est\u00e1 lidando com eles e as perspectivas<\/strong> para sua vida material, emocional, espiritual etc.<\/p>\n<p>Al\u00e9m disso, \u00e9 poss\u00edvel saber<strong> o que te bloqueia, o que precisa ser transformado <\/strong>e as<strong> perspectivas para o futuro<\/strong> de 6 meses a 1 ano.<\/p>\n","protected":false},"featured_media":12001,"comment_status":"open","ping_status":"closed","template":"","meta":{"_acf_changed":false,"footnotes":""},"product_brand":[],"product_cat":[52],"product_tag":[],"areas-da-vida":[165,169,170],"estudos-e-terapias":[154],"dores-e-objetivos":[189,98,99,104,110,120],"acf":[],"yoast_head":"<!-- This site is optimized with the Yoast SEO plugin v19.6.1 - https:\/\/yoast.com\/wordpress\/plugins\/seo\/ -->\n<title>Tabuleiro da Vida com Tarot e Or\u00e1culos - Personare Servi\u00e7os<\/title>\n<meta name=\"description\" content=\"Saiba com o Tarot o que lhe bloqueia, o que precisa ser transformado e as perspectivas para o futuro de 6 meses a um ano.\" \/>\n<meta name=\"robots\" content=\"index, follow, max-snippet:-1, max-image-preview:large, max-video-preview:-1\" \/>\n<link rel=\"canonical\" href=\"https:\/\/www.personare.com.br\/servicos\/produto\/tabuleiro-da-vida-com-tarot-e-oraculos\/\" \/>\n<meta property=\"og:locale\" content=\"pt_BR\" \/>\n<meta property=\"og:type\" content=\"article\" \/>\n<meta property=\"og:title\" content=\"Tabuleiro da Vida com Tarot e Or\u00e1culos - Personare Servi\u00e7os\" \/>\n<meta property=\"og:description\" content=\"Saiba com o Tarot o que lhe bloqueia, o que precisa ser transformado e as perspectivas para o futuro de 6 meses a um ano.\" \/>\n<meta property=\"og:url\" content=\"https:\/\/www.personare.com.br\/servicos\/produto\/tabuleiro-da-vida-com-tarot-e-oraculos\/\" \/>\n<meta property=\"og:site_name\" content=\"Personare Servi\u00e7os\" \/>\n<meta property=\"article:modified_time\" content=\"2025-03-13T19:23:10+00:00\" \/>\n<meta property=\"og:image\" content=\"https:\/\/d2t4cfkrxg4dhd.cloudfront.net\/app\/uploads\/2021\/04\/Bela-Medeiros-Tarot-1.png\" \/>\n\t<meta property=\"og:image:width\" content=\"1000\" \/>\n\t<meta property=\"og:image:height\" content=\"563\" \/>\n\t<meta property=\"og:image:type\" content=\"image\/png\" \/>\n<meta name=\"twitter:card\" content=\"summary_large_image\" \/>\n<script type=\"application\/ld+json\" class=\"yoast-schema-graph\">{\"@context\":\"https:\/\/schema.org\",\"@graph\":[{\"@type\":\"WebPage\",\"@id\":\"https:\/\/www.personare.com.br\/servicos\/produto\/tabuleiro-da-vida-com-tarot-e-oraculos\/\",\"url\":\"https:\/\/www.personare.com.br\/servicos\/produto\/tabuleiro-da-vida-com-tarot-e-oraculos\/\",\"name\":\"Tabuleiro da Vida com Tarot e Or\u00e1culos - Personare Servi\u00e7os\",\"isPartOf\":{\"@id\":\"https:\/\/www.personare.com.br\/servicos\/#website\"},\"datePublished\":\"2023-10-03T22:36:45+00:00\",\"dateModified\":\"2025-03-13T19:23:10+00:00\",\"description\":\"Saiba com o Tarot o que lhe bloqueia, o que precisa ser transformado e as perspectivas para o futuro de 6 meses a um ano.\",\"breadcrumb\":{\"@id\":\"https:\/\/www.personare.com.br\/servicos\/produto\/tabuleiro-da-vida-com-tarot-e-oraculos\/#breadcrumb\"},\"inLanguage\":\"pt-BR\",\"potentialAction\":[{\"@type\":\"ReadAction\",\"target\":[\"https:\/\/www.personare.com.br\/servicos\/produto\/tabuleiro-da-vida-com-tarot-e-oraculos\/\"]}]},{\"@type\":\"BreadcrumbList\",\"@id\":\"https:\/\/www.personare.com.br\/servicos\/produto\/tabuleiro-da-vida-com-tarot-e-oraculos\/#breadcrumb\",\"itemListElement\":[{\"@type\":\"ListItem\",\"position\":1,\"name\":\"In\u00edcio\",\"item\":\"https:\/\/www.personare.com.br\/servicos\/\"},{\"@type\":\"ListItem\",\"position\":2,\"name\":\"Loja\",\"item\":\"https:\/\/www.personare.com.br\/servicos\/busca\/\"},{\"@type\":\"ListItem\",\"position\":3,\"name\":\"Tabuleiro da Vida com Tarot e Or\u00e1culos\"}]},{\"@type\":\"WebSite\",\"@id\":\"https:\/\/www.personare.com.br\/servicos\/#website\",\"url\":\"https:\/\/www.personare.com.br\/servicos\/\",\"name\":\"Personare Servi\u00e7os\",\"description\":\"Agende Consultas e Terapias Online no Personare\",\"publisher\":{\"@id\":\"https:\/\/www.personare.com.br\/servicos\/#organization\"},\"potentialAction\":[{\"@type\":\"SearchAction\",\"target\":{\"@type\":\"EntryPoint\",\"urlTemplate\":\"https:\/\/www.personare.com.br\/servicos\/?s={search_term_string}\"},\"query-input\":\"required name=search_term_string\"}],\"inLanguage\":\"pt-BR\"},{\"@type\":\"Organization\",\"@id\":\"https:\/\/www.personare.com.br\/servicos\/#organization\",\"name\":\"Personare\",\"url\":\"https:\/\/www.personare.com.br\/servicos\/\",\"sameAs\":[],\"logo\":{\"@type\":\"ImageObject\",\"inLanguage\":\"pt-BR\",\"@id\":\"https:\/\/www.personare.com.br\/servicos\/#\/schema\/logo\/image\/\",\"url\":\"https:\/\/d2t4cfkrxg4dhd.cloudfront.net\/app\/uploads\/2021\/04\/70295ca5d3b1be44570b5e6d0854fa942edb2ab6.png\",\"contentUrl\":\"https:\/\/d2t4cfkrxg4dhd.cloudfront.net\/app\/uploads\/2021\/04\/70295ca5d3b1be44570b5e6d0854fa942edb2ab6.png\",\"width\":650,\"height\":554,\"caption\":\"Personare\"},\"image\":{\"@id\":\"https:\/\/www.personare.com.br\/servicos\/#\/schema\/logo\/image\/\"}}]}<\/script>\n<!-- \/ Yoast SEO plugin. -->","yoast_head_json":{"title":"Tabuleiro da Vida com Tarot e Or\u00e1culos - Personare Servi\u00e7os","description":"Saiba com o Tarot o que lhe bloqueia, o que precisa ser transformado e as perspectivas para o futuro de 6 meses a um ano.","robots":{"index":"index","follow":"follow","max-snippet":"max-snippet:-1","max-image-preview":"max-image-preview:large","max-video-preview":"max-video-preview:-1"},"canonical":"https:\/\/www.personare.com.br\/servicos\/produto\/tabuleiro-da-vida-com-tarot-e-oraculos\/","og_locale":"pt_BR","og_type":"article","og_title":"Tabuleiro da Vida com Tarot e Or\u00e1culos - Personare Servi\u00e7os","og_description":"Saiba com o Tarot o que lhe bloqueia, o que precisa ser transformado e as perspectivas para o futuro de 6 meses a um ano.","og_url":"https:\/\/www.personare.com.br\/servicos\/produto\/tabuleiro-da-vida-com-tarot-e-oraculos\/","og_site_name":"Personare Servi\u00e7os","article_modified_time":"2025-03-13T19:23:10+00:00","og_image":[{"width":1000,"height":563,"url":"https:\/\/d2t4cfkrxg4dhd.cloudfront.net\/app\/uploads\/2021\/04\/Bela-Medeiros-Tarot-1.png","type":"image\/png"}],"twitter_card":"summary_large_image","schema":{"@context":"https:\/\/schema.org","@graph":[{"@type":"WebPage","@id":"https:\/\/www.personare.com.br\/servicos\/produto\/tabuleiro-da-vida-com-tarot-e-oraculos\/","url":"https:\/\/www.personare.com.br\/servicos\/produto\/tabuleiro-da-vida-com-tarot-e-oraculos\/","name":"Tabuleiro da Vida com Tarot e Or\u00e1culos - Personare Servi\u00e7os","isPartOf":{"@id":"https:\/\/www.personare.com.br\/servicos\/#website"},"datePublished":"2023-10-03T22:36:45+00:00","dateModified":"2025-03-13T19:23:10+00:00","description":"Saiba com o Tarot o que lhe bloqueia, o que precisa ser transformado e as perspectivas para o futuro de 6 meses a um ano.","breadcrumb":{"@id":"https:\/\/www.personare.com.br\/servicos\/produto\/tabuleiro-da-vida-com-tarot-e-oraculos\/#breadcrumb"},"inLanguage":"pt-BR","potentialAction":[{"@type":"ReadAction","target":["https:\/\/www.personare.com.br\/servicos\/produto\/tabuleiro-da-vida-com-tarot-e-oraculos\/"]}]},{"@type":"BreadcrumbList","@id":"https:\/\/www.personare.com.br\/servicos\/produto\/tabuleiro-da-vida-com-tarot-e-oraculos\/#breadcrumb","itemListElement":[{"@type":"ListItem","position":1,"name":"In\u00edcio","item":"https:\/\/www.personare.com.br\/servicos\/"},{"@type":"ListItem","position":2,"name":"Loja","item":"https:\/\/www.personare.com.br\/servicos\/busca\/"},{"@type":"ListItem","position":3,"name":"Tabuleiro da Vida com Tarot e Or\u00e1culos"}]},{"@type":"WebSite","@id":"https:\/\/www.personare.com.br\/servicos\/#website","url":"https:\/\/www.personare.com.br\/servicos\/","name":"Personare Servi\u00e7os","description":"Agende Consultas e Terapias Online no Personare","publisher":{"@id":"https:\/\/www.personare.com.br\/servicos\/#organization"},"potentialAction":[{"@type":"SearchAction","target":{"@type":"EntryPoint","urlTemplate":"https:\/\/www.personare.com.br\/servicos\/?s={search_term_string}"},"query-input":"required name=search_term_string"}],"inLanguage":"pt-BR"},{"@type":"Organization","@id":"https:\/\/www.personare.com.br\/servicos\/#organization","name":"Personare","url":"https:\/\/www.personare.com.br\/servicos\/","sameAs":[],"logo":{"@type":"ImageObject","inLanguage":"pt-BR","@id":"https:\/\/www.personare.com.br\/servicos\/#\/schema\/logo\/image\/","url":"https:\/\/d2t4cfkrxg4dhd.cloudfront.net\/app\/uploads\/2021\/04\/70295ca5d3b1be44570b5e6d0854fa942edb2ab6.png","contentUrl":"https:\/\/d2t4cfkrxg4dhd.cloudfront.net\/app\/uploads\/2021\/04\/70295ca5d3b1be44570b5e6d0854fa942edb2ab6.png","width":650,"height":554,"caption":"Personare"},"image":{"@id":"https:\/\/www.personare.com.br\/servicos\/#\/schema\/logo\/image\/"}}]}},"_links":{"self":[{"href":"https:\/\/www.personare.com.br\/servicos\/wp-json\/wp\/v2\/product\/10697"}],"collection":[{"href":"https:\/\/www.personare.com.br\/servicos\/wp-json\/wp\/v2\/product"}],"about":[{"href":"https:\/\/www.personare.com.br\/servicos\/wp-json\/wp\/v2\/types\/product"}],"replies":[{"embeddable":true,"href":"https:\/\/www.personare.com.br\/servicos\/wp-json\/wp\/v2\/comments?post=10697"}],"version-history":[{"count":2,"href":"https:\/\/www.personare.com.br\/servicos\/wp-json\/wp\/v2\/product\/10697\/revisions"}],"predecessor-version":[{"id":12804,"href":"https:\/\/www.personare.com.br\/servicos\/wp-json\/wp\/v2\/product\/10697\/revisions\/12804"}],"wp:featuredmedia":[{"embeddable":true,"href":"https:\/\/www.personare.com.br\/servicos\/wp-json\/wp\/v2\/media\/12001"}],"wp:attachment":[{"href":"https:\/\/www.personare.com.br\/servicos\/wp-json\/wp\/v2\/media?parent=10697"}],"wp:term":[{"taxonomy":"product_brand","embeddable":true,"href":"https:\/\/www.personare.com.br\/servicos\/wp-json\/wp\/v2\/product_brand?post=10697"},{"taxonomy":"product_cat","embeddable":true,"href":"https:\/\/www.personare.com.br\/servicos\/wp-json\/wp\/v2\/product_cat?post=10697"},{"taxonomy":"product_tag","embeddable":true,"href":"https:\/\/www.personare.com.br\/servicos\/wp-json\/wp\/v2\/product_tag?post=10697"},{"taxonomy":"areas-da-vida","embeddable":true,"href":"https:\/\/www.personare.com.br\/servicos\/wp-json\/wp\/v2\/areas-da-vida?post=10697"},{"taxonomy":"estudos-e-terapias","embeddable":true,"href":"https:\/\/www.personare.com.br\/servicos\/wp-json\/wp\/v2\/estudos-e-terapias?post=10697"},{"taxonomy":"dores-e-objetivos","embeddable":true,"href":"https:\/\/www.personare.com.br\/servicos\/wp-json\/wp\/v2\/dores-e-objetivos?post=10697"}],"curies":[{"name":"wp","href":"https:\/\/api.w.org\/{rel}","templated":true}]}}