{"id":10690,"date":"2023-09-22T18:01:13","date_gmt":"2023-09-22T21:01:13","guid":{"rendered":"https:\/\/www.personare.com.br\/servicos\/?post_type=product&#038;p=10690"},"modified":"2026-02-20T18:41:41","modified_gmt":"2026-02-20T21:41:41","slug":"curso-interpretacao-de-sonhos-online-mari-hein","status":"archived","type":"product","link":"https:\/\/www.personare.com.br\/servicos\/produto\/curso-interpretacao-de-sonhos-online-mari-hein\/","title":{"rendered":"Curso de Interpreta\u00e7\u00e3o de Sonhos On-line"},"content":{"rendered":"<p>Para quem quer aprender a interpretar seus sonhos;<\/p>\n<p>Para curiosos que j\u00e1 tem a conex\u00e3o com os sonhos, mas ainda n\u00e3o compreendem suas mensagens;<\/p>\n<p>Para aqueles que n\u00e3o se lembram dos sonhos, mas querem voltar a lembrar;<\/p>\n<p>Para aqueles que sentem falta de uma ferramenta individualizada, pr\u00e1tica e confi\u00e1vel, para auxiliar e guiar o seu caminho;<\/p>\n<p>Para pessoas que est\u00e3o notando que seus sonhos est\u00e3o cada vez mais intensos nesse momento de transi\u00e7\u00e3o planet\u00e1ria;<\/p>\n<p>Para quem deseja ter uma vis\u00e3o mais profunda e consciente sobre si e sobre a vida;<\/p>\n<p>Para aqueles que j\u00e1 est\u00e3o trilhando o caminho espiritual e desejam dar um passo al\u00e9m;<\/p>\n<p>Para terapeutas que querem ampliar suas ferramentas de cura, permitindo acessar aqueles que os procuram de forma profunda e direta;<\/p>\n<p>Quem sentiu o chamado e estava esperando uma oportunidade como essa pra conhecer pessoas que tamb\u00e9m se interessam pelos sonhos;<\/p>\n<p>Para quem quer tirar um tempo para si, aprender a relaxar e melhorar sua qualidade de sono &#8211; e consequentemente, sua qualidade de vida.<\/p>\n","protected":false},"excerpt":{"rendered":"<p>Aprenda a interpretar seus sonhos e decifrar as mensagens que eles trazem.<\/p>\n<p>Neste <strong>Curso de Interpreta\u00e7\u00e3o de Sonhos On-line<\/strong>, voc\u00ea vai aprender o passo a passo de como interpretar um sonho, a linguagem, os tipos de sonhos, os s\u00edmbolos e tamb\u00e9m a usar os sonhos como ferramenta de autoconhecimento, autocuidado e crescimento pessoal.<\/p>\n<p>Imagine ter uma b\u00fassola que te mostra o caminho para fazer as melhores escolhas? Aprender a linguagem dos sonhos vai te dar essa autonomia para lidar com as quest\u00f5es di\u00e1rias e com as mais profundas tamb\u00e9m.<\/p>\n<p>Pensamos, sentimos, agimos e falamos muitas vezes sem perceber o que nos motiva de verdade. Vivemos reagindo \u00e0s situa\u00e7\u00f5es da vida, fazendo escolhas inconscientes a maior parte do tempo, pois toda nossa motiva\u00e7\u00e3o vem justamente de conte\u00fados do nosso subconsciente e inconsciente: sentimentos, emo\u00e7\u00f5es, pensamentos &#8211; que n\u00e3o temos acesso enquanto acordados, vivendo nosso dia a dia.<\/p>\n<p>Uma das formas de acessar o subconsciente e o inconsciente \u00e9 atrav\u00e9s dos sonhos. Todas as noites, enquanto dormimos, a mente traz esses conte\u00fados para superf\u00edcie, permitindo uma vis\u00e3o mais clara das din\u00e2micas que vivemos.<\/p>\n<p>S\u00f3 que esses conte\u00fados nos sonhos, s\u00e3o arranjados em uma narrativa que muitas vezes parece confusa, sem p\u00e9 nem cabe\u00e7a ou muito doida pro nosso entendimento<\/p>\n<p>Por isso, aprender a linguagem e comunica\u00e7\u00e3o atrav\u00e9s dos sonhos vai abrir um portal para um mundo desconhecido e muito interessante que \u00e9 o SEU INTERIOR.<\/p>\n<p>Durante os dias 15, 22 e 29\/06, totalmente online via Zoom, vamos juntos desbravar esse universo do subconsciente e inconsciente. Al\u00e9m, claro, de tirar um tempo para voc\u00ea, para estar consigo mesmo, acalmar a correria do dia a dia e conhecer um caminho de autoconhecimento f\u00e1cil, pr\u00e1tico, interessante e muito curioso.<\/p>\n<p>Reserve seu lugar nessa jornada!<\/p>\n","protected":false},"featured_media":16706,"comment_status":"open","ping_status":"closed","template":"","meta":{"_acf_changed":false,"footnotes":""},"product_brand":[],"product_cat":[15],"product_tag":[],"areas-da-vida":[163,168],"estudos-e-terapias":[138,139,151],"dores-e-objetivos":[82,86,90,92,94,95,98,99,100,103,104,105,110,116,192,120],"acf":[],"yoast_head":"<!-- This site is optimized with the Yoast SEO plugin v19.6.1 - https:\/\/yoast.com\/wordpress\/plugins\/seo\/ -->\n<title>Curso de Interpreta\u00e7\u00e3o de Sonhos On-line - Personare Servi\u00e7os<\/title>\n<meta name=\"robots\" content=\"index, follow, max-snippet:-1, max-image-preview:large, max-video-preview:-1\" \/>\n<link rel=\"canonical\" href=\"https:\/\/www.personare.com.br\/servicos\/produto\/curso-interpretacao-de-sonhos-online-mari-hein\/\" \/>\n<meta property=\"og:locale\" content=\"pt_BR\" \/>\n<meta property=\"og:type\" content=\"article\" \/>\n<meta property=\"og:title\" content=\"Curso de Interpreta\u00e7\u00e3o de Sonhos On-line - Personare Servi\u00e7os\" \/>\n<meta property=\"og:description\" content=\"Aprenda a interpretar seus sonhos e decifrar as mensagens que eles trazem.Neste Curso de Interpreta\u00e7\u00e3o de Sonhos On-line, voc\u00ea vai aprender o passo a passo de como interpretar um sonho, a linguagem, os tipos de sonhos, os s\u00edmbolos e tamb\u00e9m a usar os sonhos como ferramenta de autoconhecimento, autocuidado e crescimento pessoal.Imagine ter uma b\u00fassola que te mostra o caminho para fazer as melhores escolhas? Aprender a linguagem dos sonhos vai te dar essa autonomia para lidar com as quest\u00f5es di\u00e1rias e com as mais profundas tamb\u00e9m.Pensamos, sentimos, agimos e falamos muitas vezes sem perceber o que nos motiva de verdade. Vivemos reagindo \u00e0s situa\u00e7\u00f5es da vida, fazendo escolhas inconscientes a maior parte do tempo, pois toda nossa motiva\u00e7\u00e3o vem justamente de conte\u00fados do nosso subconsciente e inconsciente: sentimentos, emo\u00e7\u00f5es, pensamentos - que n\u00e3o temos acesso enquanto acordados, vivendo nosso dia a dia.Uma das formas de acessar o subconsciente e o inconsciente \u00e9 atrav\u00e9s dos sonhos. Todas as noites, enquanto dormimos, a mente traz esses conte\u00fados para superf\u00edcie, permitindo uma vis\u00e3o mais clara das din\u00e2micas que vivemos.S\u00f3 que esses conte\u00fados nos sonhos, s\u00e3o arranjados em uma narrativa que muitas vezes parece confusa, sem p\u00e9 nem cabe\u00e7a ou muito doida pro nosso entendimentoPor isso, aprender a linguagem e comunica\u00e7\u00e3o atrav\u00e9s dos sonhos vai abrir um portal para um mundo desconhecido e muito interessante que \u00e9 o SEU INTERIOR.Durante os dias 15, 22 e 29\/06, totalmente online via Zoom, vamos juntos desbravar esse universo do subconsciente e inconsciente. Al\u00e9m, claro, de tirar um tempo para voc\u00ea, para estar consigo mesmo, acalmar a correria do dia a dia e conhecer um caminho de autoconhecimento f\u00e1cil, pr\u00e1tico, interessante e muito curioso.Reserve seu lugar nessa jornada!\" \/>\n<meta property=\"og:url\" content=\"https:\/\/www.personare.com.br\/servicos\/produto\/curso-interpretacao-de-sonhos-online-mari-hein\/\" \/>\n<meta property=\"og:site_name\" content=\"Personare Servi\u00e7os\" \/>\n<meta property=\"article:modified_time\" content=\"2026-02-20T21:41:41+00:00\" \/>\n<meta property=\"og:image\" content=\"https:\/\/d2t4cfkrxg4dhd.cloudfront.net\/app\/uploads\/2021\/04\/WhatsApp-Image-2024-05-24-at-17.15.15.jpeg\" \/>\n\t<meta property=\"og:image:width\" content=\"1280\" \/>\n\t<meta property=\"og:image:height\" content=\"1024\" \/>\n\t<meta property=\"og:image:type\" content=\"image\/jpeg\" \/>\n<meta name=\"twitter:card\" content=\"summary_large_image\" \/>\n<meta name=\"twitter:label1\" content=\"Est. tempo de leitura\" \/>\n\t<meta name=\"twitter:data1\" content=\"1 minuto\" \/>\n<script type=\"application\/ld+json\" class=\"yoast-schema-graph\">{\"@context\":\"https:\/\/schema.org\",\"@graph\":[{\"@type\":\"WebPage\",\"@id\":\"https:\/\/www.personare.com.br\/servicos\/produto\/curso-interpretacao-de-sonhos-online-mari-hein\/\",\"url\":\"https:\/\/www.personare.com.br\/servicos\/produto\/curso-interpretacao-de-sonhos-online-mari-hein\/\",\"name\":\"Curso de Interpreta\u00e7\u00e3o de Sonhos On-line - Personare Servi\u00e7os\",\"isPartOf\":{\"@id\":\"https:\/\/www.personare.com.br\/servicos\/#website\"},\"datePublished\":\"2023-09-22T21:01:13+00:00\",\"dateModified\":\"2026-02-20T21:41:41+00:00\",\"breadcrumb\":{\"@id\":\"https:\/\/www.personare.com.br\/servicos\/produto\/curso-interpretacao-de-sonhos-online-mari-hein\/#breadcrumb\"},\"inLanguage\":\"pt-BR\",\"potentialAction\":[{\"@type\":\"ReadAction\",\"target\":[\"https:\/\/www.personare.com.br\/servicos\/produto\/curso-interpretacao-de-sonhos-online-mari-hein\/\"]}]},{\"@type\":\"BreadcrumbList\",\"@id\":\"https:\/\/www.personare.com.br\/servicos\/produto\/curso-interpretacao-de-sonhos-online-mari-hein\/#breadcrumb\",\"itemListElement\":[{\"@type\":\"ListItem\",\"position\":1,\"name\":\"In\u00edcio\",\"item\":\"https:\/\/www.personare.com.br\/servicos\/\"},{\"@type\":\"ListItem\",\"position\":2,\"name\":\"Loja\",\"item\":\"https:\/\/www.personare.com.br\/servicos\/busca\/\"},{\"@type\":\"ListItem\",\"position\":3,\"name\":\"Curso de Interpreta\u00e7\u00e3o de Sonhos On-line\"}]},{\"@type\":\"WebSite\",\"@id\":\"https:\/\/www.personare.com.br\/servicos\/#website\",\"url\":\"https:\/\/www.personare.com.br\/servicos\/\",\"name\":\"Personare Servi\u00e7os\",\"description\":\"Agende Consultas e Terapias Online no Personare\",\"publisher\":{\"@id\":\"https:\/\/www.personare.com.br\/servicos\/#organization\"},\"potentialAction\":[{\"@type\":\"SearchAction\",\"target\":{\"@type\":\"EntryPoint\",\"urlTemplate\":\"https:\/\/www.personare.com.br\/servicos\/?s={search_term_string}\"},\"query-input\":\"required name=search_term_string\"}],\"inLanguage\":\"pt-BR\"},{\"@type\":\"Organization\",\"@id\":\"https:\/\/www.personare.com.br\/servicos\/#organization\",\"name\":\"Personare\",\"url\":\"https:\/\/www.personare.com.br\/servicos\/\",\"sameAs\":[],\"logo\":{\"@type\":\"ImageObject\",\"inLanguage\":\"pt-BR\",\"@id\":\"https:\/\/www.personare.com.br\/servicos\/#\/schema\/logo\/image\/\",\"url\":\"https:\/\/d2t4cfkrxg4dhd.cloudfront.net\/app\/uploads\/2021\/04\/70295ca5d3b1be44570b5e6d0854fa942edb2ab6.png\",\"contentUrl\":\"https:\/\/d2t4cfkrxg4dhd.cloudfront.net\/app\/uploads\/2021\/04\/70295ca5d3b1be44570b5e6d0854fa942edb2ab6.png\",\"width\":650,\"height\":554,\"caption\":\"Personare\"},\"image\":{\"@id\":\"https:\/\/www.personare.com.br\/servicos\/#\/schema\/logo\/image\/\"}}]}<\/script>\n<!-- \/ Yoast SEO plugin. -->","yoast_head_json":{"title":"Curso de Interpreta\u00e7\u00e3o de Sonhos On-line - Personare Servi\u00e7os","robots":{"index":"index","follow":"follow","max-snippet":"max-snippet:-1","max-image-preview":"max-image-preview:large","max-video-preview":"max-video-preview:-1"},"canonical":"https:\/\/www.personare.com.br\/servicos\/produto\/curso-interpretacao-de-sonhos-online-mari-hein\/","og_locale":"pt_BR","og_type":"article","og_title":"Curso de Interpreta\u00e7\u00e3o de Sonhos On-line - Personare Servi\u00e7os","og_description":"Aprenda a interpretar seus sonhos e decifrar as mensagens que eles trazem.Neste Curso de Interpreta\u00e7\u00e3o de Sonhos On-line, voc\u00ea vai aprender o passo a passo de como interpretar um sonho, a linguagem, os tipos de sonhos, os s\u00edmbolos e tamb\u00e9m a usar os sonhos como ferramenta de autoconhecimento, autocuidado e crescimento pessoal.Imagine ter uma b\u00fassola que te mostra o caminho para fazer as melhores escolhas? Aprender a linguagem dos sonhos vai te dar essa autonomia para lidar com as quest\u00f5es di\u00e1rias e com as mais profundas tamb\u00e9m.Pensamos, sentimos, agimos e falamos muitas vezes sem perceber o que nos motiva de verdade. Vivemos reagindo \u00e0s situa\u00e7\u00f5es da vida, fazendo escolhas inconscientes a maior parte do tempo, pois toda nossa motiva\u00e7\u00e3o vem justamente de conte\u00fados do nosso subconsciente e inconsciente: sentimentos, emo\u00e7\u00f5es, pensamentos - que n\u00e3o temos acesso enquanto acordados, vivendo nosso dia a dia.Uma das formas de acessar o subconsciente e o inconsciente \u00e9 atrav\u00e9s dos sonhos. Todas as noites, enquanto dormimos, a mente traz esses conte\u00fados para superf\u00edcie, permitindo uma vis\u00e3o mais clara das din\u00e2micas que vivemos.S\u00f3 que esses conte\u00fados nos sonhos, s\u00e3o arranjados em uma narrativa que muitas vezes parece confusa, sem p\u00e9 nem cabe\u00e7a ou muito doida pro nosso entendimentoPor isso, aprender a linguagem e comunica\u00e7\u00e3o atrav\u00e9s dos sonhos vai abrir um portal para um mundo desconhecido e muito interessante que \u00e9 o SEU INTERIOR.Durante os dias 15, 22 e 29\/06, totalmente online via Zoom, vamos juntos desbravar esse universo do subconsciente e inconsciente. Al\u00e9m, claro, de tirar um tempo para voc\u00ea, para estar consigo mesmo, acalmar a correria do dia a dia e conhecer um caminho de autoconhecimento f\u00e1cil, pr\u00e1tico, interessante e muito curioso.Reserve seu lugar nessa jornada!","og_url":"https:\/\/www.personare.com.br\/servicos\/produto\/curso-interpretacao-de-sonhos-online-mari-hein\/","og_site_name":"Personare Servi\u00e7os","article_modified_time":"2026-02-20T21:41:41+00:00","og_image":[{"width":1280,"height":1024,"url":"https:\/\/d2t4cfkrxg4dhd.cloudfront.net\/app\/uploads\/2021\/04\/WhatsApp-Image-2024-05-24-at-17.15.15.jpeg","type":"image\/jpeg"}],"twitter_card":"summary_large_image","twitter_misc":{"Est. tempo de leitura":"1 minuto"},"schema":{"@context":"https:\/\/schema.org","@graph":[{"@type":"WebPage","@id":"https:\/\/www.personare.com.br\/servicos\/produto\/curso-interpretacao-de-sonhos-online-mari-hein\/","url":"https:\/\/www.personare.com.br\/servicos\/produto\/curso-interpretacao-de-sonhos-online-mari-hein\/","name":"Curso de Interpreta\u00e7\u00e3o de Sonhos On-line - Personare Servi\u00e7os","isPartOf":{"@id":"https:\/\/www.personare.com.br\/servicos\/#website"},"datePublished":"2023-09-22T21:01:13+00:00","dateModified":"2026-02-20T21:41:41+00:00","breadcrumb":{"@id":"https:\/\/www.personare.com.br\/servicos\/produto\/curso-interpretacao-de-sonhos-online-mari-hein\/#breadcrumb"},"inLanguage":"pt-BR","potentialAction":[{"@type":"ReadAction","target":["https:\/\/www.personare.com.br\/servicos\/produto\/curso-interpretacao-de-sonhos-online-mari-hein\/"]}]},{"@type":"BreadcrumbList","@id":"https:\/\/www.personare.com.br\/servicos\/produto\/curso-interpretacao-de-sonhos-online-mari-hein\/#breadcrumb","itemListElement":[{"@type":"ListItem","position":1,"name":"In\u00edcio","item":"https:\/\/www.personare.com.br\/servicos\/"},{"@type":"ListItem","position":2,"name":"Loja","item":"https:\/\/www.personare.com.br\/servicos\/busca\/"},{"@type":"ListItem","position":3,"name":"Curso de Interpreta\u00e7\u00e3o de Sonhos On-line"}]},{"@type":"WebSite","@id":"https:\/\/www.personare.com.br\/servicos\/#website","url":"https:\/\/www.personare.com.br\/servicos\/","name":"Personare Servi\u00e7os","description":"Agende Consultas e Terapias Online no Personare","publisher":{"@id":"https:\/\/www.personare.com.br\/servicos\/#organization"},"potentialAction":[{"@type":"SearchAction","target":{"@type":"EntryPoint","urlTemplate":"https:\/\/www.personare.com.br\/servicos\/?s={search_term_string}"},"query-input":"required name=search_term_string"}],"inLanguage":"pt-BR"},{"@type":"Organization","@id":"https:\/\/www.personare.com.br\/servicos\/#organization","name":"Personare","url":"https:\/\/www.personare.com.br\/servicos\/","sameAs":[],"logo":{"@type":"ImageObject","inLanguage":"pt-BR","@id":"https:\/\/www.personare.com.br\/servicos\/#\/schema\/logo\/image\/","url":"https:\/\/d2t4cfkrxg4dhd.cloudfront.net\/app\/uploads\/2021\/04\/70295ca5d3b1be44570b5e6d0854fa942edb2ab6.png","contentUrl":"https:\/\/d2t4cfkrxg4dhd.cloudfront.net\/app\/uploads\/2021\/04\/70295ca5d3b1be44570b5e6d0854fa942edb2ab6.png","width":650,"height":554,"caption":"Personare"},"image":{"@id":"https:\/\/www.personare.com.br\/servicos\/#\/schema\/logo\/image\/"}}]}},"_links":{"self":[{"href":"https:\/\/www.personare.com.br\/servicos\/wp-json\/wp\/v2\/product\/10690"}],"collection":[{"href":"https:\/\/www.personare.com.br\/servicos\/wp-json\/wp\/v2\/product"}],"about":[{"href":"https:\/\/www.personare.com.br\/servicos\/wp-json\/wp\/v2\/types\/product"}],"replies":[{"embeddable":true,"href":"https:\/\/www.personare.com.br\/servicos\/wp-json\/wp\/v2\/comments?post=10690"}],"version-history":[{"count":14,"href":"https:\/\/www.personare.com.br\/servicos\/wp-json\/wp\/v2\/product\/10690\/revisions"}],"predecessor-version":[{"id":16705,"href":"https:\/\/www.personare.com.br\/servicos\/wp-json\/wp\/v2\/product\/10690\/revisions\/16705"}],"wp:featuredmedia":[{"embeddable":true,"href":"https:\/\/www.personare.com.br\/servicos\/wp-json\/wp\/v2\/media\/16706"}],"wp:attachment":[{"href":"https:\/\/www.personare.com.br\/servicos\/wp-json\/wp\/v2\/media?parent=10690"}],"wp:term":[{"taxonomy":"product_brand","embeddable":true,"href":"https:\/\/www.personare.com.br\/servicos\/wp-json\/wp\/v2\/product_brand?post=10690"},{"taxonomy":"product_cat","embeddable":true,"href":"https:\/\/www.personare.com.br\/servicos\/wp-json\/wp\/v2\/product_cat?post=10690"},{"taxonomy":"product_tag","embeddable":true,"href":"https:\/\/www.personare.com.br\/servicos\/wp-json\/wp\/v2\/product_tag?post=10690"},{"taxonomy":"areas-da-vida","embeddable":true,"href":"https:\/\/www.personare.com.br\/servicos\/wp-json\/wp\/v2\/areas-da-vida?post=10690"},{"taxonomy":"estudos-e-terapias","embeddable":true,"href":"https:\/\/www.personare.com.br\/servicos\/wp-json\/wp\/v2\/estudos-e-terapias?post=10690"},{"taxonomy":"dores-e-objetivos","embeddable":true,"href":"https:\/\/www.personare.com.br\/servicos\/wp-json\/wp\/v2\/dores-e-objetivos?post=10690"}],"curies":[{"name":"wp","href":"https:\/\/api.w.org\/{rel}","templated":true}]}}