{"id":402,"date":"2021-06-09T15:55:28","date_gmt":"2021-06-09T18:55:28","guid":{"rendered":"https:\/\/www.personare.com.br\/servicos\/?page_id=402"},"modified":"2023-05-10T09:43:31","modified_gmt":"2023-05-10T12:43:31","slug":"termos-de-uso","status":"publish","type":"page","link":"https:\/\/www.personare.com.br\/servicos\/termos-de-uso\/","title":{"rendered":"Termos de Uso &#8211; Consultas e Servi\u00e7os de Assinaturas Online"},"content":{"rendered":"<p>TERMOS E CONDI\u00c7\u00d5ES DE USO<\/p><p>&nbsp;<\/p><h2 class=\"wp-block-heading\"><strong>I \u2013 CADASTRAMENTO E ACEITA\u00c7\u00c3O DO USU\u00c1RIO<\/strong><\/h2><p>1.1 O Usu\u00e1rio declara ter conhecimento e estar de acordo que a utiliza\u00e7\u00e3o dos servi\u00e7os disponibilizados por A RESISTENCIA PROJETOS EM COMUNICACAO DESIGN LTDA, com sede na Av. do Pep\u00ea, 700 &#8211; Barra da Tijuca, Rio de Janeiro &#8211; RJ, 22620-170, sala 208, inscrita no CNPJ\/ME sob o n\u00ba 06.246.462\/0001-70, (\u201cPERSONARE\u201d), atrav\u00e9s do site www.personare.com.br, est\u00e1 condicionada a efetiva\u00e7\u00e3o de seu cadastro junto ao referido site e que, ao efetivar o aludido cadastro, o Usu\u00e1rio se compromete a seguir integralmente as disposi\u00e7\u00f5es constantes no presente instrumento de Termos e Condi\u00e7\u00f5es de Uso (\u201cTermo\u201d).<\/p><p>1.2. Ao efetuar o cadastro a que se refere o item 1 acima o Usu\u00e1rio est\u00e1 ciente que o servi\u00e7o consulta ser\u00e1 disponibilizado no site www.personare.com.br atrav\u00e9s de especialistas que, embora se utilizem do site www.personare.com.br n\u00e3o fazem parte do quadro de funcion\u00e1rios e prepostos do PERSONARE, bem como, em consult\u00f3rios presenciais dos pr\u00f3prios especialistas, a serem informados antes da contrata\u00e7\u00e3o do servi\u00e7o.<\/p><p>1.3. Ao efetuar o cadastro a que se refere o item 1 acima, o Usu\u00e1rio est\u00e1 ciente e de acordo com a necessidade em criar um login de acesso, ao qual dever\u00e1 atribuir um nome espec\u00edfico, fornecendo, para tal cria\u00e7\u00e3o, os dados requisitados na p\u00e1gina do PERSONARE<\/p><p>1.4. O Usu\u00e1rio declara estar ciente e de acordo que, ao criar o login ou informar seus dados de nome, telefone e e-mail mencionados nos itens 1.1 e 1.2 acima, dever\u00e1:<\/p><p>a) se responsabilizar, integral e exclusivamente, em zelar pelo seu sigilo, responsabilizando-se, ainda, por qualquer utiliza\u00e7\u00e3o indevida por terceiros;<\/p><p>b) utilizar o login apenas em nome pr\u00f3prio, sendo expressamente vedado a utiliza\u00e7\u00e3o de logins em nome de terceiros sendo permitido, contudo, a utiliza\u00e7\u00e3o de mais de um endere\u00e7o eletr\u00f4nico de email para o mesmo cadastro.<\/p><p>1.4.1. O PERSONARE garante que as informa\u00e7\u00f5es pessoais sigilosas fornecidas pelo Usu\u00e1rio n\u00e3o ser\u00e3o reveladas a\u00e0 patrocinadores e anunciantes de forma isolada. Todavia, o Usu\u00e1rio declara-se, desde j\u00e1, estar ciente e de acordo que quaisquer informa\u00e7\u00f5es pessoais fornecidas por este poder\u00e3o ser reveladas de forma agregada, tais como n\u00fameros percentuais e gr\u00e1ficos, aos anunciantes e\/ou patrocinadores do que sejam parceiros comerciais do PERSONARE, para fins estritamente comerciais e\/ou estat\u00edsticos.<\/p><p>1.4.2. Todos os dados coletados do Usu\u00e1rio ser\u00e3o incorporados ao banco de dados do PERSONARE que poder\u00e1 ced\u00ea-los,cede-los, onerosa ou gratuitamente, bem como licenciar, transferir ou de qualquer forma alienar total ou parcialmente a terceiros que perten\u00e7am ao seu conglomerado societ\u00e1rio, sem que disso decorra qualquer direito ao Usu\u00e1rio, com o que o Usu\u00e1rio desde j\u00e1 concorda.<\/p><p>1.5. O Usu\u00e1rio est\u00e1 ciente e de acordo que o URL ou IP (Internet Protocol) requisitado ao acessar o site www.personare.com.br \u00e9 automaticamente gravado, assim como a data e hor\u00e1rio do acesso, al\u00e9m do software de navega\u00e7\u00e3o utilizado, e que tais dados poder\u00e3o ser fornecidos a autoridades administrativas e\/ou judici\u00e1rias mediante ordem judicial expedida por ju\u00edzo competente.<\/p><p>&nbsp;<\/p><h2 class=\"wp-block-heading\"><strong>II \u2013 DOS SERVI\u00c7OS<\/strong><\/h2><p>2.1. O cadastramento do Usu\u00e1rio para a aquisi\u00e7\u00e3o das consultas e servi\u00e7os disponibilizados pelo PERSONARE se d\u00e1 de forma gratuita. Contudo, o Usu\u00e1rio est\u00e1 ciente e de acordo que a aquisi\u00e7\u00e3o das consultas e servi\u00e7os, em especial do servi\u00e7o consulta virtual, n\u00e3o \u00e9 gratuita devendo o Usu\u00e1rio, ao optar pela aquisi\u00e7\u00e3o, efetuar o pagamento dos respectivos valores na forma exposta no site www.personare.com.br no respectivo link de aquisi\u00e7\u00e3o.<\/p><p>2.1.1. O pagamento dos servi\u00e7os expostos no item 2.1. acima poder\u00e1 ser feito pelo Usu\u00e1rio atrav\u00e9s das modalidades e condi\u00e7\u00f5es de pagamento expostas no site www.personare.com.br<\/p><p>2.1.2. O Usu\u00e1rio desde j\u00e1 est\u00e1 ciente e de acordo que, em rela\u00e7\u00e3o ao servi\u00e7o Consulta, o servi\u00e7o em quest\u00e3o \u00e9 prestado diretamente por parceiros do PERSONARE, os quais s\u00e3o devidamente identificados no ato da aquisi\u00e7\u00e3o do mencionado servi\u00e7o, sendo de total responsabilidade dos aludidos parceiros todo e qualquer v\u00edcio ou defeito do servi\u00e7o disponibilizado.<\/p><p>2.1.3. O Usu\u00e1rio, com base no exposto no item 2.1.2. acima, isenta o PERSONARE de qualquer responsabilidade versando sobre as caracter\u00edsticas, funcionamento e entrega dos servi\u00e7os contratados, declarando o Usu\u00e1rio que est\u00e1 ciente que tais responsabilidades s\u00e3o do parceiro do PERSONARE respons\u00e1vel por tal consulta.<\/p><p>2.1.4. O Usu\u00e1rio desde j\u00e1 est\u00e1 ciente que o servi\u00e7o Consulta n\u00e3o configura consulta m\u00e9dica mas, t\u00e3o somente, assessoria nas \u00e1reas de especialidade do parceiro do PERSONARE que prestar\u00e1 o mencionado servi\u00e7o.<\/p><pre class=\"wp-block-code\"><code>2.1.4.1. Na eventual hip\u00f3tese de o parceiro do PERSONARE for m\u00e9dico e, por consequ\u00eancia, a consulta em quest\u00e3o versar sobre a \u00e1rea m\u00e9dica de especializa\u00e7\u00e3o do aludido parceiro, tal fato ser\u00e1 destacado no momento da aquisi\u00e7\u00e3o da Consulta constando, dentre outras informa\u00e7\u00f5es, o n\u00famero de inscri\u00e7\u00e3o ativo no respectivo Conselho Regional de Medicina do profissional.<\/code><\/pre><p>2.2. O Usu\u00e1rio est\u00e1 ciente que, na hip\u00f3tese de n\u00e3o comparecimento no hor\u00e1rio agendado, tanto nas consultas online quanto nas consultas presenciais, n\u00e3o h\u00e1 qualquer obriga\u00e7\u00e3o por parte do PERSONARE em disponibilizar um novo hor\u00e1rio cabendo ao Usu\u00e1rio, nessa hip\u00f3tese, aguardar eventual disponibilidade do parceiro do PERSONARE respons\u00e1vel pelo servi\u00e7o n\u00e3o havendo, por parte do PERSONARE, qualquer inger\u00eancia na agenda do Parceiro.<\/p><p>2.3. O Usu\u00e1rio est\u00e1 ciente que, na hip\u00f3tese de comparecer atrasado para a realiza\u00e7\u00e3o da sess\u00e3o agendada, n\u00e3o h\u00e1 qualquer garantia de compensa\u00e7\u00e3o do tempo perdido cabendo essa decis\u00e3o exclusivamente ao parceiro do PERSONARE segundo seus exclusivos crit\u00e9rios sem qualquer inger\u00eancia do PERSONARE a respeito.<\/p><p>&nbsp;<\/p><h2 class=\"wp-block-heading\"><strong>III \u2013 DAS RESPONSABILIDADES DO PERSONARE E DO USU\u00c1RIO<\/strong><\/h2><p>3.1. O Usu\u00e1rio concorda que o PERSONARE \u00e9 um mero ve\u00edculo de divulga\u00e7\u00e3o dos servi\u00e7os de seus parceiros, sendo as condi\u00e7\u00f5es da oferta e caracter\u00edsticas do servi\u00e7o consulta de exclusiva responsabilidade do parceiro do PERSONARE n\u00e3o cabendo qualquer responsabilidade ao PERSONARE, sequer em car\u00e1ter subsidi\u00e1rio, nesse sentido.<\/p><p>3.2 Na hip\u00f3tese em que quaisquer termos ou disposi\u00e7\u00f5es do Termo venham a ser declarados nulos ou n\u00e3o aplic\u00e1veis, tal nulidade ou inexeq\u00fcibilidade n\u00e3o afetar\u00e1 o restante do Termo, que permanecer\u00e1 em pleno vigor e efic\u00e1cia, como se tais disposi\u00e7\u00f5es jamais lhe houvessem sido incorporadas.<\/p><p>3.3. O PERSONARE n\u00e3o poder\u00e1 ser responsabilizado pelo n\u00e3o cumprimento de qualquer obriga\u00e7\u00e3o deste Contrato, em raz\u00e3o de caso fortuito e\/ou for\u00e7a maior, decis\u00f5es judiciais especificamente impeditivas, leis ou regulamentos expressamente proibitivos. Em tais hip\u00f3teses, o n\u00e3o cumprimento das obriga\u00e7\u00f5es aqui assumidas n\u00e3o ser\u00e1 considerado inadimplemento, n\u00e3o constituindo, portanto, motivo para a rescis\u00e3o do Termo, na medida em que o evento impeditivo seja tempor\u00e1rio, consoante disposto no art. 393 do C\u00f3digo Civil.<\/p><p>3.4. Sem preju\u00edzo de outras medidas, o PERSONARE poder\u00e1 advertir, suspender ou cancelar, tempor\u00e1ria ou definitivamente, o login de um Usu\u00e1rio a qualquer tempo, e adotar as medidas legais cab\u00edveis se:<\/p><p>a) o Usu\u00e1rio n\u00e3o cumprir qualquer dispositivo deste Termo e demais pol\u00edticas do PERSONARE;<\/p><p>b) se o Usu\u00e1rio praticar atos fraudulentos ou dolosos;<\/p><p>c) se n\u00e3o puder ser verificada a identidade do Usu\u00e1rio ou qualquer informa\u00e7\u00e3o fornecida por ele esteja incorreta;<\/p><p>d) se o PERSONARE, segundo seus exclusivos crit\u00e9rios, entender que as declara\u00e7\u00f5es inseridas pelo Usu\u00e1rio no site www.personare.com.br, ou qualquer outra atitude, tenha conte\u00fado discriminat\u00f3rio de qualquer natureza ou tenha causado algum dano a terceiros ou ao pr\u00f3prio PERSONARE ou tenha o potencial de assim o fazer.<\/p><p>e) se o Usu\u00e1rio deixar de acessar o site www.personare.com.br, durante 2 (dois) anos.<\/p><p>&nbsp;<\/p><h2 class=\"wp-block-heading\"><strong>IV &#8211; OBRIGA\u00c7\u00d5ES DO USU\u00c1RIO<\/strong><\/h2><p>4.2. &#8211; Ao adquirir os servi\u00e7os disponibilizados no site www.personare.com.br, o USU\u00c1RIO se declara ciente das condi\u00e7\u00f5es de recebimento e uso do servi\u00e7o.<br \/>4.3. Estar online no dia e hor\u00e1rio agendado para a consulta online ou, em se tratando de consulta presencial, comparecer no local indicado no dia e hor\u00e1rio agendado da consulta.<\/p><p>&nbsp;<\/p><h2 class=\"wp-block-heading\"><strong>V \u2013 VIOLA\u00c7\u00d5ES A SISTEMAS E PROPRIEDADE INTELECTUAL<\/strong><\/h2><p>5.1. N\u00e3o \u00e9 permitida a utiliza\u00e7\u00e3o de nenhum dispositivo, software, ou outro recurso que venha a interferir nas atividades e opera\u00e7\u00f5es do PERSONARE. A realiza\u00e7\u00e3o de qualquer a\u00e7\u00e3o ou atividade que viole ou contrarie as leis de direito de propriedade intelectual e\/ou as proibi\u00e7\u00f5es estipuladas nestes Termos e Condi\u00e7\u00f5es de Uso, tornar\u00e3o o respons\u00e1vel pass\u00edvel das medidas legais cab\u00edveis, bem como das san\u00e7\u00f5es aqui previstas, sendo ainda respons\u00e1vel pelas indeniza\u00e7\u00f5es por eventuais danos causados ao PERSONARE e a terceiros.<\/p><p>5.1.2 &#8211; Efetuar os pagamentos devidos inerentes \u00e0 aquisi\u00e7\u00e3o dos servi\u00e7os na forma dos itens 5.1. e seguintes supra.<\/p><p>5.2. &#8211; O conte\u00fado encontrado no site www.personare.com.br \u00e9 de titularidade ou est\u00e1 licenciado pelo PERSONARE, sujeitando-se \u00e0 prote\u00e7\u00e3o dos direitos intelectuais de acordo com as leis brasileiras e tratados e conven\u00e7\u00f5es internacionais dos quais o Brasil seja signat\u00e1rio. O uso indevido e a reprodu\u00e7\u00e3o total ou parcial dos referidos conte\u00fados s\u00e3o proibidos, salvo a autoriza\u00e7\u00e3o expressa, por escrito, do PERSONARE.<\/p><p>&nbsp;<\/p><h2 class=\"wp-block-heading\"><strong>VI \u2013 DISPOSI\u00c7\u00d5ES GERAIS<\/strong><\/h2><p>6.1. O Usu\u00e1rio desde j\u00e1 compreende e concorda que nenhuma falta ou atraso por parte do PERSONARE, em exercer qualquer direito, poder ou privil\u00e9gio, conforme o pactuado no presente Termo, significar\u00e1 uma ren\u00fancia ou nova\u00e7\u00e3o aos mesmos, nem qualquer exerc\u00edcio \u00fanico ou parcial dos mesmos excluir\u00e1 qualquer outro ou futuro exerc\u00edcio de qualquer direito, poder ou privil\u00e9gio parcial do presente instrumento, sendo considerada tal toler\u00e2ncia como ato de mera liberalidade.<\/p><p>6.2. O Usu\u00e1rio est\u00e1 ciente e de acordo que o conte\u00fado do presente Termo poder\u00e1 ser alterado, a qualquer tempo, unilateralmente pelo PERSONARE.<\/p><p>6.3. O PERSONARE n\u00e3o poder\u00e1 ser responsabilizado pelo n\u00e3o cumprimento de qualquer obriga\u00e7\u00e3o deste Contrato, em raz\u00e3o de caso fortuito e\/ou for\u00e7a maior, decis\u00f5es judiciais especificamente impeditivas, leis ou regulamentos expressamente proibitivos. Em tais hip\u00f3teses, o n\u00e3o cumprimento das obriga\u00e7\u00f5es aqui assumidas n\u00e3o ser\u00e1 considerado inadimplemento, n\u00e3o constituindo, portanto, motivo para a rescis\u00e3o do Termo, na medida em que o evento impeditivo seja tempor\u00e1rio, consoante disposto no art. 393 do C\u00f3digo Civil.<\/p><p>6.4 Se o Usu\u00e1rio causar preju\u00edzo ao PERSONARE e\/ou a terceiros, por a\u00e7\u00e3o ou omiss\u00e3o na frui\u00e7\u00e3o dos servi\u00e7os disponibilizados pelo PERSONARE, ou por n\u00e3o observar as condi\u00e7\u00f5es previstas neste Termo, ficar\u00e1 obrigado a pagar ao PERSONARE e\/ou ao terceiro prejudicado, uma indeniza\u00e7\u00e3o correspondente ao dano e\/ou preju\u00edzo causado, na forma prevista nos artigos 186 e 927 do C\u00f3digo Civil Brasileiro.<\/p><p>6.5 O Usu\u00e1rio n\u00e3o poder\u00e1 intervir no sistema de transmiss\u00e3o do site personare.com.br nem mesmo copiar, reproduzir, duplicar ou fazer uso do conte\u00fado do site para qualquer finalidade, sendo responsabilizado pelas pr\u00e1ticas ilegais que fizer com esse intuito.<\/p><p>6.6 Sem preju\u00edzo de outras medidas, o PERSONARE poder\u00e1 advertir, suspender ou cancelar, tempor\u00e1ria ou definitivamente, o login de um Usu\u00e1rio a qualquer tempo, e adotar as medidas legais cab\u00edveis se:<\/p><p>a) o Usu\u00e1rio n\u00e3o cumprir qualquer dispositivo deste Termo e demais pol\u00edticas do PERSONARE;<br \/>b) se o Usu\u00e1rio praticar atos fraudulentos ou dolosos;<br \/>c) se n\u00e3o puder ser verificada a identidade do Usu\u00e1rio ou qualquer informa\u00e7\u00e3o fornecida por ele esteja incorreta;<br \/>d) se o PERSONARE, segundo seus exclusivos crit\u00e9rios, entender que as declara\u00e7\u00f5es inseridas pelo Usu\u00e1rio no site personare.com.br, ou qualquer outra atitude, tenha causado algum dano a terceiros ou ao pr\u00f3prio PERSONARE ou tenha a potencialidade de assim o fazer.<br \/>e) se o Usu\u00e1rio deixar de acessar o site personare.com.br durante 2 (dois) anos.<\/p><p>6.7. O Usu\u00e1rio desde j\u00e1 compreende e concorda que nenhuma falta ou atraso por parte do PERSONARE em exercer qualquer direito, poder ou privil\u00e9gio, conforme o pactuado no presente Termo, significar\u00e1 uma ren\u00fancia ou nova\u00e7\u00e3o aos mesmos, nem qualquer exerc\u00edcio \u00fanico ou parcial dos mesmos excluir\u00e1 qualquer outro ou futuro exerc\u00edcio de qualquer direito, poder ou privil\u00e9gio parcial do presente instrumento, sendo considerada tal toler\u00e2ncia como ato de mera liberalidade.<\/p><p>&nbsp;<\/p><h2 class=\"wp-block-heading\"><strong>VII \u2013 LEI APLIC\u00c1VEL E SOLU\u00c7\u00d5ES DE CONFLITOS<\/strong><\/h2><p>7.1. O presente Termo ser\u00e1 regido e interpretado de acordo com as leis da Rep\u00fablica Federativa do Brasil.<\/p><p>7.2. O Usu\u00e1rio est\u00e1 de acordo que o \u00fanico foro competente para dirimir quaisquer d\u00favidas decorrentes do presente Termo \u00e9 o foro da Comarca da Capital do Estado do Rio de Janeiro, com ren\u00fancia expressa a qualquer outro, por mais privilegiado que seja ou venha a ser.<\/p><p>Declaro ter compreendido integralmente as regras acima, as quais aceito e me obrigo a seguir fielmente.<\/p>","protected":false},"excerpt":{"rendered":"<p>TERMOS E CONDI\u00c7\u00d5ES DE USO &nbsp; I \u2013 CADASTRAMENTO E ACEITA\u00c7\u00c3O DO USU\u00c1RIO 1.1 O Usu\u00e1rio declara ter conhecimento e estar de acordo que a utiliza\u00e7\u00e3o dos servi\u00e7os disponibilizados por A RESISTENCIA PROJETOS EM COMUNICACAO DESIGN LTDA, com sede na Av. do Pep\u00ea, 700 &#8211; Barra da Tijuca, Rio de Janeiro &#8211; RJ, 22620-170, sala [&hellip;]<\/p>\n","protected":false},"author":57,"featured_media":0,"parent":0,"menu_order":0,"comment_status":"closed","ping_status":"closed","template":"","meta":{"_acf_changed":false,"footnotes":""},"acf":[],"yoast_head":"<!-- This site is optimized with the Yoast SEO plugin v19.6.1 - https:\/\/yoast.com\/wordpress\/plugins\/seo\/ -->\n<title>Termos de Uso - Consultas e Servi\u00e7os de Assinaturas Online - Personare Servi\u00e7os<\/title>\n<meta name=\"robots\" content=\"index, follow, max-snippet:-1, max-image-preview:large, max-video-preview:-1\" \/>\n<link rel=\"canonical\" href=\"https:\/\/www.personare.com.br\/servicos\/termos-de-uso\/\" \/>\n<meta property=\"og:locale\" content=\"pt_BR\" \/>\n<meta property=\"og:type\" content=\"article\" \/>\n<meta property=\"og:title\" content=\"Termos de Uso - Consultas e Servi\u00e7os de Assinaturas Online - Personare Servi\u00e7os\" \/>\n<meta property=\"og:description\" content=\"TERMOS E CONDI\u00c7\u00d5ES DE USO &nbsp; I \u2013 CADASTRAMENTO E ACEITA\u00c7\u00c3O DO USU\u00c1RIO 1.1 O Usu\u00e1rio declara ter conhecimento e estar de acordo que a utiliza\u00e7\u00e3o dos servi\u00e7os disponibilizados por A RESISTENCIA PROJETOS EM COMUNICACAO DESIGN LTDA, com sede na Av. do Pep\u00ea, 700 &#8211; Barra da Tijuca, Rio de Janeiro &#8211; RJ, 22620-170, sala [&hellip;]\" \/>\n<meta property=\"og:url\" content=\"https:\/\/www.personare.com.br\/servicos\/termos-de-uso\/\" \/>\n<meta property=\"og:site_name\" content=\"Personare Servi\u00e7os\" \/>\n<meta property=\"article:modified_time\" content=\"2023-05-10T12:43:31+00:00\" \/>\n<meta name=\"twitter:card\" content=\"summary_large_image\" \/>\n<meta name=\"twitter:label1\" content=\"Est. tempo de leitura\" \/>\n\t<meta name=\"twitter:data1\" content=\"11 minutos\" \/>\n<script type=\"application\/ld+json\" class=\"yoast-schema-graph\">{\"@context\":\"https:\/\/schema.org\",\"@graph\":[{\"@type\":\"WebPage\",\"@id\":\"https:\/\/www.personare.com.br\/servicos\/termos-de-uso\/\",\"url\":\"https:\/\/www.personare.com.br\/servicos\/termos-de-uso\/\",\"name\":\"Termos de Uso - Consultas e Servi\u00e7os de Assinaturas Online - Personare Servi\u00e7os\",\"isPartOf\":{\"@id\":\"https:\/\/www.personare.com.br\/servicos\/#website\"},\"datePublished\":\"2021-06-09T18:55:28+00:00\",\"dateModified\":\"2023-05-10T12:43:31+00:00\",\"breadcrumb\":{\"@id\":\"https:\/\/www.personare.com.br\/servicos\/termos-de-uso\/#breadcrumb\"},\"inLanguage\":\"pt-BR\",\"potentialAction\":[{\"@type\":\"ReadAction\",\"target\":[\"https:\/\/www.personare.com.br\/servicos\/termos-de-uso\/\"]}]},{\"@type\":\"BreadcrumbList\",\"@id\":\"https:\/\/www.personare.com.br\/servicos\/termos-de-uso\/#breadcrumb\",\"itemListElement\":[{\"@type\":\"ListItem\",\"position\":1,\"name\":\"In\u00edcio\",\"item\":\"https:\/\/www.personare.com.br\/servicos\/\"},{\"@type\":\"ListItem\",\"position\":2,\"name\":\"Termos de Uso &#8211; Consultas e Servi\u00e7os de Assinaturas Online\"}]},{\"@type\":\"WebSite\",\"@id\":\"https:\/\/www.personare.com.br\/servicos\/#website\",\"url\":\"https:\/\/www.personare.com.br\/servicos\/\",\"name\":\"Personare Servi\u00e7os\",\"description\":\"Agende Consultas e Terapias Online no Personare\",\"publisher\":{\"@id\":\"https:\/\/www.personare.com.br\/servicos\/#organization\"},\"potentialAction\":[{\"@type\":\"SearchAction\",\"target\":{\"@type\":\"EntryPoint\",\"urlTemplate\":\"https:\/\/www.personare.com.br\/servicos\/?s={search_term_string}\"},\"query-input\":\"required name=search_term_string\"}],\"inLanguage\":\"pt-BR\"},{\"@type\":\"Organization\",\"@id\":\"https:\/\/www.personare.com.br\/servicos\/#organization\",\"name\":\"Personare\",\"url\":\"https:\/\/www.personare.com.br\/servicos\/\",\"sameAs\":[],\"logo\":{\"@type\":\"ImageObject\",\"inLanguage\":\"pt-BR\",\"@id\":\"https:\/\/www.personare.com.br\/servicos\/#\/schema\/logo\/image\/\",\"url\":\"https:\/\/d2t4cfkrxg4dhd.cloudfront.net\/app\/uploads\/2021\/04\/70295ca5d3b1be44570b5e6d0854fa942edb2ab6.png\",\"contentUrl\":\"https:\/\/d2t4cfkrxg4dhd.cloudfront.net\/app\/uploads\/2021\/04\/70295ca5d3b1be44570b5e6d0854fa942edb2ab6.png\",\"width\":650,\"height\":554,\"caption\":\"Personare\"},\"image\":{\"@id\":\"https:\/\/www.personare.com.br\/servicos\/#\/schema\/logo\/image\/\"}}]}<\/script>\n<!-- \/ Yoast SEO plugin. -->","yoast_head_json":{"title":"Termos de Uso - Consultas e Servi\u00e7os de Assinaturas Online - Personare Servi\u00e7os","robots":{"index":"index","follow":"follow","max-snippet":"max-snippet:-1","max-image-preview":"max-image-preview:large","max-video-preview":"max-video-preview:-1"},"canonical":"https:\/\/www.personare.com.br\/servicos\/termos-de-uso\/","og_locale":"pt_BR","og_type":"article","og_title":"Termos de Uso - Consultas e Servi\u00e7os de Assinaturas Online - Personare Servi\u00e7os","og_description":"TERMOS E CONDI\u00c7\u00d5ES DE USO &nbsp; I \u2013 CADASTRAMENTO E ACEITA\u00c7\u00c3O DO USU\u00c1RIO 1.1 O Usu\u00e1rio declara ter conhecimento e estar de acordo que a utiliza\u00e7\u00e3o dos servi\u00e7os disponibilizados por A RESISTENCIA PROJETOS EM COMUNICACAO DESIGN LTDA, com sede na Av. do Pep\u00ea, 700 &#8211; Barra da Tijuca, Rio de Janeiro &#8211; RJ, 22620-170, sala [&hellip;]","og_url":"https:\/\/www.personare.com.br\/servicos\/termos-de-uso\/","og_site_name":"Personare Servi\u00e7os","article_modified_time":"2023-05-10T12:43:31+00:00","twitter_card":"summary_large_image","twitter_misc":{"Est. tempo de leitura":"11 minutos"},"schema":{"@context":"https:\/\/schema.org","@graph":[{"@type":"WebPage","@id":"https:\/\/www.personare.com.br\/servicos\/termos-de-uso\/","url":"https:\/\/www.personare.com.br\/servicos\/termos-de-uso\/","name":"Termos de Uso - Consultas e Servi\u00e7os de Assinaturas Online - Personare Servi\u00e7os","isPartOf":{"@id":"https:\/\/www.personare.com.br\/servicos\/#website"},"datePublished":"2021-06-09T18:55:28+00:00","dateModified":"2023-05-10T12:43:31+00:00","breadcrumb":{"@id":"https:\/\/www.personare.com.br\/servicos\/termos-de-uso\/#breadcrumb"},"inLanguage":"pt-BR","potentialAction":[{"@type":"ReadAction","target":["https:\/\/www.personare.com.br\/servicos\/termos-de-uso\/"]}]},{"@type":"BreadcrumbList","@id":"https:\/\/www.personare.com.br\/servicos\/termos-de-uso\/#breadcrumb","itemListElement":[{"@type":"ListItem","position":1,"name":"In\u00edcio","item":"https:\/\/www.personare.com.br\/servicos\/"},{"@type":"ListItem","position":2,"name":"Termos de Uso &#8211; Consultas e Servi\u00e7os de Assinaturas Online"}]},{"@type":"WebSite","@id":"https:\/\/www.personare.com.br\/servicos\/#website","url":"https:\/\/www.personare.com.br\/servicos\/","name":"Personare Servi\u00e7os","description":"Agende Consultas e Terapias Online no Personare","publisher":{"@id":"https:\/\/www.personare.com.br\/servicos\/#organization"},"potentialAction":[{"@type":"SearchAction","target":{"@type":"EntryPoint","urlTemplate":"https:\/\/www.personare.com.br\/servicos\/?s={search_term_string}"},"query-input":"required name=search_term_string"}],"inLanguage":"pt-BR"},{"@type":"Organization","@id":"https:\/\/www.personare.com.br\/servicos\/#organization","name":"Personare","url":"https:\/\/www.personare.com.br\/servicos\/","sameAs":[],"logo":{"@type":"ImageObject","inLanguage":"pt-BR","@id":"https:\/\/www.personare.com.br\/servicos\/#\/schema\/logo\/image\/","url":"https:\/\/d2t4cfkrxg4dhd.cloudfront.net\/app\/uploads\/2021\/04\/70295ca5d3b1be44570b5e6d0854fa942edb2ab6.png","contentUrl":"https:\/\/d2t4cfkrxg4dhd.cloudfront.net\/app\/uploads\/2021\/04\/70295ca5d3b1be44570b5e6d0854fa942edb2ab6.png","width":650,"height":554,"caption":"Personare"},"image":{"@id":"https:\/\/www.personare.com.br\/servicos\/#\/schema\/logo\/image\/"}}]}},"_links":{"self":[{"href":"https:\/\/www.personare.com.br\/servicos\/wp-json\/wp\/v2\/pages\/402"}],"collection":[{"href":"https:\/\/www.personare.com.br\/servicos\/wp-json\/wp\/v2\/pages"}],"about":[{"href":"https:\/\/www.personare.com.br\/servicos\/wp-json\/wp\/v2\/types\/page"}],"author":[{"embeddable":true,"href":"https:\/\/www.personare.com.br\/servicos\/wp-json\/wp\/v2\/users\/57"}],"replies":[{"embeddable":true,"href":"https:\/\/www.personare.com.br\/servicos\/wp-json\/wp\/v2\/comments?post=402"}],"version-history":[{"count":2,"href":"https:\/\/www.personare.com.br\/servicos\/wp-json\/wp\/v2\/pages\/402\/revisions"}],"predecessor-version":[{"id":7145,"href":"https:\/\/www.personare.com.br\/servicos\/wp-json\/wp\/v2\/pages\/402\/revisions\/7145"}],"wp:attachment":[{"href":"https:\/\/www.personare.com.br\/servicos\/wp-json\/wp\/v2\/media?parent=402"}],"curies":[{"name":"wp","href":"https:\/\/api.w.org\/{rel}","templated":true}]}}