{"id":365,"date":"2021-05-28T11:33:31","date_gmt":"2021-05-28T14:33:31","guid":{"rendered":"https:\/\/stage.personare.com.br\/servicos\/?page_id=365"},"modified":"2021-06-04T14:23:22","modified_gmt":"2021-06-04T17:23:22","slug":"privacidade","status":"publish","type":"page","link":"https:\/\/www.personare.com.br\/servicos\/privacidade\/","title":{"rendered":"Privacidade"},"content":{"rendered":"<p>Preservar sua privacidade \u00e9 um compromisso do&nbsp;<strong>Personare<\/strong>. N\u00e3o lhe mandaremos e-mails ou passaremos seus dados individuais para qualquer outra entidade e empresas sem sua expressa permiss\u00e3o. Exceto quando exigido por Lei ou por ordem judicial.<\/p><p>Os princ\u00edpios de privacidade do&nbsp;<strong>Personare<\/strong>&nbsp;seguem as melhores pr\u00e1ticas internacionais e obedecem rigorosamente \u00e0s diretrizes do TRUSTE.org, Better Business Bureau OnLine Privacy Program, Online Privacy Alliance e (entidade e\/ou programas independentes, sem fins lucrativos, com a miss\u00e3o de promover os princ\u00edpios de confidencialidade e privacidade na internet).<\/p><p>Com as informa\u00e7\u00f5es que voc\u00ea disponibiliza para o<strong>&nbsp;Personare<\/strong>, procuramos propiciar-lhe uma experi\u00eancia mais personalizada, de acordo com o seu perfil.<\/p><p><strong><em>Question\u00e1rios, Pesquisas e Dados Pessoais<\/em><\/strong><\/p><p>Solicitamos aos usu\u00e1rios e membros do&nbsp;<strong>Personare&nbsp;<\/strong>question\u00e1rios opcionais, mas n\u00e3o iremos fornecer informa\u00e7\u00f5es pessoais de um determinado usu\u00e1rio ou membro sem o pr\u00e9vio consentimento. Exceto quando exigido por Lei ou por ordem judicial.<\/p><p>Tamb\u00e9m solicitamos que nossos usu\u00e1rios e membros nos informem suas prefer\u00eancias pessoais. A \u00e1rea personalizada do&nbsp;<strong>Personare<\/strong>&nbsp;tamb\u00e9m inclui quest\u00f5es opcionais acerca de dados pessoais, interesses etc.<\/p><p>Ocasionalmente, o&nbsp;<strong>Personare<\/strong>&nbsp;estar\u00e1 realizando pesquisas e question\u00e1rios. Essas pesquisas s\u00e3o opcionais e a utiliza\u00e7\u00e3o destas informa\u00e7\u00f5es ser\u00e1 explicada na ocasi\u00e3o da pesquisa.<\/p><p>Tamb\u00e9m ocasionalmente, poderemos utilizar alguns dados de seu perfil para a tabula\u00e7\u00e3o de pesquisas e perfis, mas sempre de forma agregada. Por exemplo: X% dos respondentes da pesquisa t\u00eam entre 21 e 30 anos e Y% residem no estado de S\u00e3o Paulo.<\/p><h2 class=\"wp-block-heading\"><strong>UTILIZA\u00c7\u00c3O DE &#8220;COOKIES&#8221;<\/strong><\/h2><p>No&nbsp;<strong>Personare<\/strong>, s\u00e3o utilizadas ferramentas conhecidas como \u201ccookies\u201d, que permitem a identifica\u00e7\u00e3o do usu\u00e1rio \u00e0 medida que navega pelas diversas p\u00e1ginas do site. Com isso, busca-se evitar que o usu\u00e1rio tenha que fornecer seus dados de identifica\u00e7\u00e3o para acessar cada p\u00e1gina diferente. Uma vez fechado o browser, os \u201ccookies\u201d ficam sem efeito.<\/p><p>Os \u201ccookies\u201d utilizados s\u00e3o para armazenar alguns dados relativos \u00e0 sess\u00e3o de usu\u00e1rio que voc\u00ea inicia cada vez que entra no site. Esses dados s\u00e3o de natureza t\u00e9cnica. Por exemplo: n\u00f3s poderemos utilizar uma outra empresa para administrar a publica\u00e7\u00e3o de banners publicit\u00e1rios em nosso site. Essa atividade de publicidade pode usar &#8220;cookies&#8221;. Esses &#8220;cookies&#8221; coletam informa\u00e7\u00f5es para essa outra empresa e n\u00f3s n\u00e3o temos acesso a esses dados.<\/p><p>O usu\u00e1rio ter\u00e1 sempre a possibilidade de alterar, atualizar ou corrigir as informa\u00e7\u00f5es disponibilizadas no&nbsp;<strong>Personare<\/strong>. Para isso, basta que o usu\u00e1rio acesse a p\u00e1gina&nbsp;<a href=\"https:\/\/www.personare.com.br\/seu-perfil\">Seu Perfil<\/a>&nbsp;em nosso site e edite suas informa\u00e7\u00f5es e prefer\u00eancias pessoais.&nbsp;<\/p><p>\u00c9 muito importante se atentar a essas informa\u00e7\u00f5es na hora de fazer qualquer an\u00e1lise em nosso site.Em caso de d\u00favidas ou dificuldades, basta entrar em contato com a nossa Central de Atendimento pelo chat, de segunda a sexta, das 8h \u00e0s 20h, ou mande um e-mail para&nbsp;<a href=\"mailto:atendimento@personare.com.br\">atendimento@personare.com.br<\/a><\/p><h2 class=\"wp-block-heading\"><strong>INFORMA\u00c7\u00d5ES SOBRE SEGURAN\u00c7A<\/strong><\/h2><p>s dados dos usu\u00e1rios&nbsp;<strong>Personare<\/strong>&nbsp;estar\u00e3o protegidos para assegurar a sua privacidade e autenticidade \u00e0 medida em que trafegam pela internet. Isso permite que ningu\u00e9m possa interferir, interceptar ou acessar esses dados. Contanto, \u00e9 claro, que o usu\u00e1rio mantenha suas informa\u00e7\u00f5es, login de acesso e senha, em sigilo e seguros. \u00c9 muito importante n\u00e3o compartilhar sua senha pessoal com ningu\u00e9m.Os esfor\u00e7os realizados pelo&nbsp;<strong>Personare<\/strong>&nbsp;para reduzir a probabilidade de divulga\u00e7\u00e3o acidental de informa\u00e7\u00f5es ou acesso n\u00e3o-autorizado s\u00e3o seguidos tamb\u00e9m do reconhecimento de que \u00e9 imposs\u00edvel eliminar essa possibilidade por completo. Isso se deve \u00e0 estrutura da internet e a motivos de for\u00e7a maior.<\/p><h2 class=\"wp-block-heading\"><strong>SINCRONIZA\u00c7\u00c3O COM O GOOGLE CALENDAR<\/strong><\/h2><p>Realizamos a sincroniza\u00e7\u00e3o com o google calendar, utilizando a conta pessoal dos profissionais que prestam atendimentos por interm\u00e9dio da plataforma de agendamento de servi\u00e7os em https:\/\/www.personare.com.br\/servicos.  Essa sincroniza\u00e7\u00e3o tem o objetivo de salvar eventos nas agendas das contas registradas e facilitar o gerenciamento dos eventos particulares e o oferecimento de dias e hor\u00e1rios condizentes com a disponibilidade do especialista. Al\u00e9m disso, os eventos salvos automaticamente no calend\u00e1rio de cada profissional, ajudam na fun\u00e7\u00e3o de envios de  notifica\u00e7\u00f5es \/ lembretes a respeito dos compromissos firmados entre clientes e especialistas.<\/p><p>Para realizar a sincroniza\u00e7\u00e3o com o Google Calendar, nossos especialistas fazem o login em nossa plataforma utilizando a conta do Gmail e concordam que utilizaremos a API para verificar eventos e compromissos salvos em suas contas pessoais.  Esta API tamb\u00e9m funciona como uma via de m\u00e3o dupla, pois a partir do momento que o calend\u00e1rio estiver sincronizando, todas as compras de compromissos realizadas por interm\u00e9dio de nossa plataforma, ser\u00e3o automaticamente registradas como novos compromissos (ou eventos) no calend\u00e1rio dos prestadores de servi\u00e7os.  <\/p><h3 class=\"wp-block-heading\">A\u00e7\u00f5es que nosso sistema utiliza via API do Google Calendar<\/h3><p><strong>See <\/strong>&#8211; Verificar compromissos j\u00e1 firmados e disponilidade da agenda do especialista, para sincroniza\u00e7\u00e3o com os hor\u00e1rios ofertados para venda no Front-end<br><strong>Edit<\/strong> &#8211; Criar novos servi\u00e7os ou modifica-los de acordo com as din\u00e2micas de agendamento no sistema<br><strong>Share<\/strong> &#8211; Compartilhamento de compromissos agendados via e-mail e sms, tanto com clientes quanto os pr\u00f3prios especialistas prestadores de servi\u00e7os.<br><\/p><p>Se voc\u00ea tiver qualquer d\u00favida ou pergunta sobre sua privacidade no site\u00a0<strong>Personare<\/strong>, fale conosco pelo e-mail\u00a0<a href=\"mailto:atendimento@personare.com.br\">atendimento@personare.com.br<\/a><\/p>","protected":false},"excerpt":{"rendered":"<p>Preservar sua privacidade \u00e9 um compromisso do&nbsp;Personare. N\u00e3o lhe mandaremos e-mails ou passaremos seus dados individuais para qualquer outra entidade e empresas sem sua expressa permiss\u00e3o. Exceto quando exigido por Lei ou por ordem judicial. Os princ\u00edpios de privacidade do&nbsp;Personare&nbsp;seguem as melhores pr\u00e1ticas internacionais e obedecem rigorosamente \u00e0s diretrizes do TRUSTE.org, Better Business Bureau OnLine [&hellip;]<\/p>\n","protected":false},"author":26,"featured_media":0,"parent":0,"menu_order":0,"comment_status":"closed","ping_status":"closed","template":"","meta":{"_acf_changed":false,"footnotes":""},"acf":[],"yoast_head":"<!-- This site is optimized with the Yoast SEO plugin v19.6.1 - https:\/\/yoast.com\/wordpress\/plugins\/seo\/ -->\n<title>Privacidade - Personare Servi\u00e7os<\/title>\n<meta name=\"robots\" content=\"index, nofollow, max-snippet:-1, max-image-preview:large, max-video-preview:-1\" \/>\n<link rel=\"canonical\" href=\"https:\/\/www.personare.com.br\/servicos\/privacidade\/\" \/>\n<meta property=\"og:locale\" content=\"pt_BR\" \/>\n<meta property=\"og:type\" content=\"article\" \/>\n<meta property=\"og:title\" content=\"Privacidade - Personare Servi\u00e7os\" \/>\n<meta property=\"og:description\" content=\"Preservar sua privacidade \u00e9 um compromisso do&nbsp;Personare. N\u00e3o lhe mandaremos e-mails ou passaremos seus dados individuais para qualquer outra entidade e empresas sem sua expressa permiss\u00e3o. Exceto quando exigido por Lei ou por ordem judicial. Os princ\u00edpios de privacidade do&nbsp;Personare&nbsp;seguem as melhores pr\u00e1ticas internacionais e obedecem rigorosamente \u00e0s diretrizes do TRUSTE.org, Better Business Bureau OnLine [&hellip;]\" \/>\n<meta property=\"og:url\" content=\"https:\/\/www.personare.com.br\/servicos\/privacidade\/\" \/>\n<meta property=\"og:site_name\" content=\"Personare Servi\u00e7os\" \/>\n<meta property=\"article:modified_time\" content=\"2021-06-04T17:23:22+00:00\" \/>\n<meta name=\"twitter:card\" content=\"summary_large_image\" \/>\n<meta name=\"twitter:label1\" content=\"Est. tempo de leitura\" \/>\n\t<meta name=\"twitter:data1\" content=\"4 minutos\" \/>\n<script type=\"application\/ld+json\" class=\"yoast-schema-graph\">{\"@context\":\"https:\/\/schema.org\",\"@graph\":[{\"@type\":\"WebPage\",\"@id\":\"https:\/\/www.personare.com.br\/servicos\/privacidade\/\",\"url\":\"https:\/\/www.personare.com.br\/servicos\/privacidade\/\",\"name\":\"Privacidade - Personare Servi\u00e7os\",\"isPartOf\":{\"@id\":\"https:\/\/www.personare.com.br\/servicos\/#website\"},\"datePublished\":\"2021-05-28T14:33:31+00:00\",\"dateModified\":\"2021-06-04T17:23:22+00:00\",\"breadcrumb\":{\"@id\":\"https:\/\/www.personare.com.br\/servicos\/privacidade\/#breadcrumb\"},\"inLanguage\":\"pt-BR\",\"potentialAction\":[{\"@type\":\"ReadAction\",\"target\":[\"https:\/\/www.personare.com.br\/servicos\/privacidade\/\"]}]},{\"@type\":\"BreadcrumbList\",\"@id\":\"https:\/\/www.personare.com.br\/servicos\/privacidade\/#breadcrumb\",\"itemListElement\":[{\"@type\":\"ListItem\",\"position\":1,\"name\":\"In\u00edcio\",\"item\":\"https:\/\/www.personare.com.br\/servicos\/\"},{\"@type\":\"ListItem\",\"position\":2,\"name\":\"Privacidade\"}]},{\"@type\":\"WebSite\",\"@id\":\"https:\/\/www.personare.com.br\/servicos\/#website\",\"url\":\"https:\/\/www.personare.com.br\/servicos\/\",\"name\":\"Personare Servi\u00e7os\",\"description\":\"Agende Consultas e Terapias Online no Personare\",\"publisher\":{\"@id\":\"https:\/\/www.personare.com.br\/servicos\/#organization\"},\"potentialAction\":[{\"@type\":\"SearchAction\",\"target\":{\"@type\":\"EntryPoint\",\"urlTemplate\":\"https:\/\/www.personare.com.br\/servicos\/?s={search_term_string}\"},\"query-input\":\"required name=search_term_string\"}],\"inLanguage\":\"pt-BR\"},{\"@type\":\"Organization\",\"@id\":\"https:\/\/www.personare.com.br\/servicos\/#organization\",\"name\":\"Personare\",\"url\":\"https:\/\/www.personare.com.br\/servicos\/\",\"sameAs\":[],\"logo\":{\"@type\":\"ImageObject\",\"inLanguage\":\"pt-BR\",\"@id\":\"https:\/\/www.personare.com.br\/servicos\/#\/schema\/logo\/image\/\",\"url\":\"https:\/\/d2t4cfkrxg4dhd.cloudfront.net\/app\/uploads\/2021\/04\/70295ca5d3b1be44570b5e6d0854fa942edb2ab6.png\",\"contentUrl\":\"https:\/\/d2t4cfkrxg4dhd.cloudfront.net\/app\/uploads\/2021\/04\/70295ca5d3b1be44570b5e6d0854fa942edb2ab6.png\",\"width\":650,\"height\":554,\"caption\":\"Personare\"},\"image\":{\"@id\":\"https:\/\/www.personare.com.br\/servicos\/#\/schema\/logo\/image\/\"}}]}<\/script>\n<!-- \/ Yoast SEO plugin. -->","yoast_head_json":{"title":"Privacidade - Personare Servi\u00e7os","robots":{"index":"index","follow":"nofollow","max-snippet":"max-snippet:-1","max-image-preview":"max-image-preview:large","max-video-preview":"max-video-preview:-1"},"canonical":"https:\/\/www.personare.com.br\/servicos\/privacidade\/","og_locale":"pt_BR","og_type":"article","og_title":"Privacidade - Personare Servi\u00e7os","og_description":"Preservar sua privacidade \u00e9 um compromisso do&nbsp;Personare. N\u00e3o lhe mandaremos e-mails ou passaremos seus dados individuais para qualquer outra entidade e empresas sem sua expressa permiss\u00e3o. Exceto quando exigido por Lei ou por ordem judicial. Os princ\u00edpios de privacidade do&nbsp;Personare&nbsp;seguem as melhores pr\u00e1ticas internacionais e obedecem rigorosamente \u00e0s diretrizes do TRUSTE.org, Better Business Bureau OnLine [&hellip;]","og_url":"https:\/\/www.personare.com.br\/servicos\/privacidade\/","og_site_name":"Personare Servi\u00e7os","article_modified_time":"2021-06-04T17:23:22+00:00","twitter_card":"summary_large_image","twitter_misc":{"Est. tempo de leitura":"4 minutos"},"schema":{"@context":"https:\/\/schema.org","@graph":[{"@type":"WebPage","@id":"https:\/\/www.personare.com.br\/servicos\/privacidade\/","url":"https:\/\/www.personare.com.br\/servicos\/privacidade\/","name":"Privacidade - Personare Servi\u00e7os","isPartOf":{"@id":"https:\/\/www.personare.com.br\/servicos\/#website"},"datePublished":"2021-05-28T14:33:31+00:00","dateModified":"2021-06-04T17:23:22+00:00","breadcrumb":{"@id":"https:\/\/www.personare.com.br\/servicos\/privacidade\/#breadcrumb"},"inLanguage":"pt-BR","potentialAction":[{"@type":"ReadAction","target":["https:\/\/www.personare.com.br\/servicos\/privacidade\/"]}]},{"@type":"BreadcrumbList","@id":"https:\/\/www.personare.com.br\/servicos\/privacidade\/#breadcrumb","itemListElement":[{"@type":"ListItem","position":1,"name":"In\u00edcio","item":"https:\/\/www.personare.com.br\/servicos\/"},{"@type":"ListItem","position":2,"name":"Privacidade"}]},{"@type":"WebSite","@id":"https:\/\/www.personare.com.br\/servicos\/#website","url":"https:\/\/www.personare.com.br\/servicos\/","name":"Personare Servi\u00e7os","description":"Agende Consultas e Terapias Online no Personare","publisher":{"@id":"https:\/\/www.personare.com.br\/servicos\/#organization"},"potentialAction":[{"@type":"SearchAction","target":{"@type":"EntryPoint","urlTemplate":"https:\/\/www.personare.com.br\/servicos\/?s={search_term_string}"},"query-input":"required name=search_term_string"}],"inLanguage":"pt-BR"},{"@type":"Organization","@id":"https:\/\/www.personare.com.br\/servicos\/#organization","name":"Personare","url":"https:\/\/www.personare.com.br\/servicos\/","sameAs":[],"logo":{"@type":"ImageObject","inLanguage":"pt-BR","@id":"https:\/\/www.personare.com.br\/servicos\/#\/schema\/logo\/image\/","url":"https:\/\/d2t4cfkrxg4dhd.cloudfront.net\/app\/uploads\/2021\/04\/70295ca5d3b1be44570b5e6d0854fa942edb2ab6.png","contentUrl":"https:\/\/d2t4cfkrxg4dhd.cloudfront.net\/app\/uploads\/2021\/04\/70295ca5d3b1be44570b5e6d0854fa942edb2ab6.png","width":650,"height":554,"caption":"Personare"},"image":{"@id":"https:\/\/www.personare.com.br\/servicos\/#\/schema\/logo\/image\/"}}]}},"_links":{"self":[{"href":"https:\/\/www.personare.com.br\/servicos\/wp-json\/wp\/v2\/pages\/365"}],"collection":[{"href":"https:\/\/www.personare.com.br\/servicos\/wp-json\/wp\/v2\/pages"}],"about":[{"href":"https:\/\/www.personare.com.br\/servicos\/wp-json\/wp\/v2\/types\/page"}],"author":[{"embeddable":true,"href":"https:\/\/www.personare.com.br\/servicos\/wp-json\/wp\/v2\/users\/26"}],"replies":[{"embeddable":true,"href":"https:\/\/www.personare.com.br\/servicos\/wp-json\/wp\/v2\/comments?post=365"}],"version-history":[{"count":4,"href":"https:\/\/www.personare.com.br\/servicos\/wp-json\/wp\/v2\/pages\/365\/revisions"}],"predecessor-version":[{"id":399,"href":"https:\/\/www.personare.com.br\/servicos\/wp-json\/wp\/v2\/pages\/365\/revisions\/399"}],"wp:attachment":[{"href":"https:\/\/www.personare.com.br\/servicos\/wp-json\/wp\/v2\/media?parent=365"}],"curies":[{"name":"wp","href":"https:\/\/api.w.org\/{rel}","templated":true}]}}